{"id":699090,"date":"2025-08-27T14:49:07","date_gmt":"2025-08-27T11:49:07","guid":{"rendered":"https:\/\/roveyayinevi.com.tr\/index.php\/urun\/elsanin-gozleri\/"},"modified":"2025-09-23T16:06:59","modified_gmt":"2025-09-23T13:06:59","slug":"elsanin-gozleri","status":"publish","type":"product","link":"https:\/\/roveyayinevi.com.tr\/index.php\/urun\/elsanin-gozleri\/","title":{"rendered":"Elsa&#8217;n\u0131n G\u00f6zleri"},"content":{"rendered":"<p>(\u2026) Bu radyumu uranyum ta\u015f\u0131ndan elde ettim Yakt\u0131m elimi onun yasak alevinde ben Sen ey cennetim benim y\u00fcz kez bulunup yiten G\u00f6zlerin Peru\u2019m benim Hint\u2019teki alt\u0131n kentim   Bu ak\u015fam parampar\u00e7a oldu evren ans\u0131z\u0131n Korsanlar\u0131n ate\u015fe verdi\u011fi kayal\u0131kta Bakt\u0131m deniz \u00fcst\u00fcnde \u0131\u015f\u0131l \u0131\u015f\u0131l yanmakta Elsa\u2019n\u0131n o g\u00f6zleri o g\u00f6zleri Elsa\u2019n\u0131n <\/p>\n","protected":false},"excerpt":{"rendered":"<p>(\u2026) Bu radyumu uranyum ta\u015f\u0131ndan elde ettim Yakt\u0131m elimi onun yasak alevinde ben Sen ey cennetim benim y\u00fcz kez bulunup yiten G\u00f6zlerin Peru\u2019m benim Hint\u2019teki alt\u0131n<span class=\"excerpt-hellip\"> [\u2026]<\/span><\/p>\n","protected":false},"featured_media":0,"template":"","meta":{"_monsterinsights_skip_tracking":false,"_monsterinsights_sitenote_active":false,"_monsterinsights_sitenote_note":"","_monsterinsights_sitenote_category":0},"product_brand":[],"product_cat":[12291,12509],"product_tag":[],"class_list":{"0":"post-699090","1":"product","2":"type-product","3":"status-publish","5":"product_cat-edebiyat","6":"product_cat-siir","7":"pa_cilt-ciltsiz","8":"pa_tur-kitap","9":"pa_yayinevi-islik-yayinlari","10":"pa_yazar-louis-aragon","12":"first","13":"instock","14":"sale","15":"shipping-taxable","16":"purchasable","17":"product-type-simple"},"_links":{"self":[{"href":"https:\/\/roveyayinevi.com.tr\/index.php\/wp-json\/wp\/v2\/product\/699090","targetHints":{"allow":["GET"]}}],"collection":[{"href":"https:\/\/roveyayinevi.com.tr\/index.php\/wp-json\/wp\/v2\/product"}],"about":[{"href":"https:\/\/roveyayinevi.com.tr\/index.php\/wp-json\/wp\/v2\/types\/product"}],"wp:attachment":[{"href":"https:\/\/roveyayinevi.com.tr\/index.php\/wp-json\/wp\/v2\/media?parent=699090"}],"wp:term":[{"taxonomy":"product_brand","embeddable":true,"href":"https:\/\/roveyayinevi.com.tr\/index.php\/wp-json\/wp\/v2\/product_brand?post=699090"},{"taxonomy":"product_cat","embeddable":true,"href":"https:\/\/roveyayinevi.com.tr\/index.php\/wp-json\/wp\/v2\/product_cat?post=699090"},{"taxonomy":"product_tag","embeddable":true,"href":"https:\/\/roveyayinevi.com.tr\/index.php\/wp-json\/wp\/v2\/product_tag?post=699090"}],"curies":[{"name":"wp","href":"https:\/\/api.w.org\/{rel}","templated":true}]}}