{"id":699084,"date":"2025-08-27T14:49:06","date_gmt":"2025-08-27T11:49:06","guid":{"rendered":"https:\/\/roveyayinevi.com.tr\/index.php\/urun\/bir-yasdonumu-ruyasi\/"},"modified":"2026-04-16T02:08:24","modified_gmt":"2026-04-15T23:08:24","slug":"bir-yasdonumu-ruyasi","status":"publish","type":"product","link":"https:\/\/roveyayinevi.com.tr\/index.php\/urun\/bir-yasdonumu-ruyasi\/","title":{"rendered":"Bir Ya\u015fd\u00f6n\u00fcm\u00fc R\u00fcyas\u0131"},"content":{"rendered":"<p>Edebiyat\u0131 ya\u015fam\u0131n sorgulanma alanlar\u0131ndan biri olarak g\u00f6ren Erendiz Atas\u00fc, yap\u0131tlar\u0131nda yak\u0131n ge\u00e7mi\u015fle, yak\u0131n ge\u00e7mi\u015fin bilin\u00e7alt\u0131m\u0131z\u0131 dokuyan izlekleriyle ve cinselli\u011fimizin toplumsal belirlenmi\u015fli\u011fiyle tart\u0131\u015fan bir yazar. Atas\u00fc\u2019n\u00fcn en \u00f6nemli yap\u0131tlar\u0131ndan biri olan Bir Ya\u015fd\u00f6n\u00fcm\u00fc R\u00fcyas\u0131 da konusunu yak\u0131n tarihin kad\u0131nl\u0131k imgelerinden al\u0131yor. <\/p>\n","protected":false},"excerpt":{"rendered":"<p>Edebiyat\u0131 ya\u015fam\u0131n sorgulanma alanlar\u0131ndan biri olarak g\u00f6ren Erendiz Atas\u00fc, yap\u0131tlar\u0131nda yak\u0131n ge\u00e7mi\u015fle, yak\u0131n ge\u00e7mi\u015fin bilin\u00e7alt\u0131m\u0131z\u0131 dokuyan izlekleriyle ve cinselli\u011fimizin toplumsal belirlenmi\u015fli\u011fiyle tart\u0131\u015fan bir yazar. Atas\u00fc\u2019n\u00fcn en<span class=\"excerpt-hellip\"> [\u2026]<\/span><\/p>\n","protected":false},"featured_media":0,"template":"","meta":{"_monsterinsights_skip_tracking":false,"_monsterinsights_sitenote_active":false,"_monsterinsights_sitenote_note":"","_monsterinsights_sitenote_category":0},"product_brand":[],"product_cat":[12291,12292],"product_tag":[],"class_list":{"0":"post-699084","1":"product","2":"type-product","3":"status-publish","5":"product_cat-edebiyat","6":"product_cat-turk-edebiyati","7":"pa_tur-kitap","8":"pa_yayinevi-everest-yayinlari","9":"pa_yazar-erendiz-atasu","11":"first","12":"instock","13":"sale","14":"shipping-taxable","15":"purchasable","16":"product-type-simple"},"_links":{"self":[{"href":"https:\/\/roveyayinevi.com.tr\/index.php\/wp-json\/wp\/v2\/product\/699084","targetHints":{"allow":["GET"]}}],"collection":[{"href":"https:\/\/roveyayinevi.com.tr\/index.php\/wp-json\/wp\/v2\/product"}],"about":[{"href":"https:\/\/roveyayinevi.com.tr\/index.php\/wp-json\/wp\/v2\/types\/product"}],"wp:attachment":[{"href":"https:\/\/roveyayinevi.com.tr\/index.php\/wp-json\/wp\/v2\/media?parent=699084"}],"wp:term":[{"taxonomy":"product_brand","embeddable":true,"href":"https:\/\/roveyayinevi.com.tr\/index.php\/wp-json\/wp\/v2\/product_brand?post=699084"},{"taxonomy":"product_cat","embeddable":true,"href":"https:\/\/roveyayinevi.com.tr\/index.php\/wp-json\/wp\/v2\/product_cat?post=699084"},{"taxonomy":"product_tag","embeddable":true,"href":"https:\/\/roveyayinevi.com.tr\/index.php\/wp-json\/wp\/v2\/product_tag?post=699084"}],"curies":[{"name":"wp","href":"https:\/\/api.w.org\/{rel}","templated":true}]}}