{"id":699075,"date":"2025-08-27T14:49:03","date_gmt":"2025-08-27T11:49:03","guid":{"rendered":"https:\/\/roveyayinevi.com.tr\/index.php\/urun\/gezgin-cambazlar\/"},"modified":"2026-04-16T02:08:24","modified_gmt":"2026-04-15T23:08:24","slug":"gezgin-cambazlar","status":"publish","type":"product","link":"https:\/\/roveyayinevi.com.tr\/index.php\/urun\/gezgin-cambazlar\/","title":{"rendered":"Gezgin Cambazlar"},"content":{"rendered":"<p>Her g\u00fcn ba\u015fka bir kasabada, her ak\u015fam ba\u015fka bir handa, koca bir \u00e7ad\u0131r\u0131 kurup toplayarak ge\u00e7en ve onca yorgunlu\u011fa ra\u011fmen, seyircinin kar\u015f\u0131s\u0131na her zaman g\u00fclen bir y\u00fczle \u00e7\u0131kmak zorunda olduklar\u0131 bir hayat bu\u2026 B\u00fct\u00fcn bu ko\u015fu\u015fturmaca yetmezmi\u015f gibi, kalan zamanlarda da zorlu ko\u015fullar alt\u0131nda seyahat edip duruyor, hayatlar\u0131n\u0131 tekerlekler \u00fczerindeki bir evde ge\u00e7iriyorlar! \ufffcTan\u0131t\u0131m Metni<\/p>\n","protected":false},"excerpt":{"rendered":"<p>Her g\u00fcn ba\u015fka bir kasabada, her ak\u015fam ba\u015fka bir handa, koca bir \u00e7ad\u0131r\u0131 kurup toplayarak ge\u00e7en ve onca yorgunlu\u011fa ra\u011fmen, seyircinin kar\u015f\u0131s\u0131na her zaman g\u00fclen bir<span class=\"excerpt-hellip\"> [\u2026]<\/span><\/p>\n","protected":false},"featured_media":0,"template":"","meta":{"_monsterinsights_skip_tracking":false,"_monsterinsights_sitenote_active":false,"_monsterinsights_sitenote_note":"","_monsterinsights_sitenote_category":0},"product_brand":[],"product_cat":[12274,12284],"product_tag":[],"class_list":{"0":"post-699075","1":"product","2":"type-product","3":"status-publish","5":"product_cat-cocuk-ve-genclik-kitaplari","6":"product_cat-hikayeler","7":"pa_cilt-ciltsiz","8":"pa_tur-kitap","9":"pa_yayinevi-arkadas-yayinlari","10":"pa_yazar-jules-verne","12":"first","13":"instock","14":"sale","15":"shipping-taxable","16":"purchasable","17":"product-type-simple"},"_links":{"self":[{"href":"https:\/\/roveyayinevi.com.tr\/index.php\/wp-json\/wp\/v2\/product\/699075","targetHints":{"allow":["GET"]}}],"collection":[{"href":"https:\/\/roveyayinevi.com.tr\/index.php\/wp-json\/wp\/v2\/product"}],"about":[{"href":"https:\/\/roveyayinevi.com.tr\/index.php\/wp-json\/wp\/v2\/types\/product"}],"wp:attachment":[{"href":"https:\/\/roveyayinevi.com.tr\/index.php\/wp-json\/wp\/v2\/media?parent=699075"}],"wp:term":[{"taxonomy":"product_brand","embeddable":true,"href":"https:\/\/roveyayinevi.com.tr\/index.php\/wp-json\/wp\/v2\/product_brand?post=699075"},{"taxonomy":"product_cat","embeddable":true,"href":"https:\/\/roveyayinevi.com.tr\/index.php\/wp-json\/wp\/v2\/product_cat?post=699075"},{"taxonomy":"product_tag","embeddable":true,"href":"https:\/\/roveyayinevi.com.tr\/index.php\/wp-json\/wp\/v2\/product_tag?post=699075"}],"curies":[{"name":"wp","href":"https:\/\/api.w.org\/{rel}","templated":true}]}}