{"id":699074,"date":"2025-08-27T14:49:03","date_gmt":"2025-08-27T11:49:03","guid":{"rendered":"https:\/\/roveyayinevi.com.tr\/index.php\/urun\/muzik-seruveni-porte-cok-amacli-muzik-kitabi-1-4-siniflar-icin\/"},"modified":"2026-04-16T02:08:24","modified_gmt":"2026-04-15T23:08:24","slug":"muzik-seruveni-porte-cok-amacli-muzik-kitabi-1-4-siniflar-icin","status":"publish","type":"product","link":"https:\/\/roveyayinevi.com.tr\/index.php\/urun\/muzik-seruveni-porte-cok-amacli-muzik-kitabi-1-4-siniflar-icin\/","title":{"rendered":"M\u00fczik Ser\u00fcveni &#8211; Porte \u00c7ok Ama\u00e7l\u0131 M\u00fczik Kitab\u0131 (1. &#8211; 4. S\u0131n\u0131flar \u0130\u00e7in)"},"content":{"rendered":"<p>1-4. S\u0131n\u0131flara tavsiye Edilir. 8 Geni\u015f Porteli, Tamam\u0131 52 Sayfa, Teorik A\u00e7\u0131klamal\u0131, Dosyal\u0131 Arka Kapak \ufffcTan\u0131t\u0131m Metni<\/p>\n","protected":false},"excerpt":{"rendered":"<p>1-4. S\u0131n\u0131flara tavsiye Edilir. 8 Geni\u015f Porteli, Tamam\u0131 52 Sayfa, Teorik A\u00e7\u0131klamal\u0131, Dosyal\u0131 Arka Kapak \ufffcTan\u0131t\u0131m Metni<\/p>\n","protected":false},"featured_media":0,"template":"","meta":{"_monsterinsights_skip_tracking":false,"_monsterinsights_sitenote_active":false,"_monsterinsights_sitenote_note":"","_monsterinsights_sitenote_category":0},"product_brand":[],"product_cat":[14556,14557],"product_tag":[],"class_list":{"0":"post-699074","1":"product","2":"type-product","3":"status-publish","5":"product_cat-muzik","6":"product_cat-nota-kitaplari","7":"pa_tur-kitap","8":"pa_yayinevi-porte-muzik-egitim-merkezi","9":"pa_yazar-ovunc-yaman","11":"first","12":"instock","13":"sale","14":"shipping-taxable","15":"purchasable","16":"product-type-simple"},"_links":{"self":[{"href":"https:\/\/roveyayinevi.com.tr\/index.php\/wp-json\/wp\/v2\/product\/699074","targetHints":{"allow":["GET"]}}],"collection":[{"href":"https:\/\/roveyayinevi.com.tr\/index.php\/wp-json\/wp\/v2\/product"}],"about":[{"href":"https:\/\/roveyayinevi.com.tr\/index.php\/wp-json\/wp\/v2\/types\/product"}],"wp:attachment":[{"href":"https:\/\/roveyayinevi.com.tr\/index.php\/wp-json\/wp\/v2\/media?parent=699074"}],"wp:term":[{"taxonomy":"product_brand","embeddable":true,"href":"https:\/\/roveyayinevi.com.tr\/index.php\/wp-json\/wp\/v2\/product_brand?post=699074"},{"taxonomy":"product_cat","embeddable":true,"href":"https:\/\/roveyayinevi.com.tr\/index.php\/wp-json\/wp\/v2\/product_cat?post=699074"},{"taxonomy":"product_tag","embeddable":true,"href":"https:\/\/roveyayinevi.com.tr\/index.php\/wp-json\/wp\/v2\/product_tag?post=699074"}],"curies":[{"name":"wp","href":"https:\/\/api.w.org\/{rel}","templated":true}]}}