{"id":699072,"date":"2025-08-27T14:49:03","date_gmt":"2025-08-27T11:49:03","guid":{"rendered":"https:\/\/roveyayinevi.com.tr\/index.php\/urun\/buzda-yuruyus-munih-paris\/"},"modified":"2026-01-21T02:14:02","modified_gmt":"2026-01-20T23:14:02","slug":"buzda-yuruyus-munih-paris","status":"publish","type":"product","link":"https:\/\/roveyayinevi.com.tr\/index.php\/urun\/buzda-yuruyus-munih-paris\/","title":{"rendered":"Buzda Y\u00fcr\u00fcy\u00fc\u015f \/ M\u00fcnih-Paris"},"content":{"rendered":"<p>Sadece k\u00fclt filmleriyle de\u011fil, ya\u015fam\u0131 ve d\u00fc\u015f\u00fcnceleriyle de s\u0131ra d\u0131\u015f\u0131 bir isim olan Werner Herzog\u2019dan benzersiz bir tecr\u00fcbenin kitab\u0131: Buzda Y\u00fcr\u00fcy\u00fc\u015f. \ufffcTan\u0131t\u0131m Metni<\/p>\n","protected":false},"excerpt":{"rendered":"<p>Sadece k\u00fclt filmleriyle de\u011fil, ya\u015fam\u0131 ve d\u00fc\u015f\u00fcnceleriyle de s\u0131ra d\u0131\u015f\u0131 bir isim olan Werner Herzog\u2019dan benzersiz bir tecr\u00fcbenin kitab\u0131: Buzda Y\u00fcr\u00fcy\u00fc\u015f. \ufffcTan\u0131t\u0131m Metni<\/p>\n","protected":false},"featured_media":0,"template":"","meta":{"_monsterinsights_skip_tracking":false,"_monsterinsights_sitenote_active":false,"_monsterinsights_sitenote_note":"","_monsterinsights_sitenote_category":0},"product_brand":[],"product_cat":[12782,12291],"product_tag":[],"class_list":{"0":"post-699072","1":"product","2":"type-product","3":"status-publish","5":"product_cat-alman-edebiyati","6":"product_cat-edebiyat","7":"pa_tur-kitap","8":"pa_yayinevi-jaguar-kitap","9":"pa_yazar-werner-herzog","11":"first","12":"instock","13":"sale","14":"shipping-taxable","15":"purchasable","16":"product-type-simple"},"_links":{"self":[{"href":"https:\/\/roveyayinevi.com.tr\/index.php\/wp-json\/wp\/v2\/product\/699072","targetHints":{"allow":["GET"]}}],"collection":[{"href":"https:\/\/roveyayinevi.com.tr\/index.php\/wp-json\/wp\/v2\/product"}],"about":[{"href":"https:\/\/roveyayinevi.com.tr\/index.php\/wp-json\/wp\/v2\/types\/product"}],"wp:attachment":[{"href":"https:\/\/roveyayinevi.com.tr\/index.php\/wp-json\/wp\/v2\/media?parent=699072"}],"wp:term":[{"taxonomy":"product_brand","embeddable":true,"href":"https:\/\/roveyayinevi.com.tr\/index.php\/wp-json\/wp\/v2\/product_brand?post=699072"},{"taxonomy":"product_cat","embeddable":true,"href":"https:\/\/roveyayinevi.com.tr\/index.php\/wp-json\/wp\/v2\/product_cat?post=699072"},{"taxonomy":"product_tag","embeddable":true,"href":"https:\/\/roveyayinevi.com.tr\/index.php\/wp-json\/wp\/v2\/product_tag?post=699072"}],"curies":[{"name":"wp","href":"https:\/\/api.w.org\/{rel}","templated":true}]}}