{"id":699069,"date":"2025-08-27T14:49:02","date_gmt":"2025-08-27T11:49:02","guid":{"rendered":"https:\/\/roveyayinevi.com.tr\/index.php\/urun\/cihan-padisahinin-kalp-agrilari\/"},"modified":"2026-04-16T02:08:24","modified_gmt":"2026-04-15T23:08:24","slug":"cihan-padisahinin-kalp-agrilari","status":"publish","type":"product","link":"https:\/\/roveyayinevi.com.tr\/index.php\/urun\/cihan-padisahinin-kalp-agrilari\/","title":{"rendered":"Cihan Padi\u015fah\u0131&#8217;n\u0131n Kalp A\u011fr\u0131lar\u0131"},"content":{"rendered":"<p>\u00dcn\u00fc d\u00fcnyaya yay\u0131lm\u0131\u015f bir Osmanl\u0131 padi\u015fah\u0131 Kanuni Sultan S\u00fcleyman. H\u00fck\u00fcmdarl\u0131\u011f\u0131 zaman\u0131nda \u00fclkede ya\u015fananlar, sava\u015f\u00e7\u0131 ve yay\u0131lmac\u0131 politikas\u0131, dillere destan zenginli\u011fi, H\u00fcrrem Sultan\u2019la ya\u015fad\u0131\u011f\u0131 b\u00fcy\u00fck a\u015fk ve \u00e7alkant\u0131l\u0131 birliktelik, g\u00f6zde o\u011fullar\u0131ndan birisi olan \u015fehzade Mustafa\u2019y\u0131 taht\u0131n\u0131 kaybetmek kayg\u0131s\u0131yla \u00f6ld\u00fcrtmesi\u2026 B\u00fct\u00fcn bunlar onu, \u00fczerine \u00e7ok d\u00fc\u015f\u00fcn\u00fclen ve yaz\u0131lan bir padi\u015fah yaparken, bir de \u015fiirleri \u00e7\u0131k\u0131yor meydana. Osmanl\u0131n\u0131n geleneksel \u015fiiri Divan \u015fiiriyle, aruz vezniyle yaz\u0131lm\u0131\u015f \u015fiirleri \u00fczerinden onun hayat hik\u00e2yesini kendi beyitleriyle s\u00fcsleyerek bize anlat\u0131yor bu kitap. \u00dcnl\u00fc oyun yazar\u0131 Recep Bilginer\u2019in titiz ara\u015ft\u0131rmalar sonucu beyitlerle harmanlayarak yazd\u0131\u011f\u0131 bu kitap, hem yaz\u0131ld\u0131\u011f\u0131 d\u00f6nem hakk\u0131nda, hem de Kanuni\u2019nin i\u00e7 d\u00fcnyas\u0131 hakk\u0131nda pek \u00e7ok \u015fey s\u00f6yl\u00fcyor. <\/p>\n","protected":false},"excerpt":{"rendered":"<p>\u00dcn\u00fc d\u00fcnyaya yay\u0131lm\u0131\u015f bir Osmanl\u0131 padi\u015fah\u0131 Kanuni Sultan S\u00fcleyman. H\u00fck\u00fcmdarl\u0131\u011f\u0131 zaman\u0131nda \u00fclkede ya\u015fananlar, sava\u015f\u00e7\u0131 ve yay\u0131lmac\u0131 politikas\u0131, dillere destan zenginli\u011fi, H\u00fcrrem Sultan\u2019la ya\u015fad\u0131\u011f\u0131 b\u00fcy\u00fck a\u015fk ve<span class=\"excerpt-hellip\"> [\u2026]<\/span><\/p>\n","protected":false},"featured_media":0,"template":"","meta":{"_monsterinsights_skip_tracking":false,"_monsterinsights_sitenote_active":false,"_monsterinsights_sitenote_note":"","_monsterinsights_sitenote_category":0},"product_brand":[],"product_cat":[13517,12304],"product_tag":[],"class_list":{"0":"post-699069","1":"product","2":"type-product","3":"status-publish","5":"product_cat-osmanli-tarihi","6":"product_cat-tarih","7":"pa_cilt-ciltsiz","8":"pa_tur-kitap","9":"pa_yayinevi-bencekitap","10":"pa_yazar-recep-bilginer","12":"first","13":"instock","14":"sale","15":"shipping-taxable","16":"purchasable","17":"product-type-simple"},"_links":{"self":[{"href":"https:\/\/roveyayinevi.com.tr\/index.php\/wp-json\/wp\/v2\/product\/699069","targetHints":{"allow":["GET"]}}],"collection":[{"href":"https:\/\/roveyayinevi.com.tr\/index.php\/wp-json\/wp\/v2\/product"}],"about":[{"href":"https:\/\/roveyayinevi.com.tr\/index.php\/wp-json\/wp\/v2\/types\/product"}],"wp:attachment":[{"href":"https:\/\/roveyayinevi.com.tr\/index.php\/wp-json\/wp\/v2\/media?parent=699069"}],"wp:term":[{"taxonomy":"product_brand","embeddable":true,"href":"https:\/\/roveyayinevi.com.tr\/index.php\/wp-json\/wp\/v2\/product_brand?post=699069"},{"taxonomy":"product_cat","embeddable":true,"href":"https:\/\/roveyayinevi.com.tr\/index.php\/wp-json\/wp\/v2\/product_cat?post=699069"},{"taxonomy":"product_tag","embeddable":true,"href":"https:\/\/roveyayinevi.com.tr\/index.php\/wp-json\/wp\/v2\/product_tag?post=699069"}],"curies":[{"name":"wp","href":"https:\/\/api.w.org\/{rel}","templated":true}]}}