{"id":699068,"date":"2025-08-27T14:49:01","date_gmt":"2025-08-27T11:49:01","guid":{"rendered":"https:\/\/roveyayinevi.com.tr\/index.php\/urun\/tez-nasil-yazilir\/"},"modified":"2026-04-16T02:08:24","modified_gmt":"2026-04-15T23:08:24","slug":"tez-nasil-yazilir","status":"publish","type":"product","link":"https:\/\/roveyayinevi.com.tr\/index.php\/urun\/tez-nasil-yazilir\/","title":{"rendered":"Tez Nas\u0131l Yaz\u0131l\u0131r"},"content":{"rendered":"<p>Master ve Doktora \u00f6\u011frencilerine tezlerini \u015fekillendirmede yard\u0131mc\u0131 ve ger\u00e7ek\u00e7i bir rehber. Ara\u015ft\u0131rmac\u0131lara de\u011ferli tavsiyeler ve pratik ipu\u00e7lar\u0131, teknikler veriyor. Yararl\u0131 \u00f6zetler ve kontrol listeleri, tez yazma s\u00fcrecinde \u00f6\u011frencilerin \u00e7al\u0131\u015fmalar\u0131n\u0131n yolunda gitmesi ve yollar\u0131na devam etmeleri konusunda bir ba\u015fucu eseri.Tez yazman\u0131n temellerinin \u00f6tesinde, eser, serbest, \u00fcretici ve a\u015f\u0131r\u0131 yazma gibi uygulanabilir yazma tekniklerini tan\u0131t\u0131yor. Ayr\u0131ca, tez yazma kriterleri \u00fczerinde \u00e7al\u0131\u015fma yapma, yazar\u0131n t\u0131kanmas\u0131, literat\u00fcr taramas\u0131 ve notlardan taslak olu\u015fturma gibi konular\u0131 da i\u00e7ermektedir:Kitapta k\u0131saca a\u015fa\u011f\u0131daki ana b\u00f6l\u00fcmler yer almaktad\u0131r.Giri\u015f : Bir saatte 1000 kelime nas\u0131l yaz\u0131l\u0131rTez yazma \u00fczerine d\u00fc\u015f\u00fcnmekYazmaya ba\u015flamakYap\u0131 aray\u0131\u015f\u0131\u0130lk kilometre ta\u015f\u0131Seri bir yazar olmaSonu\u00e7 b\u00f6l\u00fcm\u00fcn\u00fc olu\u015fturmaKorku ve nefret : g\u00f6zden ge\u00e7irmeBa\u015flamak i\u00e7in asla \u00e7ok ge\u00e7 de\u011filSon 350 metreTez savunmas\u0131ndan sonra : daha fazla yazmak m\u0131 ?-Doktora becerilerinin g\u00fcncellenmesi -\u0130ntihal ile ilgili geni\u015fletilmi\u015f b\u00f6l\u00fcm-intihalden nas\u0131l ka\u00e7\u0131n\u0131l\u0131r? -Her b\u00f6l\u00fcm\u00fcmde \u00f6\u011frenme \u00e7\u0131kt\u0131lar\u0131 <\/p>\n","protected":false},"excerpt":{"rendered":"<p>Master ve Doktora \u00f6\u011frencilerine tezlerini \u015fekillendirmede yard\u0131mc\u0131 ve ger\u00e7ek\u00e7i bir rehber. Ara\u015ft\u0131rmac\u0131lara de\u011ferli tavsiyeler ve pratik ipu\u00e7lar\u0131, teknikler veriyor. Yararl\u0131 \u00f6zetler ve kontrol listeleri, tez yazma<span class=\"excerpt-hellip\"> [\u2026]<\/span><\/p>\n","protected":false},"featured_media":0,"template":"","meta":{"_monsterinsights_skip_tracking":false,"_monsterinsights_sitenote_active":false,"_monsterinsights_sitenote_note":"","_monsterinsights_sitenote_category":0},"product_brand":[],"product_cat":[12364],"product_tag":[],"class_list":{"0":"post-699068","1":"product","2":"type-product","3":"status-publish","5":"product_cat-genel-konular","6":"pa_cilt-ciltsiz","7":"pa_tur-kitap","8":"pa_yayinevi-ani-yayincilik","9":"pa_yazar-rowena-murray","11":"first","12":"instock","13":"sale","14":"shipping-taxable","15":"purchasable","16":"product-type-simple"},"_links":{"self":[{"href":"https:\/\/roveyayinevi.com.tr\/index.php\/wp-json\/wp\/v2\/product\/699068","targetHints":{"allow":["GET"]}}],"collection":[{"href":"https:\/\/roveyayinevi.com.tr\/index.php\/wp-json\/wp\/v2\/product"}],"about":[{"href":"https:\/\/roveyayinevi.com.tr\/index.php\/wp-json\/wp\/v2\/types\/product"}],"wp:attachment":[{"href":"https:\/\/roveyayinevi.com.tr\/index.php\/wp-json\/wp\/v2\/media?parent=699068"}],"wp:term":[{"taxonomy":"product_brand","embeddable":true,"href":"https:\/\/roveyayinevi.com.tr\/index.php\/wp-json\/wp\/v2\/product_brand?post=699068"},{"taxonomy":"product_cat","embeddable":true,"href":"https:\/\/roveyayinevi.com.tr\/index.php\/wp-json\/wp\/v2\/product_cat?post=699068"},{"taxonomy":"product_tag","embeddable":true,"href":"https:\/\/roveyayinevi.com.tr\/index.php\/wp-json\/wp\/v2\/product_tag?post=699068"}],"curies":[{"name":"wp","href":"https:\/\/api.w.org\/{rel}","templated":true}]}}