{"id":699067,"date":"2025-08-27T14:49:01","date_gmt":"2025-08-27T11:49:01","guid":{"rendered":"https:\/\/roveyayinevi.com.tr\/index.php\/urun\/tarih-felsefesi\/"},"modified":"2026-04-16T02:08:24","modified_gmt":"2026-04-15T23:08:24","slug":"tarih-felsefesi","status":"publish","type":"product","link":"https:\/\/roveyayinevi.com.tr\/index.php\/urun\/tarih-felsefesi\/","title":{"rendered":"Tarih Felsefesi"},"content":{"rendered":"<p>Tarihi olay ve tarihi belge, tarih\u00e7i tarihinin bir \u00fcr\u00fcn\u00fc oldu\u011fu halde, tarihi yazmaya \u00e7al\u0131\u015fmas\u0131n\u0131n nedeni, tarihi olay ve nedenin bilinme imkan\u0131, objektif de\u011ferlendirilmesi gibi metodolojik y\u00f6ntemlerin analizi ve ele\u015ftirisi yan\u0131nda tarihin ontolojisinin anlat\u0131m\u0131 \u00fczerine yap\u0131lan tart\u0131\u015fmalar\u0131 kitapta ele anl\u0131nm\u0131\u015ft\u0131r. \u0130laveten tarih konusunda ge\u00e7mi\u015ften beri bilinen felsefi yakla\u015f\u0131mlar bu \u00e7al\u0131\u015fman\u0131n esas konusunu olu\u015fturmaktad\u0131r. <\/p>\n","protected":false},"excerpt":{"rendered":"<p>Tarihi olay ve tarihi belge, tarih\u00e7i tarihinin bir \u00fcr\u00fcn\u00fc oldu\u011fu halde, tarihi yazmaya \u00e7al\u0131\u015fmas\u0131n\u0131n nedeni, tarihi olay ve nedenin bilinme imkan\u0131, objektif de\u011ferlendirilmesi gibi metodolojik y\u00f6ntemlerin<span class=\"excerpt-hellip\"> [\u2026]<\/span><\/p>\n","protected":false},"featured_media":0,"template":"","meta":{"_monsterinsights_skip_tracking":false,"_monsterinsights_sitenote_active":false,"_monsterinsights_sitenote_note":"","_monsterinsights_sitenote_category":0},"product_brand":[],"product_cat":[12304,14138],"product_tag":[],"class_list":{"0":"post-699067","1":"product","2":"type-product","3":"status-publish","5":"product_cat-tarih","6":"product_cat-tarih-felsefesi","7":"pa_cilt-ciltsiz","8":"pa_tur-kitap","9":"pa_yayinevi-ani-yayincilik","10":"pa_yazar-mustafa-cevik","12":"first","13":"instock","14":"sale","15":"shipping-taxable","16":"purchasable","17":"product-type-simple"},"_links":{"self":[{"href":"https:\/\/roveyayinevi.com.tr\/index.php\/wp-json\/wp\/v2\/product\/699067","targetHints":{"allow":["GET"]}}],"collection":[{"href":"https:\/\/roveyayinevi.com.tr\/index.php\/wp-json\/wp\/v2\/product"}],"about":[{"href":"https:\/\/roveyayinevi.com.tr\/index.php\/wp-json\/wp\/v2\/types\/product"}],"wp:attachment":[{"href":"https:\/\/roveyayinevi.com.tr\/index.php\/wp-json\/wp\/v2\/media?parent=699067"}],"wp:term":[{"taxonomy":"product_brand","embeddable":true,"href":"https:\/\/roveyayinevi.com.tr\/index.php\/wp-json\/wp\/v2\/product_brand?post=699067"},{"taxonomy":"product_cat","embeddable":true,"href":"https:\/\/roveyayinevi.com.tr\/index.php\/wp-json\/wp\/v2\/product_cat?post=699067"},{"taxonomy":"product_tag","embeddable":true,"href":"https:\/\/roveyayinevi.com.tr\/index.php\/wp-json\/wp\/v2\/product_tag?post=699067"}],"curies":[{"name":"wp","href":"https:\/\/api.w.org\/{rel}","templated":true}]}}