{"id":699064,"date":"2025-08-27T14:49:00","date_gmt":"2025-08-27T11:49:00","guid":{"rendered":"https:\/\/roveyayinevi.com.tr\/index.php\/urun\/bisiklet-yariscilari\/"},"modified":"2026-04-03T02:12:35","modified_gmt":"2026-04-02T23:12:35","slug":"bisiklet-yariscilari","status":"publish","type":"product","link":"https:\/\/roveyayinevi.com.tr\/index.php\/urun\/bisiklet-yariscilari\/","title":{"rendered":"Bisiklet Yar\u0131\u015f\u00e7\u0131lar\u0131"},"content":{"rendered":"<p>Sur ve arkada\u015flar\u0131 bisiklet yar\u0131\u015flar\u0131na haz\u0131rlanmaya karar verip \u00e7al\u0131\u015fmaya ba\u015flarlar. Daha ilk s\u00fcr\u00fc\u015flerde \u015fa\u015f\u0131rt\u0131c\u0131 bi\u00e7imde kural tan\u0131mayan birine d\u00f6n\u00fc\u015fen Sur, bu yar\u0131\u015fmada birinci olma fikrine kendini kapt\u0131r\u0131r. Ba\u015fka bir \u015fey d\u00fc\u015f\u00fcnemez oldu\u011funda bu durum onun b\u00fct\u00fcn ya\u015fam\u0131n\u0131 etkilemeye ba\u015flar. <\/p>\n","protected":false},"excerpt":{"rendered":"<p>Sur ve arkada\u015flar\u0131 bisiklet yar\u0131\u015flar\u0131na haz\u0131rlanmaya karar verip \u00e7al\u0131\u015fmaya ba\u015flarlar. Daha ilk s\u00fcr\u00fc\u015flerde \u015fa\u015f\u0131rt\u0131c\u0131 bi\u00e7imde kural tan\u0131mayan birine d\u00f6n\u00fc\u015fen Sur, bu yar\u0131\u015fmada birinci olma fikrine kendini<span class=\"excerpt-hellip\"> [\u2026]<\/span><\/p>\n","protected":false},"featured_media":0,"template":"","meta":{"_monsterinsights_skip_tracking":false,"_monsterinsights_sitenote_active":false,"_monsterinsights_sitenote_note":"","_monsterinsights_sitenote_category":0},"product_brand":[],"product_cat":[12274,12284],"product_tag":[],"class_list":{"0":"post-699064","1":"product","2":"type-product","3":"status-publish","5":"product_cat-cocuk-ve-genclik-kitaplari","6":"product_cat-hikayeler","7":"pa_tur-kitap","8":"pa_yayinevi-tudem-yayinlari","9":"pa_yazar-ferda-izbudak-akinci","11":"first","12":"instock","13":"sale","14":"shipping-taxable","15":"purchasable","16":"product-type-simple"},"_links":{"self":[{"href":"https:\/\/roveyayinevi.com.tr\/index.php\/wp-json\/wp\/v2\/product\/699064","targetHints":{"allow":["GET"]}}],"collection":[{"href":"https:\/\/roveyayinevi.com.tr\/index.php\/wp-json\/wp\/v2\/product"}],"about":[{"href":"https:\/\/roveyayinevi.com.tr\/index.php\/wp-json\/wp\/v2\/types\/product"}],"wp:attachment":[{"href":"https:\/\/roveyayinevi.com.tr\/index.php\/wp-json\/wp\/v2\/media?parent=699064"}],"wp:term":[{"taxonomy":"product_brand","embeddable":true,"href":"https:\/\/roveyayinevi.com.tr\/index.php\/wp-json\/wp\/v2\/product_brand?post=699064"},{"taxonomy":"product_cat","embeddable":true,"href":"https:\/\/roveyayinevi.com.tr\/index.php\/wp-json\/wp\/v2\/product_cat?post=699064"},{"taxonomy":"product_tag","embeddable":true,"href":"https:\/\/roveyayinevi.com.tr\/index.php\/wp-json\/wp\/v2\/product_tag?post=699064"}],"curies":[{"name":"wp","href":"https:\/\/api.w.org\/{rel}","templated":true}]}}