{"id":699063,"date":"2025-08-27T14:49:00","date_gmt":"2025-08-27T11:49:00","guid":{"rendered":"https:\/\/roveyayinevi.com.tr\/index.php\/urun\/cop-plaza\/"},"modified":"2026-04-16T02:08:24","modified_gmt":"2026-04-15T23:08:24","slug":"cop-plaza","status":"publish","type":"product","link":"https:\/\/roveyayinevi.com.tr\/index.php\/urun\/cop-plaza\/","title":{"rendered":"\u00c7\u00f6p Plaza"},"content":{"rendered":"<p>Yoksullu\u011fu, edebiyat yoluyla anlayabilmek i\u00e7in\u2026Farkl\u0131 edebi t\u00fcrlerde pek \u00e7ok eser veren \u00f6d\u00fcll\u00fc yazar Miyase Sertbarut\u2019tan, ger\u00e7e\u011fin hayalle kol kola y\u00fcr\u00fcd\u00fc\u011f\u00fc h\u00fcz\u00fcnl\u00fc ama umut dolu bir yoksulluk serenad\u0131: \u00c7\u00f6p PlazaMiyase Sertbarut, yakla\u015f\u0131k bir bu\u00e7uk y\u0131l kadar \u00fczerinde \u00e7al\u0131\u015ft\u0131\u011f\u0131 bu kitab\u0131nda, daha \u00f6nce hi\u00e7bir yazar\u0131n k\u00e2\u011f\u0131da d\u00f6kmeye cesaret edemedi\u011fi tehlikeli ve pis kokulu sulara do\u011fru g\u00f6t\u00fcr\u00fcyor kalemini. \u00c7\u00f6p Plaza, birbirinden apayr\u0131 iki d\u00fcnyan\u0131n resmini \u00e7iziyor okurlar\u0131na. Bir yanda kentli se\u00e7kinlerin ya\u015fad\u0131\u011f\u0131, ku\u015flar\u0131n, b\u00f6ceklerin bile ziyaret edemedi\u011fi, daima steril ve korunakl\u0131 Elit City, \u00f6teki yanda zenginlerin \u00e7\u00f6plerini toplayarak g\u00fcnl\u00fck ekmeklerinin pe\u015finde ko\u015fan insanlar\u0131n ya\u015fam sava\u015f\u0131 verdi\u011fi G\u00fclova Mahallesi. En tepedekiler ve en a\u015fa\u011f\u0131dakiler\u2026 Birbirlerine yak\u0131n b\u00f6lgelerde ya\u015fam s\u00fcrmelerine ra\u011fmen birbirlerinin hayatlar\u0131na te\u011fet ge\u00e7en insan manzaralar\u0131\u2026\u00c7ocuklar\u0131n\u0131 her t\u00fcrl\u00fc tehlikeden koruyarak yapay fanuslar i\u00e7inde b\u00fcy\u00fcten Elit City sakinlerinin \u00e7ocuklar\u0131n\u0131n sa\u011fl\u0131klar\u0131 b\u00fcy\u00fck tehdit alt\u0131ndad\u0131r. Ba\u011f\u0131\u015f\u0131kl\u0131k sistemleri \u00e7\u00f6kmeye ba\u015flayan \u00e7ocuklar y\u00fcksek ya\u015fam standartlar\u0131na ra\u011fmen bitkin ve hastad\u0131r. Bunun \u00fcstesinden gelebilmek i\u00e7inse tek bir \u00e7are vard\u0131r: kan nakli. Peki ama kimlerin kan\u0131 bu hastal\u0131kl\u0131 \u00e7ocuklar\u0131n derdine deva olacakt\u0131r? Elit City ba\u015fhekimi ve \u00e7ocuk klini\u011fi \u015fefinin yapt\u0131klar\u0131 adice bir planla gereken tedavi y\u00f6ntemi bulunur. \u00c7\u00f6z\u00fcm iki kilometre yak\u0131nlar\u0131ndaki G\u00fclova Mahallesi\u2019nde sakl\u0131d\u0131r ve bu tedaviyi uygulayabilmek i\u00e7in mahalle \u00e7ocuklar\u0131n\u0131n yard\u0131m\u0131na ihtiya\u00e7 vard\u0131r. Yiyecek yemeklerini bile \u00e7\u00f6pten \u00e7\u0131karan bir mahalle halk\u0131n\u0131n \u00e7ocuklar\u0131yla b\u00f6ylesi bir tedavi y\u00f6nteminin nas\u0131l bir ili\u015fkisi olabilir? Yasa d\u0131\u015f\u0131 yollarla ba\u015flat\u0131lan bu tedavi ne \u015fartlarda uygulanacakt\u0131r? S\u00f6z konusu tedavinin G\u00fclova \u00e7ocuklar\u0131 \u00fczerindeki yan etkileri ara\u015ft\u0131r\u0131lm\u0131\u015f m\u0131d\u0131r?..Ger\u00e7e\u011fin hayalle, insanl\u0131\u011f\u0131n k\u00f6t\u00fcl\u00fckle m\u00fccadelesini g\u00f6zler \u00f6n\u00fcne seren \u00c7\u00f6p Plaza, iki ayr\u0131 insan toplulu\u011fu aras\u0131ndaki de\u011fi\u015fiklikler \u00fczerine fark\u0131ndal\u0131k kazanmam\u0131za \u00f6nayak olarak, hayati bir soru \u00fczerinde de d\u00fc\u015f\u00fcnmemizi ama\u00e7l\u0131yor: \u201cHerkes beladan ka\u00e7arsa, bela b\u00fcy\u00fcmez mi hi\u00e7?\u201dYazar, kitab\u0131n\u0131 \u00fctopik bir finalle mutlu bir \u015fekilde sonland\u0131rmaya gayret etse de, ger\u00e7ek pe\u015fini b\u0131rakm\u0131yor ve hayat\u0131n ac\u0131mas\u0131zl\u0131\u011f\u0131 hakikati kulaklar\u0131na hayk\u0131rarak d\u00fc\u015flerinde kurdu\u011fu imk\u00e2ns\u0131z bir ya\u015fam\u0131n asl\u0131nda var olamayaca\u011f\u0131n\u0131 hat\u0131rlat\u0131yor.Yine de ya\u015fam olduk\u00e7a \u00fcmit vard\u0131r. \u0130leride bir zamanda, nice F\u0131ratlar ve Berkler ellerinde renkli \u00e7er\u00e7eveli b\u00fcy\u00fcte\u00e7leriyle bir yerlerde bulu\u015fabilirler. Kim bilir belki\u2026<\/p>\n","protected":false},"excerpt":{"rendered":"<p>Yoksullu\u011fu, edebiyat yoluyla anlayabilmek i\u00e7in\u2026Farkl\u0131 edebi t\u00fcrlerde pek \u00e7ok eser veren \u00f6d\u00fcll\u00fc yazar Miyase Sertbarut\u2019tan, ger\u00e7e\u011fin hayalle kol kola y\u00fcr\u00fcd\u00fc\u011f\u00fc h\u00fcz\u00fcnl\u00fc ama umut dolu bir yoksulluk<span class=\"excerpt-hellip\"> [\u2026]<\/span><\/p>\n","protected":false},"featured_media":0,"template":"","meta":{"_monsterinsights_skip_tracking":false,"_monsterinsights_sitenote_active":false,"_monsterinsights_sitenote_note":"","_monsterinsights_sitenote_category":0},"product_brand":[],"product_cat":[12274,12284],"product_tag":[],"class_list":{"0":"post-699063","1":"product","2":"type-product","3":"status-publish","5":"product_cat-cocuk-ve-genclik-kitaplari","6":"product_cat-hikayeler","7":"pa_cilt-ciltsiz","8":"pa_tur-kitap","9":"pa_yayinevi-tudem-yayinlari","10":"pa_yazar-miyase-sertbarut","12":"first","13":"instock","14":"sale","15":"shipping-taxable","16":"purchasable","17":"product-type-simple"},"_links":{"self":[{"href":"https:\/\/roveyayinevi.com.tr\/index.php\/wp-json\/wp\/v2\/product\/699063","targetHints":{"allow":["GET"]}}],"collection":[{"href":"https:\/\/roveyayinevi.com.tr\/index.php\/wp-json\/wp\/v2\/product"}],"about":[{"href":"https:\/\/roveyayinevi.com.tr\/index.php\/wp-json\/wp\/v2\/types\/product"}],"wp:attachment":[{"href":"https:\/\/roveyayinevi.com.tr\/index.php\/wp-json\/wp\/v2\/media?parent=699063"}],"wp:term":[{"taxonomy":"product_brand","embeddable":true,"href":"https:\/\/roveyayinevi.com.tr\/index.php\/wp-json\/wp\/v2\/product_brand?post=699063"},{"taxonomy":"product_cat","embeddable":true,"href":"https:\/\/roveyayinevi.com.tr\/index.php\/wp-json\/wp\/v2\/product_cat?post=699063"},{"taxonomy":"product_tag","embeddable":true,"href":"https:\/\/roveyayinevi.com.tr\/index.php\/wp-json\/wp\/v2\/product_tag?post=699063"}],"curies":[{"name":"wp","href":"https:\/\/api.w.org\/{rel}","templated":true}]}}