{"id":699061,"date":"2025-08-27T14:48:59","date_gmt":"2025-08-27T11:48:59","guid":{"rendered":"https:\/\/roveyayinevi.com.tr\/index.php\/urun\/sut-rengi\/"},"modified":"2026-04-16T02:08:24","modified_gmt":"2026-04-15T23:08:24","slug":"sut-rengi","status":"publish","type":"product","link":"https:\/\/roveyayinevi.com.tr\/index.php\/urun\/sut-rengi\/","title":{"rendered":"S\u00fct Rengi"},"content":{"rendered":"<p>Bu benim kitab\u0131m ve ben onu kendi elimle yaz\u0131yorum. Mary, hik\u00e2yesini anlatmak gibi zor bir i\u015fe kalk\u0131\u015ft\u0131\u011f\u0131nda y\u0131llardan 1831di ve on be\u015f ya\u015f\u0131ndayd\u0131. Sivri dili, pasakl\u0131 halleri ve s\u00fct rengi sa\u00e7lar\u0131yla bu gen\u00e7 k\u0131z, \u00fc\u00e7 k\u0131z karde\u015fiyle birlikte babas\u0131n\u0131n \u00e7ifli\u011finde \u00e7al\u0131\u015farak, ya\u015fam\u0131n\u0131 olduk\u00e7a a\u011f\u0131r \u015fartlar alt\u0131nda devam ettiriyordu; ta ki bir yaz, kasaban\u0131n papaz\u0131n\u0131n hasta kar\u0131s\u0131na bakmak i\u00e7in papaz\u0131n evine g\u00f6nderilene kadar. \u0130\u015fte orada, olup biten ve ba\u015f\u0131ndan ge\u00e7en her \u015feyi; t\u00fcm ger\u00e7ekli\u011fiyle yazma gere\u011fi duydu Mary. Unutulmaz sesiyle Thomas Hardynin Tess roman\u0131n\u0131 ve Margaret Atwoodun Nam-\u0131 Di\u011fer Graceini and\u0131ran S\u00fct Rengi, e\u011fitimsiz ve g\u00fc\u00e7s\u00fcz bir gen\u00e7 k\u0131z\u0131n, yazg\u0131s\u0131n\u0131 ve yaz\u0131s\u0131n\u0131 kendi kendine yaz\u0131\u015f\u0131n\u0131 anlat\u0131yor. <\/p>\n","protected":false},"excerpt":{"rendered":"<p>Bu benim kitab\u0131m ve ben onu kendi elimle yaz\u0131yorum. Mary, hik\u00e2yesini anlatmak gibi zor bir i\u015fe kalk\u0131\u015ft\u0131\u011f\u0131nda y\u0131llardan 1831di ve on be\u015f ya\u015f\u0131ndayd\u0131. Sivri dili, pasakl\u0131<span class=\"excerpt-hellip\"> [\u2026]<\/span><\/p>\n","protected":false},"featured_media":0,"template":"","meta":{"_monsterinsights_skip_tracking":false,"_monsterinsights_sitenote_active":false,"_monsterinsights_sitenote_note":"","_monsterinsights_sitenote_category":0},"product_brand":[],"product_cat":[12891,12291],"product_tag":[],"class_list":{"0":"post-699061","1":"product","2":"type-product","3":"status-publish","5":"product_cat-amerikan-edebiyati","6":"product_cat-edebiyat","7":"pa_cilt-ciltsiz","8":"pa_tur-kitap","9":"pa_yayinevi-bencekitap","10":"pa_yazar-nell-leyshon","12":"first","13":"instock","14":"sale","15":"shipping-taxable","16":"purchasable","17":"product-type-simple"},"_links":{"self":[{"href":"https:\/\/roveyayinevi.com.tr\/index.php\/wp-json\/wp\/v2\/product\/699061","targetHints":{"allow":["GET"]}}],"collection":[{"href":"https:\/\/roveyayinevi.com.tr\/index.php\/wp-json\/wp\/v2\/product"}],"about":[{"href":"https:\/\/roveyayinevi.com.tr\/index.php\/wp-json\/wp\/v2\/types\/product"}],"wp:attachment":[{"href":"https:\/\/roveyayinevi.com.tr\/index.php\/wp-json\/wp\/v2\/media?parent=699061"}],"wp:term":[{"taxonomy":"product_brand","embeddable":true,"href":"https:\/\/roveyayinevi.com.tr\/index.php\/wp-json\/wp\/v2\/product_brand?post=699061"},{"taxonomy":"product_cat","embeddable":true,"href":"https:\/\/roveyayinevi.com.tr\/index.php\/wp-json\/wp\/v2\/product_cat?post=699061"},{"taxonomy":"product_tag","embeddable":true,"href":"https:\/\/roveyayinevi.com.tr\/index.php\/wp-json\/wp\/v2\/product_tag?post=699061"}],"curies":[{"name":"wp","href":"https:\/\/api.w.org\/{rel}","templated":true}]}}