{"id":699060,"date":"2025-08-27T14:48:59","date_gmt":"2025-08-27T11:48:59","guid":{"rendered":"https:\/\/roveyayinevi.com.tr\/index.php\/urun\/lawrence-efsanesi\/"},"modified":"2026-04-16T02:08:24","modified_gmt":"2026-04-15T23:08:24","slug":"lawrence-efsanesi","status":"publish","type":"product","link":"https:\/\/roveyayinevi.com.tr\/index.php\/urun\/lawrence-efsanesi\/","title":{"rendered":"Lawrence Efsanesi"},"content":{"rendered":"<p>Bir delinin kuyuya att\u0131\u011f\u0131 ta\u015f\u0131, k\u0131rk ak\u0131ll\u0131 zor \u00e7\u0131kar\u0131rm\u0131\u015f. Lawrence\u2019\u0131n \u00f6yk\u00fcs\u00fc (ya da efsanesi) ilk bak\u0131\u015fta bu deyimi an\u0131msat\u0131yor. Ger\u00e7ekten Lawrence\u2019\u0131n ortaya att\u0131\u011f\u0131 iddialar\u0131 k\u0131rk ak\u0131ll\u0131 \u00fc\u00e7 \u00e7eyrek y\u00fczy\u0131ldan beri \u00e7\u00f6zmeye \u00e7al\u0131\u015f\u0131yorlar. Aralar\u0131nda \u0130ngiliz\u2019i, Frans\u0131z\u2019\u0131, Arap\u2019\u0131, k\u0131saca her ulustan ara\u015ft\u0131rmac\u0131lar var; konu \u00f6ylesine ilgi \u00e7ekici ve \u00f6nemli. Bat\u0131l\u0131lar\u0131n propagandadaki \u00fcst\u00fcnl\u00fckleri, bizim ise zay\u0131fl\u0131\u011f\u0131m\u0131z\u0131n etkisi ve uzun s\u00fcre siyasi ve tarihi olaylara resmi tez d\u0131\u015f\u0131nda yakla\u015f\u0131m\u0131n ho\u015fg\u00f6r\u00fcyle kar\u015f\u0131lanmamas\u0131 bu konuda orijinal \u00e7al\u0131\u015fmalar \u00fcretmemizi engelledi. Sonu\u00e7ta Lawrence olay\u0131 ilk g\u00fcn\u00fcnden beri bir anti-T\u00fcrk kampanyan\u0131n arac\u0131 olurken, biz Avrupa\u2019daki yay\u0131nlar\u0131 -pek de ba\u015far\u0131l\u0131 olmadan- uzaktan izlemekle yetindik. 1920 ve 30\u2019lu y\u0131llarda Lawrence, b\u00fct\u00fcn d\u00fcnyada oldu\u011fu gibi T\u00fcrkiye\u2019de de Arap ayaklanmas\u0131n\u0131 tek ba\u015f\u0131na d\u00fczenlemi\u015f ki\u015fi olarak tan\u0131nm\u0131\u015ft\u0131r. Ayr\u0131ca fiili hizmetten ayr\u0131ld\u0131\u011f\u0131 d\u00f6nemde dahi gizli faaliyetlerini devam ettirdi\u011fine inan\u0131l\u0131yordu. T\u00fcrkiye\u2019nin i\u00e7inde ve s\u0131n\u0131rlar\u0131nda \u00e7\u0131kan her kar\u0131\u015f\u0131kl\u0131ktan Lawrence\u2019\u0131 sorumlu tutmak al\u0131\u015fkanl\u0131k haline gelmi\u015fti. Peki ama ger\u00e7ekler b\u00f6yle miydi?  Bu kitapta Lawrence\u2019\u0131n ya\u015fam\u0131 ve ki\u015fili\u011fi d\u0131\u015f\u0131nda, hakk\u0131nda yap\u0131lan \u00e7al\u0131\u015fmalara ve faaliyetlerinin arkas\u0131nda yatan ger\u00e7eklere \u0131\u015f\u0131k tutulmaktad\u0131r. <\/p>\n","protected":false},"excerpt":{"rendered":"<p>Bir delinin kuyuya att\u0131\u011f\u0131 ta\u015f\u0131, k\u0131rk ak\u0131ll\u0131 zor \u00e7\u0131kar\u0131rm\u0131\u015f. Lawrence\u2019\u0131n \u00f6yk\u00fcs\u00fc (ya da efsanesi) ilk bak\u0131\u015fta bu deyimi an\u0131msat\u0131yor. Ger\u00e7ekten Lawrence\u2019\u0131n ortaya att\u0131\u011f\u0131 iddialar\u0131 k\u0131rk ak\u0131ll\u0131<span class=\"excerpt-hellip\"> [\u2026]<\/span><\/p>\n","protected":false},"featured_media":0,"template":"","meta":{"_monsterinsights_skip_tracking":false,"_monsterinsights_sitenote_active":false,"_monsterinsights_sitenote_note":"","_monsterinsights_sitenote_category":0},"product_brand":[],"product_cat":[12370,12304],"product_tag":[],"class_list":{"0":"post-699060","1":"product","2":"type-product","3":"status-publish","5":"product_cat-arastirma-inceleme","6":"product_cat-tarih","7":"pa_cilt-ciltsiz","8":"pa_tur-kitap","9":"pa_yayinevi-yeditepe-yayinevi","10":"pa_yazar-orhan-kologlu","12":"first","13":"instock","14":"sale","15":"shipping-taxable","16":"purchasable","17":"product-type-simple"},"_links":{"self":[{"href":"https:\/\/roveyayinevi.com.tr\/index.php\/wp-json\/wp\/v2\/product\/699060","targetHints":{"allow":["GET"]}}],"collection":[{"href":"https:\/\/roveyayinevi.com.tr\/index.php\/wp-json\/wp\/v2\/product"}],"about":[{"href":"https:\/\/roveyayinevi.com.tr\/index.php\/wp-json\/wp\/v2\/types\/product"}],"wp:attachment":[{"href":"https:\/\/roveyayinevi.com.tr\/index.php\/wp-json\/wp\/v2\/media?parent=699060"}],"wp:term":[{"taxonomy":"product_brand","embeddable":true,"href":"https:\/\/roveyayinevi.com.tr\/index.php\/wp-json\/wp\/v2\/product_brand?post=699060"},{"taxonomy":"product_cat","embeddable":true,"href":"https:\/\/roveyayinevi.com.tr\/index.php\/wp-json\/wp\/v2\/product_cat?post=699060"},{"taxonomy":"product_tag","embeddable":true,"href":"https:\/\/roveyayinevi.com.tr\/index.php\/wp-json\/wp\/v2\/product_tag?post=699060"}],"curies":[{"name":"wp","href":"https:\/\/api.w.org\/{rel}","templated":true}]}}