{"id":699059,"date":"2025-08-27T14:48:59","date_gmt":"2025-08-27T11:48:59","guid":{"rendered":"https:\/\/roveyayinevi.com.tr\/index.php\/urun\/cuvaldiken-kasabasi\/"},"modified":"2026-04-16T02:08:24","modified_gmt":"2026-04-15T23:08:24","slug":"cuvaldiken-kasabasi","status":"publish","type":"product","link":"https:\/\/roveyayinevi.com.tr\/index.php\/urun\/cuvaldiken-kasabasi\/","title":{"rendered":"\u00c7uvaldiken Kasabas\u0131"},"content":{"rendered":"<p>Bahar\u0131n uzun s\u00fcrd\u00fc\u011f\u00fc, g\u00fczel mi g\u00fczel bir kasaba varm\u0131\u015f. Dallar\u0131ndan bahar, ambarlar\u0131ndan bu\u011fday, insanlar\u0131n y\u00fcz\u00fcnden g\u00fcl\u00fcmseme eksik olmazm\u0131\u015f. Ta ki bir g\u00fcn, bir yabanc\u0131, elinde bo\u015f bir \u00e7uvalla gezen ve herkese her istedi\u011fini satt\u0131\u011f\u0131n\u0131 vaad eden bir sat\u0131c\u0131 kasabaya gelene kadar&#8230; <\/p>\n","protected":false},"excerpt":{"rendered":"<p>Bahar\u0131n uzun s\u00fcrd\u00fc\u011f\u00fc, g\u00fczel mi g\u00fczel bir kasaba varm\u0131\u015f. Dallar\u0131ndan bahar, ambarlar\u0131ndan bu\u011fday, insanlar\u0131n y\u00fcz\u00fcnden g\u00fcl\u00fcmseme eksik olmazm\u0131\u015f. Ta ki bir g\u00fcn, bir yabanc\u0131, elinde bo\u015f<span class=\"excerpt-hellip\"> [\u2026]<\/span><\/p>\n","protected":false},"featured_media":0,"template":"","meta":{"_monsterinsights_skip_tracking":false,"_monsterinsights_sitenote_active":false,"_monsterinsights_sitenote_note":"","_monsterinsights_sitenote_category":0},"product_brand":[],"product_cat":[12274,12523],"product_tag":[],"class_list":{"0":"post-699059","1":"product","2":"type-product","3":"status-publish","5":"product_cat-cocuk-ve-genclik-kitaplari","6":"product_cat-masallar","7":"pa_cilt-ciltsiz","8":"pa_tur-kitap","9":"pa_yayinevi-tudem-yayinlari","10":"pa_yazar-ferda-izbudak-akinci","12":"first","13":"instock","14":"sale","15":"shipping-taxable","16":"purchasable","17":"product-type-simple"},"_links":{"self":[{"href":"https:\/\/roveyayinevi.com.tr\/index.php\/wp-json\/wp\/v2\/product\/699059","targetHints":{"allow":["GET"]}}],"collection":[{"href":"https:\/\/roveyayinevi.com.tr\/index.php\/wp-json\/wp\/v2\/product"}],"about":[{"href":"https:\/\/roveyayinevi.com.tr\/index.php\/wp-json\/wp\/v2\/types\/product"}],"wp:attachment":[{"href":"https:\/\/roveyayinevi.com.tr\/index.php\/wp-json\/wp\/v2\/media?parent=699059"}],"wp:term":[{"taxonomy":"product_brand","embeddable":true,"href":"https:\/\/roveyayinevi.com.tr\/index.php\/wp-json\/wp\/v2\/product_brand?post=699059"},{"taxonomy":"product_cat","embeddable":true,"href":"https:\/\/roveyayinevi.com.tr\/index.php\/wp-json\/wp\/v2\/product_cat?post=699059"},{"taxonomy":"product_tag","embeddable":true,"href":"https:\/\/roveyayinevi.com.tr\/index.php\/wp-json\/wp\/v2\/product_tag?post=699059"}],"curies":[{"name":"wp","href":"https:\/\/api.w.org\/{rel}","templated":true}]}}