{"id":699058,"date":"2025-08-27T14:48:58","date_gmt":"2025-08-27T11:48:58","guid":{"rendered":"https:\/\/roveyayinevi.com.tr\/index.php\/urun\/babam-okulun-en-caliskani\/"},"modified":"2026-04-16T02:08:24","modified_gmt":"2026-04-15T23:08:24","slug":"babam-okulun-en-caliskani","status":"publish","type":"product","link":"https:\/\/roveyayinevi.com.tr\/index.php\/urun\/babam-okulun-en-caliskani\/","title":{"rendered":"Babam Okulun En \u00c7al\u0131\u015fkan\u0131"},"content":{"rendered":"<p>Do\u011fan Gen\u00e7soy\u2019un \u00f6zg\u00fcn \u00e7izimleriyle bezeli Babam Okulun En \u00c7al\u0131\u015fkan\u0131, e\u011flendirirken bilgilendiren, bilgilendirirken de e\u011flendirmeyi ihmal etmeyen keyifli bir \u00e7al\u0131\u015fma olarak selaml\u0131yor gen\u00e7 okurlar\u0131n\u0131. Toprak I\u015f\u0131k, ilk\u00f6\u011fretim 4. 5. 6. s\u0131n\u0131f fen ve teknoloji m\u00fcfredat\u0131nda i\u015flenen konular\u0131 roman kurgusu i\u00e7erisinde sunaca\u011f\u0131 serinin \u201cCanl\u0131lar ve Hayat\u201d konular\u0131n\u0131 i\u00e7eren ilk kitab\u0131yla, \u00e7ocuklara daha \u00f6nce hi\u00e7 kar\u015f\u0131lamad\u0131klar\u0131 benzersiz bir \u00f6\u011frenme deneyimi vaat ediyor.\u0130lgiyle okunaca\u011f\u0131n\u0131 d\u00fc\u015f\u00fcnd\u00fc\u011f\u00fcm\u00fcz bu yap\u0131c\u0131 serinin devam kitaplar\u0131 ise s\u0131ras\u0131yla \u201cMadde ve De\u011fi\u015fim\u201d, \u201cFiziksel Olaylar\u201d ve \u201cD\u00fcnya ve Evren\u201d konular\u0131n\u0131 i\u015fleyecek. Roman okurken, hi\u00e7 s\u0131k\u0131lmadan fen ve teknoloji dersine de \u00e7al\u0131\u015f\u0131yor olmak okurda bamba\u015fka bir his yaratacak. 5. s\u0131n\u0131fa giden Bertan\u2019\u0131n ba\u015f\u0131 dersleriyle ve buna ba\u011fl\u0131 olarak da babas\u0131yla biraz dertteydi. S\u0131n\u0131f\u0131n en ba\u015far\u0131s\u0131z \u00f6\u011frencisi olmak onun can\u0131n\u0131 \u00e7ok fazla s\u0131kmasa da, m\u00fchendis olan babas\u0131 Cem Bey\u2019i ziyadesiyle rahats\u0131z ediyordu. Bertan i\u00e7in varsa yoksa bilgisayar ve yazd\u0131\u011f\u0131 programlar\u0131 vard\u0131. Dersler i\u00e7in bo\u015fa harcayacak zaman\u0131 yoktu. Ama Cem Bey hi\u00e7 de Bertan gibi d\u00fc\u015f\u00fcnm\u00fcyordu. Ola\u011fan\u00fcst\u00fc \u00f6nlemler almak niyetindeydi. Niyetini ger\u00e7ekle\u015ftiremedi; \u00e7\u00fcnk\u00fc on iki ya\u015f\u0131ndaki Bertan ile otuz be\u015f ya\u015f\u0131ndaki Cem Bey\u2019in bedenleri bir anda yer de\u011fi\u015ftirdi. Yoksa bu bir r\u00fcya m\u0131yd\u0131? Buna sebep olan \u015fey ne olabilirdi? Ne yapacaklar\u0131n\u0131 \u015fa\u015f\u0131ran baba o\u011ful, farkl\u0131 bedenlerde hayatlar\u0131na kald\u0131klar\u0131 yerden devam etmeye karar verdiler. Bertan\u2019\u0131n v\u00fccudunda gezinen Cem Bey\u2019in varl\u0131\u011f\u0131, Gel\u00f6\u011fren \u0130lk\u00f6\u011fretim Okulu\u2019nu birka\u00e7 g\u00fcnde alt\u00fcst etti. O\u011flunun ge\u00e7mi\u015fteki \u015f\u00f6hretini tam tersine \u00e7evirmek i\u00e7in t\u00fcm gayretiyle \u00e7abalayan Cem Bey\u2019in g\u00f6sterdi\u011fi ani ba\u015far\u0131, herkesi \u015fa\u015fk\u0131na \u00e7evirmeye yetip artm\u0131\u015ft\u0131. B\u00f6ylesine tembel ve ba\u015far\u0131s\u0131z bir \u00f6\u011frenci, sadece bir hafta sonu i\u00e7erisinde bu kadar bilgiyle nas\u0131l donanabilirdi ki? Bu i\u015fte garip bir \u015feyler oldu\u011fu a\u015fik\u00e2rd\u0131. Peki ama ne? En \u00e7ok \u015fa\u015f\u0131ranlardan biri de be\u015finci s\u0131n\u0131flar\u0131n bir di\u011fer en ba\u015far\u0131s\u0131z \u00f6\u011frencisi Kal\u0131n Kafal\u0131 Remzi\u2019ydi. Ya\u015fananlar\u0131, babas\u0131 K\u00fct\u00fck R\u00fcstem ve yard\u0131mc\u0131s\u0131 \u015ei\u015fman \u015eemsi\u2019ye anlatt\u0131\u011f\u0131nda onlar da \u00e7ok \u015fa\u015f\u0131rd\u0131lar. Dahas\u0131 kafalar\u0131nda bir \u0131\u015f\u0131k \u00e7akt\u0131. Beyne giden bilgi ak\u0131\u015f kanallar\u0131 t\u0131kanm\u0131\u015f oldu\u011fu i\u00e7in bir t\u00fcrl\u00fc \u00f6\u011frenemedi\u011fi d\u00fc\u015f\u00fcn\u00fclen Remzi i\u00e7in de art\u0131k bir umut vard\u0131. Belki de onu kurtarmak i\u00e7in bir bilgi kay\u0131t \u00e7ipi gerekliydi. K\u00fct\u00fck R\u00fcstem, ne pahas\u0131na olursa olsun o\u011flu Remzi\u2019yi de Bertan gibi ba\u015far\u0131l\u0131 bir \u00f6\u011frenci yapacakt\u0131. Bunun i\u00e7in Cem Bey\u2019e ve mucizev\u00ee e\u011fitim y\u00f6ntemlerine ihtiyac\u0131 vard\u0131. Zorlu bir m\u00fccadele olacakt\u0131. Fen ve teknoloji dersi hi\u00e7 bu kadar zevkli bir \u015fekilde anlat\u0131lmam\u0131\u015ft\u0131. Toprak I\u015f\u0131k, kaleme ald\u0131\u011f\u0131 bu seri ile hem \u00e7ocuklar\u0131n hem de derslerine \u00e7al\u0131\u015fmad\u0131\u011f\u0131 i\u00e7in s\u00fcrekli \u015fik\u00e2yet\u00e7i olan \u00f6\u011fretmenlerin ve ebeveynlerin g\u00f6nl\u00fcnde taht kuracak. E\u011flenerek \u00f6\u011frenmek ve \u00f6\u011frendiklerinizi g\u00fczel anekdotlarla hat\u0131rlamak i\u00e7in t\u00fcm \u00f6\u011frencileri Babam Okulun En \u00c7al\u0131\u015fkan\u0131\u2019n\u0131 okumaya davet ediyoruz!<\/p>\n","protected":false},"excerpt":{"rendered":"<p>Do\u011fan Gen\u00e7soy\u2019un \u00f6zg\u00fcn \u00e7izimleriyle bezeli Babam Okulun En \u00c7al\u0131\u015fkan\u0131, e\u011flendirirken bilgilendiren, bilgilendirirken de e\u011flendirmeyi ihmal etmeyen keyifli bir \u00e7al\u0131\u015fma olarak selaml\u0131yor gen\u00e7 okurlar\u0131n\u0131. Toprak I\u015f\u0131k, ilk\u00f6\u011fretim<span class=\"excerpt-hellip\"> [\u2026]<\/span><\/p>\n","protected":false},"featured_media":0,"template":"","meta":{"_monsterinsights_skip_tracking":false,"_monsterinsights_sitenote_active":false,"_monsterinsights_sitenote_note":"","_monsterinsights_sitenote_category":0},"product_brand":[],"product_cat":[12274,12284],"product_tag":[],"class_list":{"0":"post-699058","1":"product","2":"type-product","3":"status-publish","5":"product_cat-cocuk-ve-genclik-kitaplari","6":"product_cat-hikayeler","7":"pa_cilt-ciltsiz","8":"pa_tur-kitap","9":"pa_yayinevi-tudem-yayinlari","10":"pa_yazar-toprak-isik","12":"first","13":"instock","14":"sale","15":"shipping-taxable","16":"purchasable","17":"product-type-simple"},"_links":{"self":[{"href":"https:\/\/roveyayinevi.com.tr\/index.php\/wp-json\/wp\/v2\/product\/699058","targetHints":{"allow":["GET"]}}],"collection":[{"href":"https:\/\/roveyayinevi.com.tr\/index.php\/wp-json\/wp\/v2\/product"}],"about":[{"href":"https:\/\/roveyayinevi.com.tr\/index.php\/wp-json\/wp\/v2\/types\/product"}],"wp:attachment":[{"href":"https:\/\/roveyayinevi.com.tr\/index.php\/wp-json\/wp\/v2\/media?parent=699058"}],"wp:term":[{"taxonomy":"product_brand","embeddable":true,"href":"https:\/\/roveyayinevi.com.tr\/index.php\/wp-json\/wp\/v2\/product_brand?post=699058"},{"taxonomy":"product_cat","embeddable":true,"href":"https:\/\/roveyayinevi.com.tr\/index.php\/wp-json\/wp\/v2\/product_cat?post=699058"},{"taxonomy":"product_tag","embeddable":true,"href":"https:\/\/roveyayinevi.com.tr\/index.php\/wp-json\/wp\/v2\/product_tag?post=699058"}],"curies":[{"name":"wp","href":"https:\/\/api.w.org\/{rel}","templated":true}]}}