{"id":699054,"date":"2025-08-27T14:48:57","date_gmt":"2025-08-27T11:48:57","guid":{"rendered":"https:\/\/roveyayinevi.com.tr\/index.php\/urun\/cizgili-defter\/"},"modified":"2025-11-22T03:03:44","modified_gmt":"2025-11-22T00:03:44","slug":"cizgili-defter","status":"publish","type":"product","link":"https:\/\/roveyayinevi.com.tr\/index.php\/urun\/cizgili-defter\/","title":{"rendered":"\u00c7izgili Defter"},"content":{"rendered":"<p>G\u00fcn\u0131\u015f\u0131\u011f\u0131 Kitapl\u0131\u011f\u0131&#8217;ndan 20. y\u0131la \u00f6zel &#8220;\u00c7izgili Defter&#8221;!\u00c7ocuk ve gen\u00e7lik edebiyat\u0131m\u0131za yepyeni bir yol \u00e7izen yay\u0131nevi G\u00fcn\u0131\u015f\u0131\u011f\u0131 Kitapl\u0131\u011f\u0131&#8217;n\u0131n, edebiyat yay\u0131nc\u0131l\u0131\u011f\u0131ndaki 20. y\u0131l\u0131 i\u00e7in haz\u0131rlad\u0131\u011f\u0131 \u00f6zel tasar\u0131m \u00c7izgili Defter kitap\u00e7\u0131larda! Her sayfas\u0131, yay\u0131nevinin bug\u00fcne dek yay\u0131mlad\u0131\u011f\u0131 \u00e7ocuk ve gen\u00e7lik edebiyat\u0131 kitaplar\u0131ndan derlenen 100&#8217;den fazla al\u0131nt\u0131 ve desenle bezeli 224 sayfal\u0131k defter, \u00f6zg\u00fcn bir alb\u00fcm niteli\u011finde.\u00c7izgili Defter&#8217;de; Sait Faik Abas\u0131yan\u0131k, Ursula K. Le Guin, Behi\u00e7 Ak, M\u00fcge \u0130plik\u00e7i, Selim \u0130leri, Necati Tosuner, Sema Kaygusuz, Tar\u0131k Dursun K., Neslihan \u00d6ndero\u011flu, Murathan Mungan, Asl\u0131 Der, Necati G\u00fcng\u00f6r, Asl\u0131 Tohumcu, Melih Cevdet Anday, Gaye Boral\u0131o\u011flu, Zoran Drvenkar, Cemil Kavuk\u00e7u ve Oktay Akbal gibi pek \u00e7ok \u00f6nemli yazar\u0131n G\u00fcn\u0131\u015f\u0131\u011f\u0131 Kitapl\u0131\u011f\u0131 taraf\u0131ndan yay\u0131mlanan kitaplar\u0131ndan ve se\u00e7kilerdeki yaz\u0131lar\u0131ndan al\u0131nt\u0131lar yer buluyor.\u00d6zenli bask\u0131s\u0131yla dikkati \u00e7eken defterin sayfalar\u0131 aras\u0131nda s\u00fcrprizler yaratan \u00f6zg\u00fcn desenler; Behi\u00e7 Ak, Oliver Jeffers, Huban Korman, Mustafa Delio\u011flu, Bet\u00fcl Say\u0131n, Sadi G\u00fcran, Sedat Girgin, G\u00f6zde Bitir, Reha Bar\u0131\u015f, \u00d6zge Ekmek\u00e7io\u011flu, Jacques Azam, Suzan Aral ve Peter H. Reynolds gibi \u00f6nemli sanat\u00e7\u0131lar\u0131n imzas\u0131n\u0131 ta\u015f\u0131yor.\u00c7izgili Defter, \u00e7ocuk ve gen\u00e7lik edebiyat\u0131m\u0131za \u00e7a\u011fda\u015f bir yorum kazand\u0131ran metinleri ve desenleri, her ya\u015ftan insan\u0131n edebiyatla kar\u015f\u0131la\u015fmas\u0131ndaki sihirli etkiyi ve bu etkinin toplumsal bar\u0131\u015fa, huzura yans\u0131mas\u0131n\u0131 \u00f6nemseyerek yay\u0131mlayan G\u00fcn\u0131\u015f\u0131\u011f\u0131 Kitapl\u0131\u011f\u0131&#8217;ndan bir arma\u011fan niteli\u011finde. Edebiyat\u0131n vazge\u00e7ilmezli\u011fini, uzman yay\u0131nc\u0131l\u0131\u011f\u0131, okuma hak ve \u00f6zg\u00fcrl\u00fcklerini savunan G\u00fcn\u0131\u015f\u0131\u011f\u0131 Kitapl\u0131\u011f\u0131&#8217;n\u0131n 20. y\u0131l\u0131n\u0131 ta\u00e7land\u0131ran defter, t\u00fcm kitap\u00e7\u0131 ve k\u0131rtasiyecilerde sat\u0131\u015fa sunuluyor. <\/p>\n","protected":false},"excerpt":{"rendered":"<p>G\u00fcn\u0131\u015f\u0131\u011f\u0131 Kitapl\u0131\u011f\u0131&#8217;ndan 20. y\u0131la \u00f6zel &#8220;\u00c7izgili Defter&#8221;!\u00c7ocuk ve gen\u00e7lik edebiyat\u0131m\u0131za yepyeni bir yol \u00e7izen yay\u0131nevi G\u00fcn\u0131\u015f\u0131\u011f\u0131 Kitapl\u0131\u011f\u0131&#8217;n\u0131n, edebiyat yay\u0131nc\u0131l\u0131\u011f\u0131ndaki 20. y\u0131l\u0131 i\u00e7in haz\u0131rlad\u0131\u011f\u0131 \u00f6zel tasar\u0131m \u00c7izgili<span class=\"excerpt-hellip\"> [\u2026]<\/span><\/p>\n","protected":false},"featured_media":0,"template":"","meta":{"_monsterinsights_skip_tracking":false,"_monsterinsights_sitenote_active":false,"_monsterinsights_sitenote_note":"","_monsterinsights_sitenote_category":0},"product_brand":[],"product_cat":[12274,12631],"product_tag":[],"class_list":{"0":"post-699054","1":"product","2":"type-product","3":"status-publish","5":"product_cat-cocuk-ve-genclik-kitaplari","6":"product_cat-diger-cocuk-ve-genclik-kitaplari","7":"pa_cilt-ciltsiz","8":"pa_tur-kitap20","9":"pa_yayinevi-gunisigi-kitapligi","10":"pa_yazar-kollektif","12":"first","13":"instock","14":"sale","15":"shipping-taxable","16":"purchasable","17":"product-type-simple"},"_links":{"self":[{"href":"https:\/\/roveyayinevi.com.tr\/index.php\/wp-json\/wp\/v2\/product\/699054","targetHints":{"allow":["GET"]}}],"collection":[{"href":"https:\/\/roveyayinevi.com.tr\/index.php\/wp-json\/wp\/v2\/product"}],"about":[{"href":"https:\/\/roveyayinevi.com.tr\/index.php\/wp-json\/wp\/v2\/types\/product"}],"wp:attachment":[{"href":"https:\/\/roveyayinevi.com.tr\/index.php\/wp-json\/wp\/v2\/media?parent=699054"}],"wp:term":[{"taxonomy":"product_brand","embeddable":true,"href":"https:\/\/roveyayinevi.com.tr\/index.php\/wp-json\/wp\/v2\/product_brand?post=699054"},{"taxonomy":"product_cat","embeddable":true,"href":"https:\/\/roveyayinevi.com.tr\/index.php\/wp-json\/wp\/v2\/product_cat?post=699054"},{"taxonomy":"product_tag","embeddable":true,"href":"https:\/\/roveyayinevi.com.tr\/index.php\/wp-json\/wp\/v2\/product_tag?post=699054"}],"curies":[{"name":"wp","href":"https:\/\/api.w.org\/{rel}","templated":true}]}}