{"id":699053,"date":"2025-08-27T14:48:57","date_gmt":"2025-08-27T11:48:57","guid":{"rendered":"https:\/\/roveyayinevi.com.tr\/index.php\/urun\/sohbet-medeniyeti\/"},"modified":"2026-04-16T02:08:24","modified_gmt":"2026-04-15T23:08:24","slug":"sohbet-medeniyeti","status":"publish","type":"product","link":"https:\/\/roveyayinevi.com.tr\/index.php\/urun\/sohbet-medeniyeti\/","title":{"rendered":"Sohbet Medeniyeti"},"content":{"rendered":"<p>Tarih boyunca kurulan bir\u00e7ok m\u00fcessese, kendini sohbet metodu yoluyla gelece\u011fe aktarabilmeyi ba\u015farm\u0131\u015f, bu sayede bir devaml\u0131l\u0131k \u015fuuru ve ruhu kazanabilmi\u015ftir. Tarihin bilinen ilk devirlerinden itibaren fertler aras\u0131nda cereyan eden konu\u015fmalar\u0131n, muhabbetlerin, toplant\u0131lar\u0131n bizde bir medeniyet \u015fubesi olarak ortaya \u00e7\u0131kt\u0131\u011f\u0131n\u0131 ve bunun zaman i\u00e7inde bir\u00e7ok rit\u00fceli i\u00e7ine ald\u0131\u011f\u0131n\u0131, b\u00f6ylece tarihin en renkli ve en mahalli \u00fcsluplarla i\u015fledi\u011fi bir sohbet gelene\u011fimizin olu\u015ftu\u011funu d\u00fc\u015f\u00fcn\u00fcyoruz. Bu gelenek, eskiye nazaran daha az icra ediliyor olsa bile insani m\u00fcnasebetlerin meydana gelmesine imkan tan\u0131yan f\u0131rsatlar\u0131yla halen devam etmektedir. Yasin \u015een\u2019in kaleminden Sohbet Medeniyeti eseri de bu k\u00f6kl\u00fc gelene\u011fi derinlemesine ele al\u0131yor.\u0130\u00e7indekiler:1. Sohber ve Medeniyet2. Tarih ve Sohbet3. Bu Bezm-i G\u00fclistandaki Sohbet Senin Olsun Firkat Benim Olsun4. Hazin Olma G\u00f6n\u00fcl Yar ile Sohbet El Ver\u00fcr Bir G\u00fcn5. Sohbet Ya HU6. \u00c7ay\u0131n\u0131z Rengindir La&#8217;l-i Leb-i Dil-Ber Kadar7. Yeni Zamanlar\u0131n Sohbet Tiryakileri<\/p>\n","protected":false},"excerpt":{"rendered":"<p>Tarih boyunca kurulan bir\u00e7ok m\u00fcessese, kendini sohbet metodu yoluyla gelece\u011fe aktarabilmeyi ba\u015farm\u0131\u015f, bu sayede bir devaml\u0131l\u0131k \u015fuuru ve ruhu kazanabilmi\u015ftir. Tarihin bilinen ilk devirlerinden itibaren fertler<span class=\"excerpt-hellip\"> [\u2026]<\/span><\/p>\n","protected":false},"featured_media":0,"template":"","meta":{"_monsterinsights_skip_tracking":false,"_monsterinsights_sitenote_active":false,"_monsterinsights_sitenote_note":"","_monsterinsights_sitenote_category":0},"product_brand":[],"product_cat":[13633,12324],"product_tag":[],"class_list":{"0":"post-699053","1":"product","2":"type-product","3":"status-publish","5":"product_cat-kultur-ve-bilim","6":"product_cat-sosyoloji","7":"pa_cilt-ciltsiz","8":"pa_tur-kitap","9":"pa_yayinevi-erdem-yayinlari","10":"pa_yazar-yasin-sen","12":"first","13":"instock","14":"sale","15":"shipping-taxable","16":"purchasable","17":"product-type-simple"},"_links":{"self":[{"href":"https:\/\/roveyayinevi.com.tr\/index.php\/wp-json\/wp\/v2\/product\/699053","targetHints":{"allow":["GET"]}}],"collection":[{"href":"https:\/\/roveyayinevi.com.tr\/index.php\/wp-json\/wp\/v2\/product"}],"about":[{"href":"https:\/\/roveyayinevi.com.tr\/index.php\/wp-json\/wp\/v2\/types\/product"}],"wp:attachment":[{"href":"https:\/\/roveyayinevi.com.tr\/index.php\/wp-json\/wp\/v2\/media?parent=699053"}],"wp:term":[{"taxonomy":"product_brand","embeddable":true,"href":"https:\/\/roveyayinevi.com.tr\/index.php\/wp-json\/wp\/v2\/product_brand?post=699053"},{"taxonomy":"product_cat","embeddable":true,"href":"https:\/\/roveyayinevi.com.tr\/index.php\/wp-json\/wp\/v2\/product_cat?post=699053"},{"taxonomy":"product_tag","embeddable":true,"href":"https:\/\/roveyayinevi.com.tr\/index.php\/wp-json\/wp\/v2\/product_tag?post=699053"}],"curies":[{"name":"wp","href":"https:\/\/api.w.org\/{rel}","templated":true}]}}