{"id":699051,"date":"2025-08-27T14:48:56","date_gmt":"2025-08-27T11:48:56","guid":{"rendered":"https:\/\/roveyayinevi.com.tr\/index.php\/urun\/yasam-aski\/"},"modified":"2026-04-16T02:08:24","modified_gmt":"2026-04-15T23:08:24","slug":"yasam-aski","status":"publish","type":"product","link":"https:\/\/roveyayinevi.com.tr\/index.php\/urun\/yasam-aski\/","title":{"rendered":"Ya\u015fam A\u015fk\u0131"},"content":{"rendered":"<p>Zerd\u00fc\u015ft sizi, imkans\u0131zl\u0131\u011f\u0131 arayan biri, bir da\u011fc\u0131, kimsenin gitmedi\u011fi ve belki de kimsenin asla gitmeyece\u011fi yerlere giden bir gezgin olman\u0131z i\u00e7in k\u0131\u015fk\u0131rtmak ister. \ufffcTan\u0131t\u0131m Metni<\/p>\n","protected":false},"excerpt":{"rendered":"<p>Zerd\u00fc\u015ft sizi, imkans\u0131zl\u0131\u011f\u0131 arayan biri, bir da\u011fc\u0131, kimsenin gitmedi\u011fi ve belki de kimsenin asla gitmeyece\u011fi yerlere giden bir gezgin olman\u0131z i\u00e7in k\u0131\u015fk\u0131rtmak ister. \ufffcTan\u0131t\u0131m Metni<\/p>\n","protected":false},"featured_media":0,"template":"","meta":{"_monsterinsights_skip_tracking":false,"_monsterinsights_sitenote_active":false,"_monsterinsights_sitenote_note":"","_monsterinsights_sitenote_category":0},"product_brand":[],"product_cat":[12364,12376],"product_tag":[],"class_list":{"0":"post-699051","1":"product","2":"type-product","3":"status-publish","5":"product_cat-genel-konular","6":"product_cat-kisisel-gelisim","7":"pa_cilt-ciltsiz","8":"pa_tur-kitap","9":"pa_yayinevi-omega","10":"pa_yazar-osho-bhagwan-shree-rajneesh","12":"first","13":"instock","14":"sale","15":"shipping-taxable","16":"purchasable","17":"product-type-simple"},"_links":{"self":[{"href":"https:\/\/roveyayinevi.com.tr\/index.php\/wp-json\/wp\/v2\/product\/699051","targetHints":{"allow":["GET"]}}],"collection":[{"href":"https:\/\/roveyayinevi.com.tr\/index.php\/wp-json\/wp\/v2\/product"}],"about":[{"href":"https:\/\/roveyayinevi.com.tr\/index.php\/wp-json\/wp\/v2\/types\/product"}],"wp:attachment":[{"href":"https:\/\/roveyayinevi.com.tr\/index.php\/wp-json\/wp\/v2\/media?parent=699051"}],"wp:term":[{"taxonomy":"product_brand","embeddable":true,"href":"https:\/\/roveyayinevi.com.tr\/index.php\/wp-json\/wp\/v2\/product_brand?post=699051"},{"taxonomy":"product_cat","embeddable":true,"href":"https:\/\/roveyayinevi.com.tr\/index.php\/wp-json\/wp\/v2\/product_cat?post=699051"},{"taxonomy":"product_tag","embeddable":true,"href":"https:\/\/roveyayinevi.com.tr\/index.php\/wp-json\/wp\/v2\/product_tag?post=699051"}],"curies":[{"name":"wp","href":"https:\/\/api.w.org\/{rel}","templated":true}]}}