{"id":699047,"date":"2025-08-27T14:48:55","date_gmt":"2025-08-27T11:48:55","guid":{"rendered":"https:\/\/roveyayinevi.com.tr\/index.php\/urun\/atesler\/"},"modified":"2025-12-30T09:49:20","modified_gmt":"2025-12-30T06:49:20","slug":"atesler","status":"publish","type":"product","link":"https:\/\/roveyayinevi.com.tr\/index.php\/urun\/atesler\/","title":{"rendered":"Ate\u015fler"},"content":{"rendered":"<p>Bir a\u015fk bunal\u0131m\u0131n\u0131n \u00fcr\u00fcn\u00fc olan   Ate\u015fler  , bir a\u015fk \u015fiirleri derlemesi say\u0131labilir, ya da, \u015f\u00f6yle de diyebiliriz; belli bir a\u015fk mefhumuyla birbirlerine ba\u011flanm\u0131\u015f bir dizi lirik d\u00fczyaz\u0131. Bu haliyle eser hi\u00e7bir yorum gerektirmez, \u00e7\u00fcnk\u00fc kurban\u0131na hem bir illet hem bir temay\u00fcl olarak kendini dayatan mutlak a\u015fk, en eski zamanlardan beri, tecr\u00fcbe edilmi\u015f bir olgu ve edebiyat\u0131n en \u00e7ok i\u015flenmi\u015f konular\u0131ndan biri olmu\u015ftur. Bu kitaba kaynakl\u0131k eden a\u015fk gibi, ya\u015fanan her a\u015fk\u0131n, karma\u015f\u0131k bir duygular ve \u015fartlar kar\u0131\u015f\u0131m\u0131n\u0131n yard\u0131m\u0131yla, verili bir durumun i\u00e7inde olu\u015ftu\u011fu, ard\u0131ndan bozuldu\u011fu hat\u0131rlat\u0131labilir.   Ate\u015fler  de bu duygular ve bu \u015fartlar kah do\u011frudan, ama olduk\u00e7a gizli bir \u015fekilde, ba\u015flang\u0131\u00e7ta \u00e7o\u011fu g\u00fcnce notlar\u0131 olan kopuk   d\u00fc\u015f\u00fcnceler   arac\u0131l\u0131\u011f\u0131yla, kah tersine dolayl\u0131 yoldan, efsaneden ya da tarihten \u00f6d\u00fcn\u00e7 al\u0131nm\u0131\u015f ve zaman\u0131n i\u00e7inden \u015faire birer destek olarak hizmet etmesi d\u00fc\u015f\u00fcn\u00fclm\u00fc\u015f hikayeler arac\u0131l\u0131\u011f\u0131yla dile gelirler. <\/p>\n","protected":false},"excerpt":{"rendered":"<p>Bir a\u015fk bunal\u0131m\u0131n\u0131n \u00fcr\u00fcn\u00fc olan Ate\u015fler , bir a\u015fk \u015fiirleri derlemesi say\u0131labilir, ya da, \u015f\u00f6yle de diyebiliriz; belli bir a\u015fk mefhumuyla birbirlerine ba\u011flanm\u0131\u015f bir dizi lirik<span class=\"excerpt-hellip\"> [\u2026]<\/span><\/p>\n","protected":false},"featured_media":0,"template":"","meta":{"_monsterinsights_skip_tracking":false,"_monsterinsights_sitenote_active":false,"_monsterinsights_sitenote_note":"","_monsterinsights_sitenote_category":0},"product_brand":[],"product_cat":[12291,13376],"product_tag":[],"class_list":{"0":"post-699047","1":"product","2":"type-product","3":"status-publish","5":"product_cat-edebiyat","6":"product_cat-fransiz-edebiyati","7":"pa_cilt-ciltsiz","8":"pa_tur-kitap","9":"pa_yayinevi-metis-yayinlari","10":"pa_yazar-marguerite-yourcenar","12":"first","13":"instock","14":"sale","15":"shipping-taxable","16":"purchasable","17":"product-type-simple"},"_links":{"self":[{"href":"https:\/\/roveyayinevi.com.tr\/index.php\/wp-json\/wp\/v2\/product\/699047","targetHints":{"allow":["GET"]}}],"collection":[{"href":"https:\/\/roveyayinevi.com.tr\/index.php\/wp-json\/wp\/v2\/product"}],"about":[{"href":"https:\/\/roveyayinevi.com.tr\/index.php\/wp-json\/wp\/v2\/types\/product"}],"wp:attachment":[{"href":"https:\/\/roveyayinevi.com.tr\/index.php\/wp-json\/wp\/v2\/media?parent=699047"}],"wp:term":[{"taxonomy":"product_brand","embeddable":true,"href":"https:\/\/roveyayinevi.com.tr\/index.php\/wp-json\/wp\/v2\/product_brand?post=699047"},{"taxonomy":"product_cat","embeddable":true,"href":"https:\/\/roveyayinevi.com.tr\/index.php\/wp-json\/wp\/v2\/product_cat?post=699047"},{"taxonomy":"product_tag","embeddable":true,"href":"https:\/\/roveyayinevi.com.tr\/index.php\/wp-json\/wp\/v2\/product_tag?post=699047"}],"curies":[{"name":"wp","href":"https:\/\/api.w.org\/{rel}","templated":true}]}}