{"id":699042,"date":"2025-08-27T14:48:53","date_gmt":"2025-08-27T11:48:53","guid":{"rendered":"https:\/\/roveyayinevi.com.tr\/index.php\/urun\/kutadgu-bilig\/"},"modified":"2026-04-16T02:08:24","modified_gmt":"2026-04-15T23:08:24","slug":"kutadgu-bilig","status":"publish","type":"product","link":"https:\/\/roveyayinevi.com.tr\/index.php\/urun\/kutadgu-bilig\/","title":{"rendered":"Kutadgu Bilig"},"content":{"rendered":"<p>Her s\u00f6yledi\u011fini bilerek ve i\u00e7inde hissederek s\u00f6yle. Herkesin, sahip oldu\u011fu bilgiden dolay\u0131 ve bu bilgi kadar sayg\u0131nl\u0131k kazand\u0131\u011f\u0131n\u0131 iyi bil. \u0130nsan\u203an g\u00f6nl\u00fc sonsuz bir deniz gibidir. Bilgi ise, o denizin dibinde yatan de\u011ferli bir incidir. (&#8230;) Ey y\u00fcce insan! Bilginin de\u011ferini iyi anla. Bilgi de anlay\u0131\u015f da ger\u00e7ekten \u00e7ok de\u011ferli \u015feylerdir. Nerede bulursan onlar\u0131 i\u015flet ve b\u00f6ylece kendini y\u00fckselt.<\/p>\n","protected":false},"excerpt":{"rendered":"<p>Her s\u00f6yledi\u011fini bilerek ve i\u00e7inde hissederek s\u00f6yle. Herkesin, sahip oldu\u011fu bilgiden dolay\u0131 ve bu bilgi kadar sayg\u0131nl\u0131k kazand\u0131\u011f\u0131n\u0131 iyi bil. \u0130nsan\u203an g\u00f6nl\u00fc sonsuz bir deniz gibidir.<span class=\"excerpt-hellip\"> [\u2026]<\/span><\/p>\n","protected":false},"featured_media":0,"template":"","meta":{"_monsterinsights_skip_tracking":false,"_monsterinsights_sitenote_active":false,"_monsterinsights_sitenote_note":"","_monsterinsights_sitenote_category":0},"product_brand":[],"product_cat":[12364],"product_tag":[],"class_list":{"0":"post-699042","1":"product","2":"type-product","3":"status-publish","5":"product_cat-genel-konular","6":"pa_cilt-ciltsiz","7":"pa_tur-kitap","8":"pa_yayinevi-iskele-yayincilik","9":"pa_yazar-yusuf-has-hacib","11":"first","12":"instock","13":"sale","14":"shipping-taxable","15":"purchasable","16":"product-type-simple"},"_links":{"self":[{"href":"https:\/\/roveyayinevi.com.tr\/index.php\/wp-json\/wp\/v2\/product\/699042","targetHints":{"allow":["GET"]}}],"collection":[{"href":"https:\/\/roveyayinevi.com.tr\/index.php\/wp-json\/wp\/v2\/product"}],"about":[{"href":"https:\/\/roveyayinevi.com.tr\/index.php\/wp-json\/wp\/v2\/types\/product"}],"wp:attachment":[{"href":"https:\/\/roveyayinevi.com.tr\/index.php\/wp-json\/wp\/v2\/media?parent=699042"}],"wp:term":[{"taxonomy":"product_brand","embeddable":true,"href":"https:\/\/roveyayinevi.com.tr\/index.php\/wp-json\/wp\/v2\/product_brand?post=699042"},{"taxonomy":"product_cat","embeddable":true,"href":"https:\/\/roveyayinevi.com.tr\/index.php\/wp-json\/wp\/v2\/product_cat?post=699042"},{"taxonomy":"product_tag","embeddable":true,"href":"https:\/\/roveyayinevi.com.tr\/index.php\/wp-json\/wp\/v2\/product_tag?post=699042"}],"curies":[{"name":"wp","href":"https:\/\/api.w.org\/{rel}","templated":true}]}}