{"id":699039,"date":"2025-08-27T14:48:52","date_gmt":"2025-08-27T11:48:52","guid":{"rendered":"https:\/\/roveyayinevi.com.tr\/index.php\/urun\/asiye-kabahatten-sarkilar-dinlediniz\/"},"modified":"2026-04-16T02:08:23","modified_gmt":"2026-04-15T23:08:23","slug":"asiye-kabahatten-sarkilar-dinlediniz","status":"publish","type":"product","link":"https:\/\/roveyayinevi.com.tr\/index.php\/urun\/asiye-kabahatten-sarkilar-dinlediniz\/","title":{"rendered":"Asiye Kabahat&#8217;ten \u015eark\u0131lar Dinlediniz"},"content":{"rendered":"<p>Y\u0131\u011f\u0131ld\u0131\u011f\u0131n g\u00fcnlerin sonuna gelirsin. D\u00fc\u015ft\u00fc\u011f\u00fcn zeminden, \u00e7\u00f6kt\u00fc\u011f\u00fcn kald\u0131r\u0131m kenar\u0131ndan aya\u011fa kalkars\u0131n. Hayat beklemez \u00e7\u00fcnk\u00fc. Ve daha \u00f6lmediysen, ya\u015f\u0131yor taklidi yapman gerekir. Bedenine yabanc\u0131 kal\u0131rs\u0131n, aynalar\u0131n \u00fczerine \u00f6rt\u00fcler atars\u0131n. G\u00f6rmeyesin kendini diye. Ve ellerini hi\u00e7bir \u015fey \u0131s\u0131tmaz. Burnunu, kollar\u0131n\u0131, ayaklar\u0131n\u0131 da. So\u011fuk sular iner omurgandan a\u015fa\u011f\u0131, bir yandan da aln\u0131n terler ama. \u201c\u0130yi misin?\u201d sorusunu sormas\u0131nlar diye ara sokaklara, daha \u00f6nce hi\u00e7 ge\u00e7medi\u011fin yollara sapars\u0131n. Yabanc\u0131larla konu\u015fur, en yak\u0131n olan\u0131ndan ka\u00e7ars\u0131n. Utan\u0131rs\u0131n, \u00e7\u00fcnk\u00fc birinin utanmas\u0131 gerekir. <\/p>\n","protected":false},"excerpt":{"rendered":"<p>Y\u0131\u011f\u0131ld\u0131\u011f\u0131n g\u00fcnlerin sonuna gelirsin. D\u00fc\u015ft\u00fc\u011f\u00fcn zeminden, \u00e7\u00f6kt\u00fc\u011f\u00fcn kald\u0131r\u0131m kenar\u0131ndan aya\u011fa kalkars\u0131n. Hayat beklemez \u00e7\u00fcnk\u00fc. Ve daha \u00f6lmediysen, ya\u015f\u0131yor taklidi yapman gerekir. Bedenine yabanc\u0131 kal\u0131rs\u0131n, aynalar\u0131n \u00fczerine<span class=\"excerpt-hellip\"> [\u2026]<\/span><\/p>\n","protected":false},"featured_media":0,"template":"","meta":{"_monsterinsights_skip_tracking":false,"_monsterinsights_sitenote_active":false,"_monsterinsights_sitenote_note":"","_monsterinsights_sitenote_category":0},"product_brand":[],"product_cat":[18545,12291],"product_tag":[],"class_list":{"0":"post-699039","1":"product","2":"type-product","3":"status-publish","5":"product_cat-anlati","6":"product_cat-edebiyat","7":"pa_cilt-ciltsiz","8":"pa_tur-kitap","9":"pa_yayinevi-can-yayinlari","10":"pa_yazar-karin-karakasli","12":"first","13":"instock","14":"sale","15":"shipping-taxable","16":"purchasable","17":"product-type-simple"},"_links":{"self":[{"href":"https:\/\/roveyayinevi.com.tr\/index.php\/wp-json\/wp\/v2\/product\/699039","targetHints":{"allow":["GET"]}}],"collection":[{"href":"https:\/\/roveyayinevi.com.tr\/index.php\/wp-json\/wp\/v2\/product"}],"about":[{"href":"https:\/\/roveyayinevi.com.tr\/index.php\/wp-json\/wp\/v2\/types\/product"}],"wp:attachment":[{"href":"https:\/\/roveyayinevi.com.tr\/index.php\/wp-json\/wp\/v2\/media?parent=699039"}],"wp:term":[{"taxonomy":"product_brand","embeddable":true,"href":"https:\/\/roveyayinevi.com.tr\/index.php\/wp-json\/wp\/v2\/product_brand?post=699039"},{"taxonomy":"product_cat","embeddable":true,"href":"https:\/\/roveyayinevi.com.tr\/index.php\/wp-json\/wp\/v2\/product_cat?post=699039"},{"taxonomy":"product_tag","embeddable":true,"href":"https:\/\/roveyayinevi.com.tr\/index.php\/wp-json\/wp\/v2\/product_tag?post=699039"}],"curies":[{"name":"wp","href":"https:\/\/api.w.org\/{rel}","templated":true}]}}