{"id":699038,"date":"2025-08-27T14:48:52","date_gmt":"2025-08-27T11:48:52","guid":{"rendered":"https:\/\/roveyayinevi.com.tr\/index.php\/urun\/baliklar-tiyatroda\/"},"modified":"2026-04-16T02:08:23","modified_gmt":"2026-04-15T23:08:23","slug":"baliklar-tiyatroda","status":"publish","type":"product","link":"https:\/\/roveyayinevi.com.tr\/index.php\/urun\/baliklar-tiyatroda\/","title":{"rendered":"Bal\u0131klar Tiyatroda"},"content":{"rendered":"<p>Yaz tatili s\u0131ras\u0131nda oltayla bal\u0131k avlamaya \u00e7al\u0131\u015fan \u00fc\u00e7 kafadar var bu kitapta: Serap, Erkan ve Tu\u011frul. Sakin bir k\u00f6\u015fede \u015fanslar\u0131n\u0131 denemekte olan \u00e7ocuklar\u0131n kar\u015f\u0131s\u0131na beklenmedik adamlar \u00e7\u0131kar bir g\u00fcn. Hepsinin de kendine g\u00f6re ilgin\u00e7 \u00f6zellikleri vard\u0131r. B\u00f6ylece hem e\u011flenceli hem de gerilimli dakikalar ya\u015fan\u0131r. Bal\u0131klar bile olan\u0131 biteni ilgiyle izlemektedir.Eve d\u00f6nmeye karar verdikleri s\u0131rada ise y\u00fczerek gelen bir kad\u0131n her \u015feyi de\u011fi\u015ftirir.Deniz k\u0131y\u0131s\u0131 de\u011fil de tiyatro sahnesi sanki.Acaba ger\u00e7ek ne?<\/p>\n","protected":false},"excerpt":{"rendered":"<p>Yaz tatili s\u0131ras\u0131nda oltayla bal\u0131k avlamaya \u00e7al\u0131\u015fan \u00fc\u00e7 kafadar var bu kitapta: Serap, Erkan ve Tu\u011frul. Sakin bir k\u00f6\u015fede \u015fanslar\u0131n\u0131 denemekte olan \u00e7ocuklar\u0131n kar\u015f\u0131s\u0131na beklenmedik adamlar<span class=\"excerpt-hellip\"> [\u2026]<\/span><\/p>\n","protected":false},"featured_media":0,"template":"","meta":{"_monsterinsights_skip_tracking":false,"_monsterinsights_sitenote_active":false,"_monsterinsights_sitenote_note":"","_monsterinsights_sitenote_category":0},"product_brand":[],"product_cat":[12274,12284],"product_tag":[],"class_list":{"0":"post-699038","1":"product","2":"type-product","3":"status-publish","5":"product_cat-cocuk-ve-genclik-kitaplari","6":"product_cat-hikayeler","7":"pa_cilt-ciltsiz","8":"pa_tur-kitap","9":"pa_yayinevi-tudem-yayinlari","10":"pa_yazar-mehmet-atilla","12":"first","13":"instock","14":"sale","15":"shipping-taxable","16":"purchasable","17":"product-type-simple"},"_links":{"self":[{"href":"https:\/\/roveyayinevi.com.tr\/index.php\/wp-json\/wp\/v2\/product\/699038","targetHints":{"allow":["GET"]}}],"collection":[{"href":"https:\/\/roveyayinevi.com.tr\/index.php\/wp-json\/wp\/v2\/product"}],"about":[{"href":"https:\/\/roveyayinevi.com.tr\/index.php\/wp-json\/wp\/v2\/types\/product"}],"wp:attachment":[{"href":"https:\/\/roveyayinevi.com.tr\/index.php\/wp-json\/wp\/v2\/media?parent=699038"}],"wp:term":[{"taxonomy":"product_brand","embeddable":true,"href":"https:\/\/roveyayinevi.com.tr\/index.php\/wp-json\/wp\/v2\/product_brand?post=699038"},{"taxonomy":"product_cat","embeddable":true,"href":"https:\/\/roveyayinevi.com.tr\/index.php\/wp-json\/wp\/v2\/product_cat?post=699038"},{"taxonomy":"product_tag","embeddable":true,"href":"https:\/\/roveyayinevi.com.tr\/index.php\/wp-json\/wp\/v2\/product_tag?post=699038"}],"curies":[{"name":"wp","href":"https:\/\/api.w.org\/{rel}","templated":true}]}}