{"id":699037,"date":"2025-08-27T14:48:51","date_gmt":"2025-08-27T11:48:51","guid":{"rendered":"https:\/\/roveyayinevi.com.tr\/index.php\/urun\/baba-beni-anlasana\/"},"modified":"2026-04-16T02:08:23","modified_gmt":"2026-04-15T23:08:23","slug":"baba-beni-anlasana","status":"publish","type":"product","link":"https:\/\/roveyayinevi.com.tr\/index.php\/urun\/baba-beni-anlasana\/","title":{"rendered":"Baba Beni Anlasana"},"content":{"rendered":"<p>Do\u011faya dost bir ya\u015fam m\u00fcmk\u00fcn olabilir mi?Toprak I\u015f\u0131k\u2019\u0131n b\u00fcy\u00fck be\u011feni toplayan \u201cFen ve Teknoloji\u201d dizisinin ikinci kitab\u0131 Baba Beni Anlasana, madde ve de\u011fi\u015fim konular\u0131 \u00fczerine ilham verici bir direni\u015f hikayesi anlat\u0131yor gen\u00e7 okurlar\u0131na\u2026Y\u0131l boyunca okula gitmek yetmezmi\u015f gibi, bir de yaz tatili s\u00fcresince dershaneye gitmek\u2026 Olacak \u015fey de\u011fil! Ceren, uzun ve yorucu ge\u00e7en bir e\u011fitim-\u00f6\u011fretim y\u0131l\u0131n\u0131n getirdi\u011fi ruh haliyle hayat\u0131nda bir tak\u0131m de\u011fi\u015fiklikler yapmakta kararl\u0131 gibi g\u00f6r\u00fcn\u00fcyor. Peki, ama nas\u0131l?.. Ceren, \u00e7areyi kendi gibi isyank\u00e2r ruhlu babaannesi Kimya Nine\u2019nin yan\u0131na ka\u00e7makta buluyor. Kimya Nine emekli bir profes\u00f6r. Bizimora ad\u0131nda, ekolojik bir k\u00f6yde ya\u015f\u0131yor. Y\u0131llar boyunca \u015fehir hayat\u0131n\u0131n getirdi\u011fi olumsuzluklardan bunalarak hem ruhsal hem de bedensel bir yeniden do\u011fu\u015f ihtiyac\u0131 hisseden Kimya Nine, bu k\u00f6yde uzun zamand\u0131r d\u00fc\u015f\u00fcn\u00fc kurdu\u011fu do\u011fal ya\u015fam\u0131n temellerini at\u0131yor. Ceren\u2019i b\u00f6yle bir ad\u0131m atmaya y\u00fcreklendiren as\u0131l \u015fey ise babaannesinin y\u0131llar \u00f6nce \u015fehir hayat\u0131na kar\u015f\u0131 sergiledi\u011fi bu ba\u015fkald\u0131r\u0131\u015f ve giri\u015fimci ruh oluyor\u2026Ceren, tela\u015fl\u0131 babas\u0131 Ke\u015fif Bey ve duygusal annesi Arzu Han\u0131m\u2019\u0131n t\u00fcm \u0131srarlar\u0131na ra\u011fmen geri d\u00f6nm\u00fcyor ve bir yolunu bulup Kimya Nine\u2019nin yan\u0131nda kalmay\u0131 ba\u015far\u0131yor. Bizimora\u2019da hayat \u015fehirdekinden \u00e7ok daha g\u00fczel, \u00e7ok daha mutlu ge\u00e7iyor. Ama tahmin edilece\u011fi \u00fczere, \u015fehrin hemen yan\u0131ba\u015f\u0131ndaki b\u00f6ylesi bir do\u011fal g\u00fczellik y\u00fcksek medeniyetin g\u00f6z\u00fcne batt\u0131k\u00e7a bat\u0131yor\u2026 Plan haz\u0131r: Bizimora\u2019y\u0131 y\u0131k\u0131p yerine rant elde edilecek y\u00fcksek konutlu bir site projesi hayata ge\u00e7irmek. Peki, on y\u0131l boyunca di\u015fiyle t\u0131rna\u011f\u0131yla, hi\u00e7 dur durak bilmeden Bizimora\u2019y\u0131 g\u00fczelle\u015ftirmek i\u00e7in \u00e7\u0131rp\u0131n\u0131p duran Kimya Nine, b\u00f6yle bir \u015feye m\u00fcsaade eder mi dersiniz? Tabii ki hay\u0131r! Pes etmek yok! \u0130dealist Kimya Nine\u2019nin idealist torunu Ceren, Ba\u015fkan\u2019\u0131n o\u011flu Doruk ve k\u00f6y\u00fcn iki sakini Nuh ile e\u015fi Zeynep\u2019i de yan\u0131na alarak ak\u0131llara durgunluk verecek bir direni\u015f sergiliyor. \u00dcstelik kar\u015f\u0131lar\u0131na \u00e7\u0131kan pek \u00e7ok tats\u0131z tesad\u00fcfe ra\u011fmen&#8230;\u00c7o\u011funlu\u011fu \u00e7ocuklardan olu\u015fan bir avu\u00e7 insan toplulu\u011funun g\u00f6sterdi\u011fi bu b\u00fcy\u00fck dayan\u0131\u015fma ve m\u00fccadele, hayatta kar\u015f\u0131m\u0131za ne \u00e7\u0131karsa \u00e7\u0131ks\u0131n umudumuzu asla yitirmememiz gerekti\u011fini bize bir kez daha an\u0131msat\u0131yor. Baba Beni Anlasana, do\u011fa ile dost bir ya\u015fam\u0131n m\u00fcmk\u00fcn olabilirli\u011fini sorgularken, ayn\u0131 zamanda b\u00f6yle bir ya\u015fam bi\u00e7iminin ka\u00e7\u0131n\u0131lmaz oldu\u011funu da vurgulamaktan geri kalm\u0131yor\u2026Toprak I\u015f\u0131k\u2019\u0131n b\u00fcy\u00fck bir titizlikle, 4. 5. ve 6. s\u0131n\u0131f fen ve teknoloji ders konular\u0131n\u0131 roman kurgusu i\u00e7erisinde sundu\u011fu bu keyifli dizi, t\u00fcr\u00fcn\u00fcn en iyi \u00f6rneklerinden biri olarak selaml\u0131yor okurlar\u0131n\u0131.<\/p>\n","protected":false},"excerpt":{"rendered":"<p>Do\u011faya dost bir ya\u015fam m\u00fcmk\u00fcn olabilir mi?Toprak I\u015f\u0131k\u2019\u0131n b\u00fcy\u00fck be\u011feni toplayan \u201cFen ve Teknoloji\u201d dizisinin ikinci kitab\u0131 Baba Beni Anlasana, madde ve de\u011fi\u015fim konular\u0131 \u00fczerine ilham<span class=\"excerpt-hellip\"> [\u2026]<\/span><\/p>\n","protected":false},"featured_media":0,"template":"","meta":{"_monsterinsights_skip_tracking":false,"_monsterinsights_sitenote_active":false,"_monsterinsights_sitenote_note":"","_monsterinsights_sitenote_category":0},"product_brand":[],"product_cat":[12274,12284],"product_tag":[],"class_list":{"0":"post-699037","1":"product","2":"type-product","3":"status-publish","5":"product_cat-cocuk-ve-genclik-kitaplari","6":"product_cat-hikayeler","7":"pa_cilt-ciltsiz","8":"pa_tur-kitap","9":"pa_yayinevi-tudem-yayinlari","10":"pa_yazar-toprak-isik","12":"first","13":"instock","14":"sale","15":"shipping-taxable","16":"purchasable","17":"product-type-simple"},"_links":{"self":[{"href":"https:\/\/roveyayinevi.com.tr\/index.php\/wp-json\/wp\/v2\/product\/699037","targetHints":{"allow":["GET"]}}],"collection":[{"href":"https:\/\/roveyayinevi.com.tr\/index.php\/wp-json\/wp\/v2\/product"}],"about":[{"href":"https:\/\/roveyayinevi.com.tr\/index.php\/wp-json\/wp\/v2\/types\/product"}],"wp:attachment":[{"href":"https:\/\/roveyayinevi.com.tr\/index.php\/wp-json\/wp\/v2\/media?parent=699037"}],"wp:term":[{"taxonomy":"product_brand","embeddable":true,"href":"https:\/\/roveyayinevi.com.tr\/index.php\/wp-json\/wp\/v2\/product_brand?post=699037"},{"taxonomy":"product_cat","embeddable":true,"href":"https:\/\/roveyayinevi.com.tr\/index.php\/wp-json\/wp\/v2\/product_cat?post=699037"},{"taxonomy":"product_tag","embeddable":true,"href":"https:\/\/roveyayinevi.com.tr\/index.php\/wp-json\/wp\/v2\/product_tag?post=699037"}],"curies":[{"name":"wp","href":"https:\/\/api.w.org\/{rel}","templated":true}]}}