{"id":699034,"date":"2025-08-27T14:48:39","date_gmt":"2025-08-27T11:48:39","guid":{"rendered":"https:\/\/roveyayinevi.com.tr\/index.php\/urun\/larousse-fransizca-ilk-1000-hayvan\/"},"modified":"2026-04-16T02:08:23","modified_gmt":"2026-04-15T23:08:23","slug":"larousse-fransizca-ilk-1000-hayvan","status":"publish","type":"product","link":"https:\/\/roveyayinevi.com.tr\/index.php\/urun\/larousse-fransizca-ilk-1000-hayvan\/","title":{"rendered":"Larousse Frans\u0131zca \u0130lk 1000 Hayvan"},"content":{"rendered":"<p>Larousse Frans\u0131zca \u0130lk 1000 Hayvan, Frans\u0131zca \u00f6\u011frenmek isteyen herkesin en b\u00fcy\u00fck deste\u011fi olacak. Bu kitap sayesinde sadece hayvanlar\u0131n Frans\u0131zca isimlerini de\u011fil, ayn\u0131 zamanda bu hayvanlar\u0131n ya\u015fad\u0131klar\u0131 do\u011fal ortamlarla ilgili temel kelimeleri de \u00f6\u011frenmi\u015f olacaks\u0131n\u0131z. <\/p>\n","protected":false},"excerpt":{"rendered":"<p>Larousse Frans\u0131zca \u0130lk 1000 Hayvan, Frans\u0131zca \u00f6\u011frenmek isteyen herkesin en b\u00fcy\u00fck deste\u011fi olacak. Bu kitap sayesinde sadece hayvanlar\u0131n Frans\u0131zca isimlerini de\u011fil, ayn\u0131 zamanda bu hayvanlar\u0131n ya\u015fad\u0131klar\u0131<span class=\"excerpt-hellip\"> [\u2026]<\/span><\/p>\n","protected":false},"featured_media":0,"template":"","meta":{"_monsterinsights_skip_tracking":false,"_monsterinsights_sitenote_active":false,"_monsterinsights_sitenote_note":"","_monsterinsights_sitenote_category":0},"product_brand":[],"product_cat":[14597,12566],"product_tag":[],"class_list":{"0":"post-699034","1":"product","2":"type-product","3":"status-publish","5":"product_cat-dil-ogrenimi","6":"product_cat-egitim","7":"pa_tur-kitap","8":"pa_yayinevi-mavi-kelebek-yayinlari","9":"pa_yazar-kolektif","11":"first","12":"instock","13":"sale","14":"shipping-taxable","15":"purchasable","16":"product-type-simple"},"_links":{"self":[{"href":"https:\/\/roveyayinevi.com.tr\/index.php\/wp-json\/wp\/v2\/product\/699034","targetHints":{"allow":["GET"]}}],"collection":[{"href":"https:\/\/roveyayinevi.com.tr\/index.php\/wp-json\/wp\/v2\/product"}],"about":[{"href":"https:\/\/roveyayinevi.com.tr\/index.php\/wp-json\/wp\/v2\/types\/product"}],"wp:attachment":[{"href":"https:\/\/roveyayinevi.com.tr\/index.php\/wp-json\/wp\/v2\/media?parent=699034"}],"wp:term":[{"taxonomy":"product_brand","embeddable":true,"href":"https:\/\/roveyayinevi.com.tr\/index.php\/wp-json\/wp\/v2\/product_brand?post=699034"},{"taxonomy":"product_cat","embeddable":true,"href":"https:\/\/roveyayinevi.com.tr\/index.php\/wp-json\/wp\/v2\/product_cat?post=699034"},{"taxonomy":"product_tag","embeddable":true,"href":"https:\/\/roveyayinevi.com.tr\/index.php\/wp-json\/wp\/v2\/product_tag?post=699034"}],"curies":[{"name":"wp","href":"https:\/\/api.w.org\/{rel}","templated":true}]}}