{"id":699031,"date":"2025-08-27T14:48:38","date_gmt":"2025-08-27T11:48:38","guid":{"rendered":"https:\/\/roveyayinevi.com.tr\/index.php\/urun\/bir-seftali-bin-seftali-5\/"},"modified":"2026-04-16T02:08:23","modified_gmt":"2026-04-15T23:08:23","slug":"bir-seftali-bin-seftali-5","status":"publish","type":"product","link":"https:\/\/roveyayinevi.com.tr\/index.php\/urun\/bir-seftali-bin-seftali-5\/","title":{"rendered":"Bir \u015eeftali Bin \u015eeftali"},"content":{"rendered":"<p>Demek ki meyve olarak kalmayacakt\u0131m. \u00d6nemli olan meyveyi besin olarak di\u011fer canl\u0131lara sunmak, onlar\u0131 beslemeye yard\u0131m etmekti. \u00c7ekirde\u011fim ise topra\u011fa girecek yeni bir \u015feftali fidan\u0131 ye\u015ferecekti. Fidan a\u011faca d\u00f6n\u00fc\u015fecekti. Meyve olarak \u00f6lecektim, ama fidan olarak b\u00fcy\u00fcyecektim. Ben tek bir \u015feftaliydim. \u00c7ekirde\u011fim a\u011fa\u00e7 olunca yeni meyveler verecektim. Bir \u015feftali, bin \u015feftali verecekti. \ufffcTan\u0131t\u0131m Metni<\/p>\n","protected":false},"excerpt":{"rendered":"<p>Demek ki meyve olarak kalmayacakt\u0131m. \u00d6nemli olan meyveyi besin olarak di\u011fer canl\u0131lara sunmak, onlar\u0131 beslemeye yard\u0131m etmekti. \u00c7ekirde\u011fim ise topra\u011fa girecek yeni bir \u015feftali fidan\u0131 ye\u015ferecekti.<span class=\"excerpt-hellip\"> [\u2026]<\/span><\/p>\n","protected":false},"featured_media":0,"template":"","meta":{"_monsterinsights_skip_tracking":false,"_monsterinsights_sitenote_active":false,"_monsterinsights_sitenote_note":"","_monsterinsights_sitenote_category":0},"product_brand":[],"product_cat":[12274,12523],"product_tag":[],"class_list":{"0":"post-699031","1":"product","2":"type-product","3":"status-publish","5":"product_cat-cocuk-ve-genclik-kitaplari","6":"product_cat-masallar","7":"pa_cilt-ciltsiz","8":"pa_tur-kitap","9":"pa_yayinevi-arkadas-yayinlari","10":"pa_yazar-samed-behrengi","12":"first","13":"instock","14":"sale","15":"shipping-taxable","16":"purchasable","17":"product-type-simple"},"_links":{"self":[{"href":"https:\/\/roveyayinevi.com.tr\/index.php\/wp-json\/wp\/v2\/product\/699031","targetHints":{"allow":["GET"]}}],"collection":[{"href":"https:\/\/roveyayinevi.com.tr\/index.php\/wp-json\/wp\/v2\/product"}],"about":[{"href":"https:\/\/roveyayinevi.com.tr\/index.php\/wp-json\/wp\/v2\/types\/product"}],"wp:attachment":[{"href":"https:\/\/roveyayinevi.com.tr\/index.php\/wp-json\/wp\/v2\/media?parent=699031"}],"wp:term":[{"taxonomy":"product_brand","embeddable":true,"href":"https:\/\/roveyayinevi.com.tr\/index.php\/wp-json\/wp\/v2\/product_brand?post=699031"},{"taxonomy":"product_cat","embeddable":true,"href":"https:\/\/roveyayinevi.com.tr\/index.php\/wp-json\/wp\/v2\/product_cat?post=699031"},{"taxonomy":"product_tag","embeddable":true,"href":"https:\/\/roveyayinevi.com.tr\/index.php\/wp-json\/wp\/v2\/product_tag?post=699031"}],"curies":[{"name":"wp","href":"https:\/\/api.w.org\/{rel}","templated":true}]}}