{"id":699027,"date":"2025-08-27T14:48:37","date_gmt":"2025-08-27T11:48:37","guid":{"rendered":"https:\/\/roveyayinevi.com.tr\/index.php\/urun\/egitim-programlarinin-gelistirilmesinde-ihtiyac-analizi-el-kitabi\/"},"modified":"2026-04-16T02:08:23","modified_gmt":"2026-04-15T23:08:23","slug":"egitim-programlarinin-gelistirilmesinde-ihtiyac-analizi-el-kitabi","status":"publish","type":"product","link":"https:\/\/roveyayinevi.com.tr\/index.php\/urun\/egitim-programlarinin-gelistirilmesinde-ihtiyac-analizi-el-kitabi\/","title":{"rendered":"E\u011fitim Programlar\u0131n\u0131n Geli\u015ftirilmesinde \u0130htiya\u00e7 Analizi El Kitab\u0131"},"content":{"rendered":"<p>\u0130htiya\u00e7 analizi, e\u011fitim programlar\u0131n\u0131n geli\u015ftirilmesindeki ilk basamakt\u0131r. E\u011fitim hedeflerine en h\u0131zl\u0131 bi\u00e7imde ula\u015fabilmek ve e\u011fitimin niteli\u011fini y\u00fckseltebilmek i\u00e7in, e\u011fitim programlar\u0131n\u0131n do\u011fru tespit edilmi\u015f ihtiya\u00e7lar \u00fczerine geli\u015ftirilmesi b\u00fcy\u00fck \u00f6nem ta\u015f\u0131maktad\u0131r. \u00dclkemizde, e\u011fitim bilimleri alan\u0131nda ihtiya\u00e7 analizine ve tekniklerine y\u00f6nelik s\u0131n\u0131rl\u0131 say\u0131da yay\u0131n bulunmaktad\u0131r. Ara\u015ft\u0131rmac\u0131lar, genellikle daha detayl\u0131 bilgilere, sosyal bilimlerde ara\u015ft\u0131rma y\u00f6ntemleri \u00fczerine yay\u0131nlanm\u0131\u015f kitaplardan ula\u015fmaktad\u0131r. Bu nedenden dolay\u0131, ihtiya\u00e7 analizini ve tekniklerini konu alan bu kitab\u0131n, alanyaz\u0131na katk\u0131 sa\u011flamas\u0131 beklenmektedir. Di\u011fer taraftan, bu kitap bir el kitab\u0131 format\u0131nda haz\u0131rlanm\u0131\u015ft\u0131r. \u0130htiya\u00e7 analizi teknikleri, sadece teorik olarak a\u00e7\u0131klanmam\u0131\u015f, \u00f6rnek uygulamalar ile desteklenmi\u015ftir. Kitab\u0131n i\u00e7erisinde, okuyucular\u0131n kendi ama\u00e7lar\u0131 do\u011frultusunda de\u011fi\u015ftirerek kullanabilecekleri tablolara yer verilmi\u015ftir. Bu nedenle, kitab\u0131n ara\u015ft\u0131rma s\u00fcrecinde bir rehber g\u00f6revi g\u00f6rece\u011fi d\u00fc\u015f\u00fcn\u00fclmektedir. \u0130\u00e7indekiler; B\u00f6l\u00fcm 1: Giri\u015f B\u00f6l\u00fcm 2: G\u00f6r\u00fc\u015fmeler B\u00f6l\u00fcm 3: Bilgi Testi Geli\u015ftirilmesi B\u00f6l\u00fcm 4: Beyin F\u0131rt\u0131nas\u0131 ve \u00c7al\u0131\u015ftay Tekni\u011fi B\u00f6l\u00fcm 5: Delphi Tekni\u011fi <\/p>\n","protected":false},"excerpt":{"rendered":"<p>\u0130htiya\u00e7 analizi, e\u011fitim programlar\u0131n\u0131n geli\u015ftirilmesindeki ilk basamakt\u0131r. E\u011fitim hedeflerine en h\u0131zl\u0131 bi\u00e7imde ula\u015fabilmek ve e\u011fitimin niteli\u011fini y\u00fckseltebilmek i\u00e7in, e\u011fitim programlar\u0131n\u0131n do\u011fru tespit edilmi\u015f ihtiya\u00e7lar \u00fczerine geli\u015ftirilmesi<span class=\"excerpt-hellip\"> [\u2026]<\/span><\/p>\n","protected":false},"featured_media":0,"template":"","meta":{"_monsterinsights_skip_tracking":false,"_monsterinsights_sitenote_active":false,"_monsterinsights_sitenote_note":"","_monsterinsights_sitenote_category":0},"product_brand":[],"product_cat":[15351,15350],"product_tag":[],"class_list":{"0":"post-699027","1":"product","2":"type-product","3":"status-publish","5":"product_cat-ders-kitaplari","6":"product_cat-hukuk","7":"pa_cilt-ciltsiz","8":"pa_tur-kitap","9":"pa_yayinevi-ani-yayincilik","10":"pa_yazar-oktay-cem-adiguzel","12":"first","13":"instock","14":"sale","15":"shipping-taxable","16":"purchasable","17":"product-type-simple"},"_links":{"self":[{"href":"https:\/\/roveyayinevi.com.tr\/index.php\/wp-json\/wp\/v2\/product\/699027","targetHints":{"allow":["GET"]}}],"collection":[{"href":"https:\/\/roveyayinevi.com.tr\/index.php\/wp-json\/wp\/v2\/product"}],"about":[{"href":"https:\/\/roveyayinevi.com.tr\/index.php\/wp-json\/wp\/v2\/types\/product"}],"wp:attachment":[{"href":"https:\/\/roveyayinevi.com.tr\/index.php\/wp-json\/wp\/v2\/media?parent=699027"}],"wp:term":[{"taxonomy":"product_brand","embeddable":true,"href":"https:\/\/roveyayinevi.com.tr\/index.php\/wp-json\/wp\/v2\/product_brand?post=699027"},{"taxonomy":"product_cat","embeddable":true,"href":"https:\/\/roveyayinevi.com.tr\/index.php\/wp-json\/wp\/v2\/product_cat?post=699027"},{"taxonomy":"product_tag","embeddable":true,"href":"https:\/\/roveyayinevi.com.tr\/index.php\/wp-json\/wp\/v2\/product_tag?post=699027"}],"curies":[{"name":"wp","href":"https:\/\/api.w.org\/{rel}","templated":true}]}}