{"id":699024,"date":"2025-08-27T14:48:36","date_gmt":"2025-08-27T11:48:36","guid":{"rendered":"https:\/\/roveyayinevi.com.tr\/index.php\/urun\/turkce-ogretimi-turkce-ve-sinif-ogretmenleri-icin\/"},"modified":"2026-04-16T02:08:23","modified_gmt":"2026-04-15T23:08:23","slug":"turkce-ogretimi-turkce-ve-sinif-ogretmenleri-icin","status":"publish","type":"product","link":"https:\/\/roveyayinevi.com.tr\/index.php\/urun\/turkce-ogretimi-turkce-ve-sinif-ogretmenleri-icin\/","title":{"rendered":"T\u00fcrk\u00e7e \u00d6\u011fretimi T\u00fcrk\u00e7e ve S\u0131n\u0131f \u00d6\u011fretmenleri \u0130\u00e7in"},"content":{"rendered":"<p>\u00dclkemizde T\u00fcrk\u00e7e \u00f6\u011fretimi ve dilimizin kullan\u0131m\u0131 konusunda, \u00f6zellikle son y\u0131llarda ciddi sorunlar g\u00f6r\u00fclmektedir. A\u015f\u0131r\u0131 yabanc\u0131 dil d\u00fc\u015fk\u00fcnl\u00fc\u011f\u00fc, anlams\u0131z yabanc\u0131 hayranl\u0131\u011f\u0131, baz\u0131 \u00f6zel radyo ve televizyonlar ile yaz\u0131l\u0131 bas\u0131n-yay\u0131n orgalar\u0131n\u0131n \u00f6zensiz ve biraz da sorumsuz tutumlar\u0131 bu sorunlar\u0131 giderek artt\u0131r\u0131yor. Bug\u00fcn, \u00fclkemiz, \u00e7e\u015fitli sorunlar\u0131n ve kirliliklerin yan\u0131 s\u0131ra bir de &#8220;dil kirlili\u011fi&#8221; i\u00e7inde bulunuyor. \u00d6\u011fretim s\u00fcrecinden ge\u00e7mesine kar\u015f\u0131n, bireylerde dil duyarl\u0131l\u0131\u011f\u0131 ve dil bilinci bak\u0131m\u0131ndan g\u00f6r\u00fclen eksikler, k\u00fclt\u00fcr\u00fcn temel \u00f6\u011fesi olan dilimiz i\u00e7in ciddi sorunlar olu\u015fturmaktad\u0131r. \u0130\u015fte, anadili duygusu ve bilinci kazand\u0131rma konusunda \u00f6\u011fretmenlere, \u00f6zellikle ilk\u00f6\u011fretim okulu \u00f6\u011fretmenlerine, \u00f6\u011fretmen yeti\u015ftiren kurumlara \u00f6nemli g\u00f6revler d\u00fc\u015fmektedir. \u015eunu kesinlikle vurgulayal\u0131m ki, dili do\u011fru ve d\u00fczg\u00fcn kullanma do\u011fu\u015ftan gelen bir yetenek de\u011fil, do\u011frudan do\u011fruya e\u011fitimle elde edilen bir beceridir. \u00c7ocuklar\u0131m\u0131z\u0131n \u00f6\u011frenimleri boyunca derslerle ilgili \u00e7al\u0131\u015fmalar\u0131nda \u00f6\u011frenmelerini kolayla\u015ft\u0131racak, ba\u015fkalar\u0131yla sa\u011fl\u0131kl\u0131 ileti\u015fim kurmalar\u0131nda yararlanacaklar\u0131 temel dil becerilerini ama\u00e7lanan d\u00fczeyde kazand\u0131racak olan etkili birT\u00fcrk\u00e7e \u00f6\u011fretimi i\u00e7in, \u00f6\u011fretmenlerin gerekli bilgi ve becerilerle donanm\u0131\u015f olmas\u0131 ka\u00e7\u0131n\u0131lmaz bir ihtiya\u00e7t\u0131r. Kendi alanlar\u0131nda \u00f6nemli bir bo\u015flu\u011fu dolduran bu kitapta, kuramla uygulama, kuramsal bilgilerle uygulamal\u0131 \u00e7al\u0131\u015fmalar birle\u015ftirildi. \u00dcniversitelerimizin S\u0131n\u0131f \u00d6\u011fretmenli\u011fi, T\u00fcrk\u00e7e \u00d6\u011fretmenli\u011fi, T\u00fcrk Dili ve Edebiyat\u0131 E\u011fitimi, T\u00fcrk Dili ve Edebiyat\u0131 \u00f6\u011frencilerine yani \u00f6\u011fretmen adaylar\u0131na ve \u00f6\u011fretim elemanlar\u0131na, s\u0131n\u0131f \u00f6\u011fretmenleri ile T\u00fcrk\u00e7e \u00f6\u011fretmenlerine, dilimize ve onun e\u011fitimine ilgi duyan herkese yararl\u0131 olacaktemel bir kaynakt\u0131r. <\/p>\n","protected":false},"excerpt":{"rendered":"<p>\u00dclkemizde T\u00fcrk\u00e7e \u00f6\u011fretimi ve dilimizin kullan\u0131m\u0131 konusunda, \u00f6zellikle son y\u0131llarda ciddi sorunlar g\u00f6r\u00fclmektedir. A\u015f\u0131r\u0131 yabanc\u0131 dil d\u00fc\u015fk\u00fcnl\u00fc\u011f\u00fc, anlams\u0131z yabanc\u0131 hayranl\u0131\u011f\u0131, baz\u0131 \u00f6zel radyo ve televizyonlar ile<span class=\"excerpt-hellip\"> [\u2026]<\/span><\/p>\n","protected":false},"featured_media":0,"template":"","meta":{"_monsterinsights_skip_tracking":false,"_monsterinsights_sitenote_active":false,"_monsterinsights_sitenote_note":"","_monsterinsights_sitenote_category":0},"product_brand":[],"product_cat":[12312,12304],"product_tag":[],"class_list":{"0":"post-699024","1":"product","2":"type-product","3":"status-publish","5":"product_cat-diger","6":"product_cat-tarih","7":"pa_cilt-ciltsiz","8":"pa_tur-kitap","9":"pa_yayinevi-ani-yayincilik","10":"pa_yazar-cahit-kavcar","12":"first","13":"instock","14":"sale","15":"shipping-taxable","16":"purchasable","17":"product-type-simple"},"_links":{"self":[{"href":"https:\/\/roveyayinevi.com.tr\/index.php\/wp-json\/wp\/v2\/product\/699024","targetHints":{"allow":["GET"]}}],"collection":[{"href":"https:\/\/roveyayinevi.com.tr\/index.php\/wp-json\/wp\/v2\/product"}],"about":[{"href":"https:\/\/roveyayinevi.com.tr\/index.php\/wp-json\/wp\/v2\/types\/product"}],"wp:attachment":[{"href":"https:\/\/roveyayinevi.com.tr\/index.php\/wp-json\/wp\/v2\/media?parent=699024"}],"wp:term":[{"taxonomy":"product_brand","embeddable":true,"href":"https:\/\/roveyayinevi.com.tr\/index.php\/wp-json\/wp\/v2\/product_brand?post=699024"},{"taxonomy":"product_cat","embeddable":true,"href":"https:\/\/roveyayinevi.com.tr\/index.php\/wp-json\/wp\/v2\/product_cat?post=699024"},{"taxonomy":"product_tag","embeddable":true,"href":"https:\/\/roveyayinevi.com.tr\/index.php\/wp-json\/wp\/v2\/product_tag?post=699024"}],"curies":[{"name":"wp","href":"https:\/\/api.w.org\/{rel}","templated":true}]}}