{"id":699023,"date":"2025-08-27T14:48:35","date_gmt":"2025-08-27T11:48:35","guid":{"rendered":"https:\/\/roveyayinevi.com.tr\/index.php\/urun\/ne-kadar-da-duygusal-bir-kitap\/"},"modified":"2026-04-16T02:08:23","modified_gmt":"2026-04-15T23:08:23","slug":"ne-kadar-da-duygusal-bir-kitap","status":"publish","type":"product","link":"https:\/\/roveyayinevi.com.tr\/index.php\/urun\/ne-kadar-da-duygusal-bir-kitap\/","title":{"rendered":"Ne Kadar da Duygusal Bir Kitap"},"content":{"rendered":"<p>\u0130nternetin son b\u00fcy\u00fck fenomeni, efsane isim Mehmet Ali sonunda hayranlar\u0131n\u0131n yo\u011fun iste\u011fini k\u0131ramay\u0131p bir kitapla sevenlerinin kar\u015f\u0131s\u0131na \u00e7\u0131k\u0131yor. Yazar, \u015fair, d\u00fc\u015f\u00fcn\u00fcr, DJ, ili\u015fki uzman\u0131 ve rol model Mehmet Ali\u2019nin birbirinden s\u00fcr\u00fckleyici \u00f6yk\u00fclerinde a\u015fk\u0131, sevday\u0131, tutkuyu ve insan ruhunun t\u00fcm inceliklerini bulacaks\u0131n\u0131z! \u201c\u00c7ocuk s\u0131n\u0131ftaki k\u0131za sular seller gibi a\u015f\u0131km\u0131\u015f. Teneff\u00fcse \u00e7\u0131karken k\u0131za demi\u015f m\u00fcd\u00fcr odas\u0131n\u0131n yan\u0131ndaki merdivenlerde seni bekliyor olaca\u011f\u0131m. Bulu\u015fmaya yaln\u0131z gel. E\u011fer birilerine haber verirsen seni bulurum ve g\u00f6z\u00fcm\u00fc bile k\u0131rpmadan ge\u00e7en g\u00fcn derste telefonla oynad\u0131\u011f\u0131n\u0131 sosyal bilgilerciye s\u00f6ylerim.\u201d S\u0131f\u0131rdan zirveye uzanan yolda ya\u015fad\u0131klar\u0131, Mehmet Ali\u2019nin usta kaleminden s\u00fcz\u00fcl\u00fcp okuyan herkesi y\u00fcre\u011finden yakalayacak. \u00c7\u00fcnk\u00fc o kocaman bir y\u00fcrek, duygu dolu bir serseri, internet kafelerin serseri \u015f\u00f6valyesi. \u201cK\u0131z \u015fa\u015f\u0131rm\u0131\u015f, b\u00f6yle elini a\u011fz\u0131na g\u00f6t\u00fcrm\u00fc\u015f sonra g\u00f6zlerini kapatm\u0131\u015f (yani ger\u00e7ekten \u015fa\u015f\u0131rm\u0131\u015f). Sonra \u00e7ocu\u011fa sar\u0131lm\u0131\u015f. Ambulans\u0131n \u015fof\u00f6r\u00fc isteyerek kulak misafiri olmu\u015f konu\u015fmalar\u0131na ve onlar sar\u0131l\u0131nca e\u011flenceli bi siren a\u00e7m\u0131\u015f. \u00c7ocukla k\u0131z evlilik plan\u0131 yapm\u0131\u015flar ve d\u00fc\u011f\u00fcnlerinin hastane konseptinde olmas\u0131na karar vermi\u015fler. D\u00fc\u011f\u00fcn arabalar\u0131 da ambulans olmu\u015f.\u201d \u0130\u00e7eride yaln\u0131z Mehmet Ali\u2019nin muhte\u015fem hikayeleri de\u011fil, kitab\u0131n yaz\u0131l\u0131\u015f ser\u00fcveni, bir yazar\u0131n do\u011fu\u015f \u00f6yk\u00fcs\u00fc ve hayat\u0131ndan ilgin\u00e7 kesitler de sizleri bekliyor. \u201cKitab\u0131n kapa\u011f\u0131nda da benim duygular\u0131m\u0131 ifade eden \u015fekilli fotolar koyarsan\u0131z \u00e7ok iyi olur. Ondan sonra bi de e\u011fer yanl\u0131\u015f anlamazsan\u0131z \u015fey isteyecektim. Bana biraz A4 ka\u011f\u0131d\u0131 yollayabilir misiniz annem sobay\u0131 yakarken kullan\u0131r. Biliyorsunuz k\u0131\u015f\u0131n soba yakmak i\u00e7in en ba\u015fta ka\u011f\u0131t yakmak gerekiyor ama kesin A4 yollay\u0131n onlar \u00e7ok g\u00fczel yan\u0131yor valla. Bye bye hadi g\u00f6r\u00fc\u015f\u00fcr\u00fcz.\u201d Ne kadar da romantik bir yazar ve ne kadar da duygusal bir kitap! <\/p>\n","protected":false},"excerpt":{"rendered":"<p>\u0130nternetin son b\u00fcy\u00fck fenomeni, efsane isim Mehmet Ali sonunda hayranlar\u0131n\u0131n yo\u011fun iste\u011fini k\u0131ramay\u0131p bir kitapla sevenlerinin kar\u015f\u0131s\u0131na \u00e7\u0131k\u0131yor. Yazar, \u015fair, d\u00fc\u015f\u00fcn\u00fcr, DJ, ili\u015fki uzman\u0131 ve rol<span class=\"excerpt-hellip\"> [\u2026]<\/span><\/p>\n","protected":false},"featured_media":0,"template":"","meta":{"_monsterinsights_skip_tracking":false,"_monsterinsights_sitenote_active":false,"_monsterinsights_sitenote_note":"","_monsterinsights_sitenote_category":0},"product_brand":[],"product_cat":[12291,12711],"product_tag":[],"class_list":{"0":"post-699023","1":"product","2":"type-product","3":"status-publish","5":"product_cat-edebiyat","6":"product_cat-roman-oyku","7":"pa_tur-kitap","8":"pa_yayinevi-okuyan-us-yayin","9":"pa_yazar-mehmet-ali","11":"first","12":"instock","13":"sale","14":"shipping-taxable","15":"purchasable","16":"product-type-simple"},"_links":{"self":[{"href":"https:\/\/roveyayinevi.com.tr\/index.php\/wp-json\/wp\/v2\/product\/699023","targetHints":{"allow":["GET"]}}],"collection":[{"href":"https:\/\/roveyayinevi.com.tr\/index.php\/wp-json\/wp\/v2\/product"}],"about":[{"href":"https:\/\/roveyayinevi.com.tr\/index.php\/wp-json\/wp\/v2\/types\/product"}],"wp:attachment":[{"href":"https:\/\/roveyayinevi.com.tr\/index.php\/wp-json\/wp\/v2\/media?parent=699023"}],"wp:term":[{"taxonomy":"product_brand","embeddable":true,"href":"https:\/\/roveyayinevi.com.tr\/index.php\/wp-json\/wp\/v2\/product_brand?post=699023"},{"taxonomy":"product_cat","embeddable":true,"href":"https:\/\/roveyayinevi.com.tr\/index.php\/wp-json\/wp\/v2\/product_cat?post=699023"},{"taxonomy":"product_tag","embeddable":true,"href":"https:\/\/roveyayinevi.com.tr\/index.php\/wp-json\/wp\/v2\/product_tag?post=699023"}],"curies":[{"name":"wp","href":"https:\/\/api.w.org\/{rel}","templated":true}]}}