{"id":699021,"date":"2025-08-27T14:48:35","date_gmt":"2025-08-27T11:48:35","guid":{"rendered":"https:\/\/roveyayinevi.com.tr\/index.php\/urun\/egitim-uzerine\/"},"modified":"2026-04-16T02:08:23","modified_gmt":"2026-04-15T23:08:23","slug":"egitim-uzerine","status":"publish","type":"product","link":"https:\/\/roveyayinevi.com.tr\/index.php\/urun\/egitim-uzerine\/","title":{"rendered":"E\u011fitim \u00dczerine"},"content":{"rendered":"<p>\u00c7a\u011f\u0131m\u0131z\u0131n etkili ve s\u0131ra d\u0131\u015f\u0131 bu yap\u0131t\u0131nda Russell, \u00e7ocu\u011fu ailenin ve dinsel otoritenin kay\u0131ts\u0131z \u015farts\u0131z boyunduru\u011funa sunulmaktan kurtarabilecek bir e\u011fitim \u00e7a\u011fr\u0131s\u0131nda bulunuyor. Russell bu yap\u0131t\u0131nda, \u201ce\u011fer t\u00fcm e\u011fitim, sevgiyle ele al\u0131nan bilgi temelinde y\u00fckselirse toplum iyiye do\u011fru de\u011fi\u015ftirilebilir\u201d d\u00fc\u015f\u00fcncesini savunuyor. \u015eu da dikkat \u00e7ekicidir ki Russell\u2019\u0131n en y\u00f6ntemsel yap\u0131t\u0131 olan E\u011fitim \u00dczerine, i\u00e7erdi\u011fi \u00f6zg\u00fcn ve \u00e7arp\u0131c\u0131 g\u00f6r\u00fc\u015fleri, savundu\u011fu tezleriyle g\u00fcn\u00fcm\u00fczde de ge\u00e7erli ve zorunlu olan bir \u00e7a\u011fda\u015f e\u011fitim bildirgesidir. \ufffcTan\u0131t\u0131m Metni<\/p>\n","protected":false},"excerpt":{"rendered":"<p>\u00c7a\u011f\u0131m\u0131z\u0131n etkili ve s\u0131ra d\u0131\u015f\u0131 bu yap\u0131t\u0131nda Russell, \u00e7ocu\u011fu ailenin ve dinsel otoritenin kay\u0131ts\u0131z \u015farts\u0131z boyunduru\u011funa sunulmaktan kurtarabilecek bir e\u011fitim \u00e7a\u011fr\u0131s\u0131nda bulunuyor. Russell bu yap\u0131t\u0131nda, \u201ce\u011fer<span class=\"excerpt-hellip\"> [\u2026]<\/span><\/p>\n","protected":false},"featured_media":0,"template":"","meta":{"_monsterinsights_skip_tracking":false,"_monsterinsights_sitenote_active":false,"_monsterinsights_sitenote_note":"","_monsterinsights_sitenote_category":0},"product_brand":[],"product_cat":[12389,12388],"product_tag":[],"class_list":{"0":"post-699021","1":"product","2":"type-product","3":"status-publish","5":"product_cat-diger-felsefe","6":"product_cat-felsefe","7":"pa_cilt-ciltsiz","8":"pa_tur-kitap","9":"pa_yayinevi-cem-yayinevi","10":"pa_yazar-bertrand-russell","12":"first","13":"instock","14":"sale","15":"shipping-taxable","16":"purchasable","17":"product-type-simple"},"_links":{"self":[{"href":"https:\/\/roveyayinevi.com.tr\/index.php\/wp-json\/wp\/v2\/product\/699021","targetHints":{"allow":["GET"]}}],"collection":[{"href":"https:\/\/roveyayinevi.com.tr\/index.php\/wp-json\/wp\/v2\/product"}],"about":[{"href":"https:\/\/roveyayinevi.com.tr\/index.php\/wp-json\/wp\/v2\/types\/product"}],"wp:attachment":[{"href":"https:\/\/roveyayinevi.com.tr\/index.php\/wp-json\/wp\/v2\/media?parent=699021"}],"wp:term":[{"taxonomy":"product_brand","embeddable":true,"href":"https:\/\/roveyayinevi.com.tr\/index.php\/wp-json\/wp\/v2\/product_brand?post=699021"},{"taxonomy":"product_cat","embeddable":true,"href":"https:\/\/roveyayinevi.com.tr\/index.php\/wp-json\/wp\/v2\/product_cat?post=699021"},{"taxonomy":"product_tag","embeddable":true,"href":"https:\/\/roveyayinevi.com.tr\/index.php\/wp-json\/wp\/v2\/product_tag?post=699021"}],"curies":[{"name":"wp","href":"https:\/\/api.w.org\/{rel}","templated":true}]}}