{"id":699017,"date":"2025-08-27T14:48:34","date_gmt":"2025-08-27T11:48:34","guid":{"rendered":"https:\/\/roveyayinevi.com.tr\/index.php\/urun\/balbayin-maratonu\/"},"modified":"2026-04-16T02:08:23","modified_gmt":"2026-04-15T23:08:23","slug":"balbayin-maratonu","status":"publish","type":"product","link":"https:\/\/roveyayinevi.com.tr\/index.php\/urun\/balbayin-maratonu\/","title":{"rendered":"Balbay&#8217;\u0131n Maratonu"},"content":{"rendered":"<p>Gazetecilik maratonunu s\u00fcrd\u00fcr\u00fcrken, mesleki faaliyetleri nedeniyle, Ergenekon davas\u0131 kapsam\u0131nda tutuklanan Mustafa Balbay, 3 ad\u0131ma 4 ad\u0131ml\u0131k h\u00fccresinden kat\u0131ld\u0131\u011f\u0131 2011 se\u00e7imlerinde CHP \u0130zmir Milletvekili se\u00e7ildi. 4 y\u0131l 278 g\u00fcnl\u00fck esaretin ard\u0131ndan, 9 Aral\u0131k 2013&#8217;te tahliye edilen Balbay, T\u00fcrkiye&#8217;nin \u00f6nemli bir siyasi akt\u00f6r\u00fc haline geldi. \u201cBalbay&#8217;\u0131n Maratonu\u201dnda, yar\u0131m as\u0131rl\u0131k bir ya\u015fama mercek tuttuk&#8230; <\/p>\n","protected":false},"excerpt":{"rendered":"<p>Gazetecilik maratonunu s\u00fcrd\u00fcr\u00fcrken, mesleki faaliyetleri nedeniyle, Ergenekon davas\u0131 kapsam\u0131nda tutuklanan Mustafa Balbay, 3 ad\u0131ma 4 ad\u0131ml\u0131k h\u00fccresinden kat\u0131ld\u0131\u011f\u0131 2011 se\u00e7imlerinde CHP \u0130zmir Milletvekili se\u00e7ildi. 4 y\u0131l<span class=\"excerpt-hellip\"> [\u2026]<\/span><\/p>\n","protected":false},"featured_media":0,"template":"","meta":{"_monsterinsights_skip_tracking":false,"_monsterinsights_sitenote_active":false,"_monsterinsights_sitenote_note":"","_monsterinsights_sitenote_category":0},"product_brand":[],"product_cat":[12291,30969],"product_tag":[],"class_list":{"0":"post-699017","1":"product","2":"type-product","3":"status-publish","5":"product_cat-edebiyat","6":"product_cat-soylesi-edebiyat","7":"pa_tur-kitap","8":"pa_yayinevi-cumhuriyet-kitaplari","9":"pa_yazar-firat-kozok","11":"first","12":"instock","13":"sale","14":"shipping-taxable","15":"purchasable","16":"product-type-simple"},"_links":{"self":[{"href":"https:\/\/roveyayinevi.com.tr\/index.php\/wp-json\/wp\/v2\/product\/699017","targetHints":{"allow":["GET"]}}],"collection":[{"href":"https:\/\/roveyayinevi.com.tr\/index.php\/wp-json\/wp\/v2\/product"}],"about":[{"href":"https:\/\/roveyayinevi.com.tr\/index.php\/wp-json\/wp\/v2\/types\/product"}],"wp:attachment":[{"href":"https:\/\/roveyayinevi.com.tr\/index.php\/wp-json\/wp\/v2\/media?parent=699017"}],"wp:term":[{"taxonomy":"product_brand","embeddable":true,"href":"https:\/\/roveyayinevi.com.tr\/index.php\/wp-json\/wp\/v2\/product_brand?post=699017"},{"taxonomy":"product_cat","embeddable":true,"href":"https:\/\/roveyayinevi.com.tr\/index.php\/wp-json\/wp\/v2\/product_cat?post=699017"},{"taxonomy":"product_tag","embeddable":true,"href":"https:\/\/roveyayinevi.com.tr\/index.php\/wp-json\/wp\/v2\/product_tag?post=699017"}],"curies":[{"name":"wp","href":"https:\/\/api.w.org\/{rel}","templated":true}]}}