{"id":699016,"date":"2025-08-27T14:48:33","date_gmt":"2025-08-27T11:48:33","guid":{"rendered":"https:\/\/roveyayinevi.com.tr\/index.php\/urun\/anadolu-tasavvuf-tarihine-notlar-1\/"},"modified":"2026-04-16T02:08:23","modified_gmt":"2026-04-15T23:08:23","slug":"anadolu-tasavvuf-tarihine-notlar-1","status":"publish","type":"product","link":"https:\/\/roveyayinevi.com.tr\/index.php\/urun\/anadolu-tasavvuf-tarihine-notlar-1\/","title":{"rendered":"Anadolu Tasavvuf Tarihine Notlar &#8211; 1"},"content":{"rendered":"<p>Her k\u00f6\u015fesinden ilim, irfan ve sanat f\u0131\u015fk\u0131ran devasa bir dergah gibidir Anadolu. As\u0131rlar boyunca, g\u00f6nl\u00fc yarat\u0131lm\u0131\u015ftan Yaratan&#8217;a \u00e7eviren, halk i\u00e7inde Hak ile beraber olman\u0131n talimini yapt\u0131ran ruhsal tecr\u00fcbenin \u0131\u015f\u0131\u011f\u0131nda yol alm\u0131\u015ft\u0131r bu topraklarda ya\u015fayanlar. Cihan Padi\u015fah\u0131 Kanuni bile; <\/p>\n","protected":false},"excerpt":{"rendered":"<p>Her k\u00f6\u015fesinden ilim, irfan ve sanat f\u0131\u015fk\u0131ran devasa bir dergah gibidir Anadolu. As\u0131rlar boyunca, g\u00f6nl\u00fc yarat\u0131lm\u0131\u015ftan Yaratan&#8217;a \u00e7eviren, halk i\u00e7inde Hak ile beraber olman\u0131n talimini yapt\u0131ran<span class=\"excerpt-hellip\"> [\u2026]<\/span><\/p>\n","protected":false},"featured_media":0,"template":"","meta":{"_monsterinsights_skip_tracking":false,"_monsterinsights_sitenote_active":false,"_monsterinsights_sitenote_note":"","_monsterinsights_sitenote_category":0},"product_brand":[],"product_cat":[12718,12719,12720],"product_tag":[],"class_list":{"0":"post-699016","1":"product","2":"type-product","3":"status-publish","5":"product_cat-din","6":"product_cat-islam","7":"product_cat-tasavvuf-mezhepler-tarikatlar","8":"pa_cilt-ciltsiz","9":"pa_tur-kitap","10":"pa_yayinevi-sufi-kitap","11":"pa_yazar-mahmud-erol-kilic","13":"first","14":"instock","15":"sale","16":"shipping-taxable","17":"purchasable","18":"product-type-simple"},"_links":{"self":[{"href":"https:\/\/roveyayinevi.com.tr\/index.php\/wp-json\/wp\/v2\/product\/699016","targetHints":{"allow":["GET"]}}],"collection":[{"href":"https:\/\/roveyayinevi.com.tr\/index.php\/wp-json\/wp\/v2\/product"}],"about":[{"href":"https:\/\/roveyayinevi.com.tr\/index.php\/wp-json\/wp\/v2\/types\/product"}],"wp:attachment":[{"href":"https:\/\/roveyayinevi.com.tr\/index.php\/wp-json\/wp\/v2\/media?parent=699016"}],"wp:term":[{"taxonomy":"product_brand","embeddable":true,"href":"https:\/\/roveyayinevi.com.tr\/index.php\/wp-json\/wp\/v2\/product_brand?post=699016"},{"taxonomy":"product_cat","embeddable":true,"href":"https:\/\/roveyayinevi.com.tr\/index.php\/wp-json\/wp\/v2\/product_cat?post=699016"},{"taxonomy":"product_tag","embeddable":true,"href":"https:\/\/roveyayinevi.com.tr\/index.php\/wp-json\/wp\/v2\/product_tag?post=699016"}],"curies":[{"name":"wp","href":"https:\/\/api.w.org\/{rel}","templated":true}]}}