{"id":699014,"date":"2025-08-27T14:48:33","date_gmt":"2025-08-27T11:48:33","guid":{"rendered":"https:\/\/roveyayinevi.com.tr\/index.php\/urun\/budaha\/"},"modified":"2026-04-16T02:08:23","modified_gmt":"2026-04-15T23:08:23","slug":"budaha","status":"publish","type":"product","link":"https:\/\/roveyayinevi.com.tr\/index.php\/urun\/budaha\/","title":{"rendered":"Budaha"},"content":{"rendered":"<p>Tren yola \u00e7\u0131kt\u0131ktan k\u0131sa bir s\u00fcre sonra koridorlarda dola\u015fmaya ba\u015flad\u0131m. Bir kompart\u0131man\u0131n \u00f6n\u00fcne gelince y\u00fcre\u011fim darald\u0131. Nedenini bilmiyorum. \u0130\u00e7erde \u00fc\u00e7 gen\u00e7 , ellerinde gitarlar\u0131 \u015fark\u0131 s\u00f6yl\u00fcyor, g\u00fcl\u00fcyor, \u015fakala\u015f\u0131yordu. Heyecan, co\u015fku i\u00e7indeydiler. \u2018\u2019\u0130\u015fte\u2019\u2019 dedim kendi kendime, \u2018\u2019Budaha\u2019 ya do\u011fru yola \u00e7\u0131km\u0131\u015f gen\u00e7ler.\u2019\u2019 Teredd\u00fct etmeden, hemen, tan\u0131mad\u0131\u011f\u0131m o g\u00fczel insanlar\u0131n aras\u0131na kar\u0131\u015ft\u0131m. Farkl\u0131 bir kayna\u015fma s\u0131cakl\u0131\u011f\u0131 duydum. Bu duygu, bulutun vadiden a\u015fa\u011f\u0131 do\u011fru akmas\u0131na benzer. Pamuksu beyazl\u0131k yava\u015f\u00e7a hareket eden dev bir y\u0131lan gibi k\u0131vr\u0131larak a\u011fa\u00e7lar\u0131 \u00f6rter. G\u00f6ky\u00fcz\u00fcnde, y\u00fckseklerde, bir \u015fahin u\u00e7ar. Sizin durdu\u011funuz yere yak\u0131n \u00e7at\u0131da yuva yapm\u0131\u015f bir k\u0131rlang\u0131\u00e7 ailesi yavrular\u0131na ilk u\u00e7ma dersini verir. T\u00fcm bulutlar r\u00fczgarla vadiden a\u015fa\u011f\u0131 ak\u0131nca g\u00fcne\u015f ortaya \u00e7\u0131kar. Parmaklar\u0131n\u0131za dokunur, y\u00fcre\u011finizi \u0131s\u0131t\u0131r. Yavru k\u0131rlang\u0131\u00e7lar \u00e7evrenizde u\u00e7ar, o zaman siz de gen\u00e7lerle birlikte \u015fark\u0131 s\u00f6ylemeye ba\u015flars\u0131n\u0131z. \u00c7evreniz c\u0131v\u0131ldayan onlarca ku\u015fla dolar. Hi\u00e7bir ad\u0131m ge\u00e7 de\u011fildir. Her\u015feyin bir zaman\u0131 vard\u0131r <\/p>\n","protected":false},"excerpt":{"rendered":"<p>Tren yola \u00e7\u0131kt\u0131ktan k\u0131sa bir s\u00fcre sonra koridorlarda dola\u015fmaya ba\u015flad\u0131m. Bir kompart\u0131man\u0131n \u00f6n\u00fcne gelince y\u00fcre\u011fim darald\u0131. Nedenini bilmiyorum. \u0130\u00e7erde \u00fc\u00e7 gen\u00e7 , ellerinde gitarlar\u0131 \u015fark\u0131 s\u00f6yl\u00fcyor,<span class=\"excerpt-hellip\"> [\u2026]<\/span><\/p>\n","protected":false},"featured_media":0,"template":"","meta":{"_monsterinsights_skip_tracking":false,"_monsterinsights_sitenote_active":false,"_monsterinsights_sitenote_note":"","_monsterinsights_sitenote_category":0},"product_brand":[],"product_cat":[12291,12292],"product_tag":[],"class_list":{"0":"post-699014","1":"product","2":"type-product","3":"status-publish","5":"product_cat-edebiyat","6":"product_cat-turk-edebiyati","7":"pa_tur-kitap","8":"pa_yayinevi-efil-yayinevi","9":"pa_yazar-sancar-seckiner","11":"first","12":"instock","13":"sale","14":"shipping-taxable","15":"purchasable","16":"product-type-simple"},"_links":{"self":[{"href":"https:\/\/roveyayinevi.com.tr\/index.php\/wp-json\/wp\/v2\/product\/699014","targetHints":{"allow":["GET"]}}],"collection":[{"href":"https:\/\/roveyayinevi.com.tr\/index.php\/wp-json\/wp\/v2\/product"}],"about":[{"href":"https:\/\/roveyayinevi.com.tr\/index.php\/wp-json\/wp\/v2\/types\/product"}],"wp:attachment":[{"href":"https:\/\/roveyayinevi.com.tr\/index.php\/wp-json\/wp\/v2\/media?parent=699014"}],"wp:term":[{"taxonomy":"product_brand","embeddable":true,"href":"https:\/\/roveyayinevi.com.tr\/index.php\/wp-json\/wp\/v2\/product_brand?post=699014"},{"taxonomy":"product_cat","embeddable":true,"href":"https:\/\/roveyayinevi.com.tr\/index.php\/wp-json\/wp\/v2\/product_cat?post=699014"},{"taxonomy":"product_tag","embeddable":true,"href":"https:\/\/roveyayinevi.com.tr\/index.php\/wp-json\/wp\/v2\/product_tag?post=699014"}],"curies":[{"name":"wp","href":"https:\/\/api.w.org\/{rel}","templated":true}]}}