{"id":699008,"date":"2025-08-27T14:48:31","date_gmt":"2025-08-27T11:48:31","guid":{"rendered":"https:\/\/roveyayinevi.com.tr\/index.php\/urun\/acayip-yarismalar-diyari-uzay-maceralari-3\/"},"modified":"2026-04-16T02:08:23","modified_gmt":"2026-04-15T23:08:23","slug":"acayip-yarismalar-diyari-uzay-maceralari-3","status":"publish","type":"product","link":"https:\/\/roveyayinevi.com.tr\/index.php\/urun\/acayip-yarismalar-diyari-uzay-maceralari-3\/","title":{"rendered":"Acayip Yar\u0131\u015fmalar Diyar\u0131 &#8211; Uzay Maceralar\u0131 3"},"content":{"rendered":"<p>U\u00e7ukka\u00e7\u0131kya&#8217;dan ba\u015flayan uzay yolculu\u011funun yeni dura\u011f\u0131 G\u00fcvenya; Rahat\u0131na son derece d\u00fc\u015fk\u00fcn olan \u00fclke Rahatya&#8217;n\u0131n G\u00fcvenya \u00fczerindeki sinsi planlar\u0131 neler? Gezginlerimiz, Elenik orman\u0131ndaki korkun\u00e7 yarat\u0131ktan kurtulabilecekler mi? U\u00e7ukka\u00e7\u0131kyal\u0131 karde\u015fler, anne ve babalar\u0131n\u0131n ya\u015fad\u0131\u011f\u0131na dair nas\u0131l bir ipucu bulacaklar? Her alanda yar\u0131\u015farak &#8216;Yar\u0131\u015fmalar \u00dclkesi&#8217; h\u00e2line gelen G\u00fcvenya, kendisi \u00fczerinde oynanan oyunlar\u0131 fark edebilecek mi? G\u00fcvenya halk\u0131n\u0131 t\u00fcrl\u00fc planlar yaparak kand\u0131ran, \u00fclkenin k\u00f6t\u00fcl\u00fc\u011f\u00fcne \u00e7al\u0131\u015fan casus kim? Yeni gittikleri gezegende, kahramanlar\u0131m\u0131z\u0131 hangi maceralar bekliyor? Evrenin ke\u015ffedilmemi\u015f k\u00f6\u015felerindeki tuhaf gezegenlerde ya\u015fanan maceralara kat\u0131lmak istiyorsan kitab\u0131n kapa\u011f\u0131n\u0131 arala\u2026 Uzay Gezginleriyle birlikte sen de kat\u0131l bu yolculu\u011fa! <\/p>\n","protected":false},"excerpt":{"rendered":"<p>U\u00e7ukka\u00e7\u0131kya&#8217;dan ba\u015flayan uzay yolculu\u011funun yeni dura\u011f\u0131 G\u00fcvenya; Rahat\u0131na son derece d\u00fc\u015fk\u00fcn olan \u00fclke Rahatya&#8217;n\u0131n G\u00fcvenya \u00fczerindeki sinsi planlar\u0131 neler? Gezginlerimiz, Elenik orman\u0131ndaki korkun\u00e7 yarat\u0131ktan kurtulabilecekler mi?<span class=\"excerpt-hellip\"> [\u2026]<\/span><\/p>\n","protected":false},"featured_media":0,"template":"","meta":{"_monsterinsights_skip_tracking":false,"_monsterinsights_sitenote_active":false,"_monsterinsights_sitenote_note":"","_monsterinsights_sitenote_category":0},"product_brand":[],"product_cat":[12275,12274],"product_tag":[],"class_list":{"0":"post-699008","1":"product","2":"type-product","3":"status-publish","5":"product_cat-6-12-yas-kitaplari","6":"product_cat-cocuk-ve-genclik-kitaplari","7":"pa_cilt-ciltsiz","8":"pa_tur-kitap","9":"pa_yayinevi-genc-hayat","10":"pa_yazar-nazli-aspay-sener","12":"first","13":"instock","14":"sale","15":"shipping-taxable","16":"purchasable","17":"product-type-simple"},"_links":{"self":[{"href":"https:\/\/roveyayinevi.com.tr\/index.php\/wp-json\/wp\/v2\/product\/699008","targetHints":{"allow":["GET"]}}],"collection":[{"href":"https:\/\/roveyayinevi.com.tr\/index.php\/wp-json\/wp\/v2\/product"}],"about":[{"href":"https:\/\/roveyayinevi.com.tr\/index.php\/wp-json\/wp\/v2\/types\/product"}],"wp:attachment":[{"href":"https:\/\/roveyayinevi.com.tr\/index.php\/wp-json\/wp\/v2\/media?parent=699008"}],"wp:term":[{"taxonomy":"product_brand","embeddable":true,"href":"https:\/\/roveyayinevi.com.tr\/index.php\/wp-json\/wp\/v2\/product_brand?post=699008"},{"taxonomy":"product_cat","embeddable":true,"href":"https:\/\/roveyayinevi.com.tr\/index.php\/wp-json\/wp\/v2\/product_cat?post=699008"},{"taxonomy":"product_tag","embeddable":true,"href":"https:\/\/roveyayinevi.com.tr\/index.php\/wp-json\/wp\/v2\/product_tag?post=699008"}],"curies":[{"name":"wp","href":"https:\/\/api.w.org\/{rel}","templated":true}]}}