{"id":699007,"date":"2025-08-27T14:48:31","date_gmt":"2025-08-27T11:48:31","guid":{"rendered":"https:\/\/roveyayinevi.com.tr\/index.php\/urun\/lanetli-miras-macera-gecidi-8\/"},"modified":"2026-04-16T02:08:23","modified_gmt":"2026-04-15T23:08:23","slug":"lanetli-miras-macera-gecidi-8","status":"publish","type":"product","link":"https:\/\/roveyayinevi.com.tr\/index.php\/urun\/lanetli-miras-macera-gecidi-8\/","title":{"rendered":"Lanetli Miras &#8211; Macera Ge\u00e7idi 8"},"content":{"rendered":"<p>Baban\u0131z\u0131n amcas\u0131; \u00fczerinde Roma \u00e7a\u011f\u0131na ait bir z\u0131rh ve s\u0131rt\u0131na sapl\u0131 han\u00e7erle, kap\u0131s\u0131 i\u00e7eriden kilitli \u00e7al\u0131\u015fma odas\u0131nda \u00f6l\u00fc bulunur. Cenaze ve miras i\u015fleri i\u00e7in Sel\u00e7uk\u2019a giden baban\u0131z da, ayn\u0131 \u00e7al\u0131\u015fma odas\u0131nda ortadan kaybolur. Kap\u0131 yine i\u00e7eriden kilitlidir. Baban\u0131z\u0131 bulmak ve bu olay\u0131n ard\u0131ndaki gizemi \u00e7\u00f6zmek, size d\u00fc\u015fmektedir. Bu kitapta tam on farkl\u0131 son var&#8230; Kimi iyi, kimi k\u00f6t\u00fc&#8230; Kral Lysimakhos\u2019un Efes\u2019teki gizemli mezar\u0131na ula\u015fabilir, B\u00fcy\u00fck \u0130skender\u2019in dillere destan hazinesine sahip olabilirsiniz. Tabii o mezarda zehirli bir okla vurulup \u00f6lmeniz de olas\u0131&#8230; Bunu, roman\u0131 okurken sizin verece\u011finiz kararlar belirleyecek. <\/p>\n","protected":false},"excerpt":{"rendered":"<p>Baban\u0131z\u0131n amcas\u0131; \u00fczerinde Roma \u00e7a\u011f\u0131na ait bir z\u0131rh ve s\u0131rt\u0131na sapl\u0131 han\u00e7erle, kap\u0131s\u0131 i\u00e7eriden kilitli \u00e7al\u0131\u015fma odas\u0131nda \u00f6l\u00fc bulunur. Cenaze ve miras i\u015fleri i\u00e7in Sel\u00e7uk\u2019a giden<span class=\"excerpt-hellip\"> [\u2026]<\/span><\/p>\n","protected":false},"featured_media":0,"template":"","meta":{"_monsterinsights_skip_tracking":false,"_monsterinsights_sitenote_active":false,"_monsterinsights_sitenote_note":"","_monsterinsights_sitenote_category":0},"product_brand":[],"product_cat":[12275,12274],"product_tag":[],"class_list":{"0":"post-699007","1":"product","2":"type-product","3":"status-publish","5":"product_cat-6-12-yas-kitaplari","6":"product_cat-cocuk-ve-genclik-kitaplari","7":"pa_cilt-ciltli","8":"pa_tur-kitap","9":"pa_yayinevi-genc-hayat","10":"pa_yazar-tuncel-altinkopru","12":"first","13":"instock","14":"sale","15":"shipping-taxable","16":"purchasable","17":"product-type-simple"},"_links":{"self":[{"href":"https:\/\/roveyayinevi.com.tr\/index.php\/wp-json\/wp\/v2\/product\/699007","targetHints":{"allow":["GET"]}}],"collection":[{"href":"https:\/\/roveyayinevi.com.tr\/index.php\/wp-json\/wp\/v2\/product"}],"about":[{"href":"https:\/\/roveyayinevi.com.tr\/index.php\/wp-json\/wp\/v2\/types\/product"}],"wp:attachment":[{"href":"https:\/\/roveyayinevi.com.tr\/index.php\/wp-json\/wp\/v2\/media?parent=699007"}],"wp:term":[{"taxonomy":"product_brand","embeddable":true,"href":"https:\/\/roveyayinevi.com.tr\/index.php\/wp-json\/wp\/v2\/product_brand?post=699007"},{"taxonomy":"product_cat","embeddable":true,"href":"https:\/\/roveyayinevi.com.tr\/index.php\/wp-json\/wp\/v2\/product_cat?post=699007"},{"taxonomy":"product_tag","embeddable":true,"href":"https:\/\/roveyayinevi.com.tr\/index.php\/wp-json\/wp\/v2\/product_tag?post=699007"}],"curies":[{"name":"wp","href":"https:\/\/api.w.org\/{rel}","templated":true}]}}