{"id":699004,"date":"2025-08-27T14:48:30","date_gmt":"2025-08-27T11:48:30","guid":{"rendered":"https:\/\/roveyayinevi.com.tr\/index.php\/urun\/citir-citir-felsefe-serisi-28-makineler-ve-insanlar\/"},"modified":"2026-04-16T02:08:23","modified_gmt":"2026-04-15T23:08:23","slug":"citir-citir-felsefe-serisi-28-makineler-ve-insanlar","status":"publish","type":"product","link":"https:\/\/roveyayinevi.com.tr\/index.php\/urun\/citir-citir-felsefe-serisi-28-makineler-ve-insanlar\/","title":{"rendered":"\u00c7\u0131t\u0131r \u00c7\u0131t\u0131r Felsefe Serisi 28 &#8211; Makineler ve \u0130nsanlar"},"content":{"rendered":"<p>Kontrol kimde? Makinelerde mi, insanda m\u0131?\u00c7ocuklar\u0131 erken ya\u015fta felsefeyle tan\u0131\u015ft\u0131ran ve t\u00fcm d\u00fcnyada her ya\u015ftan okurun be\u011fenisini kazanan \u201c\u00c7\u0131t\u0131r \u00c7\u0131t\u0131r Felsefe\u201d dizisinin yarat\u0131c\u0131s\u0131 Brigitte Labb\u00e9, T\u00fcrk\u00e7ele\u015fen 28. kitab\u0131nda insan-do\u011fa-teknoloji aras\u0131ndaki etkile\u015fimi tart\u0131\u015fmaya a\u00e7\u0131yor. Makinelerin insan ya\u015fam\u0131ndaki etkisini yarg\u0131ya varmadan, \u00f6rnekler ve sorular e\u015fli\u011finde irdeleyen kitap, \u00e7ift y\u00f6nl\u00fc bir bak\u0131\u015f a\u00e7\u0131s\u0131 sunuyor. Bir yandan makinelerin ya\u015fam\u0131m\u0131zdaki \u00f6nemini ve insan\u0131 \u00f6zg\u00fcrle\u015ftirdi\u011fini a\u00e7\u0131klarken, di\u011fer yandan onu nas\u0131l tutsak k\u0131labildi\u011fini, \u00fcstelik do\u011fay\u0131 da tahrip edebilece\u011fini hat\u0131rlat\u0131yor. Minik filozoflar\u0131 \u00e7oklu d\u00fc\u015f\u00fcnmeye davet eden renkli kitap,Jacques Azam\u2019\u0131n karikat\u00fcr tad\u0131ndaki desenleriyle boyutlan\u0131yor.Her ya\u015ftan okuru, sorular sormay\u0131 ve d\u00fc\u015f\u00fcnmeyi g\u00fcndelik ya\u015fam\u0131n bir prati\u011fi haline getirmeye \u00f6zendiren, e\u011fitimcilerin ve ebeveynlerin ilk okuma \u00f6nerileri aras\u0131ndaki dizi, yeni kitaplar\u0131yla zenginle\u015fiyor.\u0130nsan arabay\u0131 icat etti\u011finde, akci\u011ferlerimizi ve \u015fehirlerimizi bo\u011fan hava kirlili\u011fine de neden oldu. N\u00fckleer enerjiyi ke\u015ffetti\u011finde, y\u00fcz milyonlarca insan i\u00e7in elektrik \u00fcretmeyi ba\u015fard\u0131, ama binlerce canl\u0131n\u0131n zarar g\u00f6rd\u00fc\u011f\u00fc felaketleri de yaratt\u0131. \u0130nsan\u0131n teknik g\u00fcc\u00fc \u00e7ok artt\u0131. Ancak insan, tarihinde olmad\u0131\u011f\u0131 kadar fazla, g\u00f6ky\u00fcz\u00fcnden ve yery\u00fcz\u00fcnden, denizlerden, nehirlerden, havadan, hayvanlardan, a\u011fa\u00e7lardan, \u00e7i\u00e7eklerden de sorumlu art\u0131k. <\/p>\n","protected":false},"excerpt":{"rendered":"<p>Kontrol kimde? Makinelerde mi, insanda m\u0131?\u00c7ocuklar\u0131 erken ya\u015fta felsefeyle tan\u0131\u015ft\u0131ran ve t\u00fcm d\u00fcnyada her ya\u015ftan okurun be\u011fenisini kazanan \u201c\u00c7\u0131t\u0131r \u00c7\u0131t\u0131r Felsefe\u201d dizisinin yarat\u0131c\u0131s\u0131 Brigitte Labb\u00e9, T\u00fcrk\u00e7ele\u015fen<span class=\"excerpt-hellip\"> [\u2026]<\/span><\/p>\n","protected":false},"featured_media":0,"template":"","meta":{"_monsterinsights_skip_tracking":false,"_monsterinsights_sitenote_active":false,"_monsterinsights_sitenote_note":"","_monsterinsights_sitenote_category":0},"product_brand":[],"product_cat":[12389,12388],"product_tag":[],"class_list":{"0":"post-699004","1":"product","2":"type-product","3":"status-publish","5":"product_cat-diger-felsefe","6":"product_cat-felsefe","7":"pa_cilt-ciltsiz","8":"pa_tur-kitap","9":"pa_yayinevi-gunisigi-kitapligi","10":"pa_yazar-brigitte-labbe","12":"first","13":"instock","14":"sale","15":"shipping-taxable","16":"purchasable","17":"product-type-simple"},"_links":{"self":[{"href":"https:\/\/roveyayinevi.com.tr\/index.php\/wp-json\/wp\/v2\/product\/699004","targetHints":{"allow":["GET"]}}],"collection":[{"href":"https:\/\/roveyayinevi.com.tr\/index.php\/wp-json\/wp\/v2\/product"}],"about":[{"href":"https:\/\/roveyayinevi.com.tr\/index.php\/wp-json\/wp\/v2\/types\/product"}],"wp:attachment":[{"href":"https:\/\/roveyayinevi.com.tr\/index.php\/wp-json\/wp\/v2\/media?parent=699004"}],"wp:term":[{"taxonomy":"product_brand","embeddable":true,"href":"https:\/\/roveyayinevi.com.tr\/index.php\/wp-json\/wp\/v2\/product_brand?post=699004"},{"taxonomy":"product_cat","embeddable":true,"href":"https:\/\/roveyayinevi.com.tr\/index.php\/wp-json\/wp\/v2\/product_cat?post=699004"},{"taxonomy":"product_tag","embeddable":true,"href":"https:\/\/roveyayinevi.com.tr\/index.php\/wp-json\/wp\/v2\/product_tag?post=699004"}],"curies":[{"name":"wp","href":"https:\/\/api.w.org\/{rel}","templated":true}]}}