{"id":699002,"date":"2025-08-27T14:48:29","date_gmt":"2025-08-27T11:48:29","guid":{"rendered":"https:\/\/roveyayinevi.com.tr\/index.php\/urun\/goge-kusak-lazim\/"},"modified":"2026-04-16T02:08:23","modified_gmt":"2026-04-15T23:08:23","slug":"goge-kusak-lazim","status":"publish","type":"product","link":"https:\/\/roveyayinevi.com.tr\/index.php\/urun\/goge-kusak-lazim\/","title":{"rendered":"G\u00f6\u011fe Ku\u015fak Laz\u0131m"},"content":{"rendered":"<p>LGBT\u0130 hareketi, 80\u2019lerin son \u00e7eyre\u011finde T\u00fcrkiye toplumsal hareketler tarihine dahil olup dinamizmi, \u00e7ok y\u00f6nl\u00fc bak\u0131\u015f a\u00e7\u0131s\u0131, d\u00f6n\u00fc\u015ft\u00fcr\u00fcc\u00fc pratikleri ile m\u00fccadeleye damgas\u0131n\u0131 vurdu. <\/p>\n","protected":false},"excerpt":{"rendered":"<p>LGBT\u0130 hareketi, 80\u2019lerin son \u00e7eyre\u011finde T\u00fcrkiye toplumsal hareketler tarihine dahil olup dinamizmi, \u00e7ok y\u00f6nl\u00fc bak\u0131\u015f a\u00e7\u0131s\u0131, d\u00f6n\u00fc\u015ft\u00fcr\u00fcc\u00fc pratikleri ile m\u00fccadeleye damgas\u0131n\u0131 vurdu.<\/p>\n","protected":false},"featured_media":0,"template":"","meta":{"_monsterinsights_skip_tracking":false,"_monsterinsights_sitenote_active":false,"_monsterinsights_sitenote_note":"","_monsterinsights_sitenote_category":0},"product_brand":[],"product_cat":[12325,12324],"product_tag":[],"class_list":{"0":"post-699002","1":"product","2":"type-product","3":"status-publish","5":"product_cat-diger-sosyoloji","6":"product_cat-sosyoloji","7":"pa_tur-kitap","8":"pa_yayinevi-sel-yayincilik","9":"pa_yazar-ahmet-gunes","11":"first","12":"instock","13":"sale","14":"shipping-taxable","15":"purchasable","16":"product-type-simple"},"_links":{"self":[{"href":"https:\/\/roveyayinevi.com.tr\/index.php\/wp-json\/wp\/v2\/product\/699002","targetHints":{"allow":["GET"]}}],"collection":[{"href":"https:\/\/roveyayinevi.com.tr\/index.php\/wp-json\/wp\/v2\/product"}],"about":[{"href":"https:\/\/roveyayinevi.com.tr\/index.php\/wp-json\/wp\/v2\/types\/product"}],"wp:attachment":[{"href":"https:\/\/roveyayinevi.com.tr\/index.php\/wp-json\/wp\/v2\/media?parent=699002"}],"wp:term":[{"taxonomy":"product_brand","embeddable":true,"href":"https:\/\/roveyayinevi.com.tr\/index.php\/wp-json\/wp\/v2\/product_brand?post=699002"},{"taxonomy":"product_cat","embeddable":true,"href":"https:\/\/roveyayinevi.com.tr\/index.php\/wp-json\/wp\/v2\/product_cat?post=699002"},{"taxonomy":"product_tag","embeddable":true,"href":"https:\/\/roveyayinevi.com.tr\/index.php\/wp-json\/wp\/v2\/product_tag?post=699002"}],"curies":[{"name":"wp","href":"https:\/\/api.w.org\/{rel}","templated":true}]}}