{"id":698999,"date":"2025-08-27T14:48:28","date_gmt":"2025-08-27T11:48:28","guid":{"rendered":"https:\/\/roveyayinevi.com.tr\/index.php\/urun\/renklerin-rehberligi\/"},"modified":"2026-04-16T02:08:23","modified_gmt":"2026-04-15T23:08:23","slug":"renklerin-rehberligi","status":"publish","type":"product","link":"https:\/\/roveyayinevi.com.tr\/index.php\/urun\/renklerin-rehberligi\/","title":{"rendered":"Renklerin Rehberli\u011fi"},"content":{"rendered":"<p>Renkler varolu\u015fun bir par\u00e7as\u0131d\u0131r ve \u0131\u015f\u0131k olan her yerde alg\u0131lan\u0131r. olay\u0131s\u0131yla renkler yery\u00fcz\u00fcnde insano\u011flundan \u00f6nce de vard\u0131\u2026 Sonra insano\u011flu var oldu. \u0130lk andan itibaren de renklerden etkilendi! \ufffcTan\u0131t\u0131m Metni<\/p>\n","protected":false},"excerpt":{"rendered":"<p>Renkler varolu\u015fun bir par\u00e7as\u0131d\u0131r ve \u0131\u015f\u0131k olan her yerde alg\u0131lan\u0131r. olay\u0131s\u0131yla renkler yery\u00fcz\u00fcnde insano\u011flundan \u00f6nce de vard\u0131\u2026 Sonra insano\u011flu var oldu. \u0130lk andan itibaren de renklerden<span class=\"excerpt-hellip\"> [\u2026]<\/span><\/p>\n","protected":false},"featured_media":0,"template":"","meta":{"_monsterinsights_skip_tracking":false,"_monsterinsights_sitenote_active":false,"_monsterinsights_sitenote_note":"","_monsterinsights_sitenote_category":0},"product_brand":[],"product_cat":[12364,16154],"product_tag":[],"class_list":{"0":"post-698999","1":"product","2":"type-product","3":"status-publish","5":"product_cat-genel-konular","6":"product_cat-parapsikoloji","7":"pa_tur-kitap","8":"pa_yayinevi-new-age-yayinlari","9":"pa_yazar-deniz-yeker","11":"first","12":"instock","13":"sale","14":"shipping-taxable","15":"purchasable","16":"product-type-simple"},"_links":{"self":[{"href":"https:\/\/roveyayinevi.com.tr\/index.php\/wp-json\/wp\/v2\/product\/698999","targetHints":{"allow":["GET"]}}],"collection":[{"href":"https:\/\/roveyayinevi.com.tr\/index.php\/wp-json\/wp\/v2\/product"}],"about":[{"href":"https:\/\/roveyayinevi.com.tr\/index.php\/wp-json\/wp\/v2\/types\/product"}],"wp:attachment":[{"href":"https:\/\/roveyayinevi.com.tr\/index.php\/wp-json\/wp\/v2\/media?parent=698999"}],"wp:term":[{"taxonomy":"product_brand","embeddable":true,"href":"https:\/\/roveyayinevi.com.tr\/index.php\/wp-json\/wp\/v2\/product_brand?post=698999"},{"taxonomy":"product_cat","embeddable":true,"href":"https:\/\/roveyayinevi.com.tr\/index.php\/wp-json\/wp\/v2\/product_cat?post=698999"},{"taxonomy":"product_tag","embeddable":true,"href":"https:\/\/roveyayinevi.com.tr\/index.php\/wp-json\/wp\/v2\/product_tag?post=698999"}],"curies":[{"name":"wp","href":"https:\/\/api.w.org\/{rel}","templated":true}]}}