{"id":698997,"date":"2025-08-27T14:48:28","date_gmt":"2025-08-27T11:48:28","guid":{"rendered":"https:\/\/roveyayinevi.com.tr\/index.php\/urun\/amastris-usumesin\/"},"modified":"2026-04-16T02:08:22","modified_gmt":"2026-04-15T23:08:22","slug":"amastris-usumesin","status":"publish","type":"product","link":"https:\/\/roveyayinevi.com.tr\/index.php\/urun\/amastris-usumesin\/","title":{"rendered":"Amastris \u00dc\u015f\u00fcmesin"},"content":{"rendered":"<p>G\u00fcney Din\u00e7\u2019in L\u00fctfiye ve Kom\u015fusu ile Duvardaki \u00d6r\u00fcmcek romanlar\u0131yla ba\u015flatt\u0131\u011f\u0131m\u0131z \u201c\u0130zmir\u2019de Ya\u015fam\u201d \u00fc\u00e7lemesini b\u00fct\u00fcnleyen Amastris \u00dc\u015f\u00fcmesin, dizinin son kitab\u0131\u2026 <\/p>\n","protected":false},"excerpt":{"rendered":"<p>G\u00fcney Din\u00e7\u2019in L\u00fctfiye ve Kom\u015fusu ile Duvardaki \u00d6r\u00fcmcek romanlar\u0131yla ba\u015flatt\u0131\u011f\u0131m\u0131z \u201c\u0130zmir\u2019de Ya\u015fam\u201d \u00fc\u00e7lemesini b\u00fct\u00fcnleyen Amastris \u00dc\u015f\u00fcmesin, dizinin son kitab\u0131\u2026<\/p>\n","protected":false},"featured_media":0,"template":"","meta":{"_monsterinsights_skip_tracking":false,"_monsterinsights_sitenote_active":false,"_monsterinsights_sitenote_note":"","_monsterinsights_sitenote_category":0},"product_brand":[],"product_cat":[12291,12292],"product_tag":[],"class_list":{"0":"post-698997","1":"product","2":"type-product","3":"status-publish","5":"product_cat-edebiyat","6":"product_cat-turk-edebiyati","7":"pa_tur-kitap","8":"pa_yayinevi-cumhuriyet-kitaplari","9":"pa_yazar-guney-dinc","11":"first","12":"instock","13":"sale","14":"shipping-taxable","15":"purchasable","16":"product-type-simple"},"_links":{"self":[{"href":"https:\/\/roveyayinevi.com.tr\/index.php\/wp-json\/wp\/v2\/product\/698997","targetHints":{"allow":["GET"]}}],"collection":[{"href":"https:\/\/roveyayinevi.com.tr\/index.php\/wp-json\/wp\/v2\/product"}],"about":[{"href":"https:\/\/roveyayinevi.com.tr\/index.php\/wp-json\/wp\/v2\/types\/product"}],"wp:attachment":[{"href":"https:\/\/roveyayinevi.com.tr\/index.php\/wp-json\/wp\/v2\/media?parent=698997"}],"wp:term":[{"taxonomy":"product_brand","embeddable":true,"href":"https:\/\/roveyayinevi.com.tr\/index.php\/wp-json\/wp\/v2\/product_brand?post=698997"},{"taxonomy":"product_cat","embeddable":true,"href":"https:\/\/roveyayinevi.com.tr\/index.php\/wp-json\/wp\/v2\/product_cat?post=698997"},{"taxonomy":"product_tag","embeddable":true,"href":"https:\/\/roveyayinevi.com.tr\/index.php\/wp-json\/wp\/v2\/product_tag?post=698997"}],"curies":[{"name":"wp","href":"https:\/\/api.w.org\/{rel}","templated":true}]}}