{"id":698996,"date":"2025-08-27T14:48:28","date_gmt":"2025-08-27T11:48:28","guid":{"rendered":"https:\/\/roveyayinevi.com.tr\/index.php\/urun\/karsilastirmali-egitim-dunya-ulkelerinden-orneklerle\/"},"modified":"2026-04-16T02:08:22","modified_gmt":"2026-04-15T23:08:22","slug":"karsilastirmali-egitim-dunya-ulkelerinden-orneklerle","status":"publish","type":"product","link":"https:\/\/roveyayinevi.com.tr\/index.php\/urun\/karsilastirmali-egitim-dunya-ulkelerinden-orneklerle\/","title":{"rendered":"Kar\u015f\u0131la\u015ft\u0131rmal\u0131 E\u011fitim &#8211; D\u00fcnya \u00dclkelerinden \u00d6rneklerle"},"content":{"rendered":"<p>Kar\u015f\u0131la\u015ft\u0131rmal\u0131 e\u011fitim bir \u00fclkenin ba\u015fka bir \u00fclkenin e\u011fitim sistemini aynen almas\u0131 de\u011fildir. Sorunlar\u0131n \u00e7\u00f6z\u00fcm\u00fcnde daha \u00f6nce yaz\u0131lm\u0131\u015f deneyimleri geni\u015f bir \u00e7er\u00e7evede inceleyerek onlardan yararlanmakt\u0131r.   Kitap, 1998&#8217;de yay\u0131nlanan &#8220;Kar\u015f\u0131la\u015ft\u0131rmal\u0131 E\u011fitim&#8221; kitab\u0131n\u0131n 2010&#8217;lu y\u0131llardaki de\u011fi\u015fikliklere g\u00f6re yeniden yay\u0131nlanan halidir. Kitab\u0131n haz\u0131rlanmas\u0131nda, Kar\u015f\u0131la\u015ft\u0131rmal\u0131 E\u011fitim dersini alan doktora \u00f6\u011frencileri, \u00f6dev olarak, \u00fclkeleri inceleyerek rapor haline getirmi\u015flerdir. \u00dclkeler se\u00e7ilirken D\u00fcnya&#8217;n\u0131n e\u011fitim laboratuvar\u0131 olan A.B.D, \u0130ngiltere, Fransa, Almanya, \u0130talya ve Rusya \u00f6zellikle incelenmi\u015ftir. Japonya, \u00c7in ve \u0130srail e\u011fitim sistemlerindeki yenile\u015ftirme \u00e7al\u0131\u015fmalar\u0131 sebebiyle ele al\u0131nm\u0131\u015ft\u0131r. Bu \u00fclkeler ile birlikte kitapta toplam 20 \u00fclkenin e\u011fitim sistemlerine yer verilmi\u015ftir.<\/p>\n","protected":false},"excerpt":{"rendered":"<p>Kar\u015f\u0131la\u015ft\u0131rmal\u0131 e\u011fitim bir \u00fclkenin ba\u015fka bir \u00fclkenin e\u011fitim sistemini aynen almas\u0131 de\u011fildir. Sorunlar\u0131n \u00e7\u00f6z\u00fcm\u00fcnde daha \u00f6nce yaz\u0131lm\u0131\u015f deneyimleri geni\u015f bir \u00e7er\u00e7evede inceleyerek onlardan yararlanmakt\u0131r. Kitap, 1998&#8217;de<span class=\"excerpt-hellip\"> [\u2026]<\/span><\/p>\n","protected":false},"featured_media":0,"template":"","meta":{"_monsterinsights_skip_tracking":false,"_monsterinsights_sitenote_active":false,"_monsterinsights_sitenote_note":"","_monsterinsights_sitenote_category":0},"product_brand":[],"product_cat":[12312,12304],"product_tag":[],"class_list":{"0":"post-698996","1":"product","2":"type-product","3":"status-publish","5":"product_cat-diger","6":"product_cat-tarih","7":"pa_cilt-ciltsiz","8":"pa_tur-kitap","9":"pa_yayinevi-ani-yayincilik","10":"pa_yazar-adil-turkoglu","12":"first","13":"instock","14":"sale","15":"shipping-taxable","16":"purchasable","17":"product-type-simple"},"_links":{"self":[{"href":"https:\/\/roveyayinevi.com.tr\/index.php\/wp-json\/wp\/v2\/product\/698996","targetHints":{"allow":["GET"]}}],"collection":[{"href":"https:\/\/roveyayinevi.com.tr\/index.php\/wp-json\/wp\/v2\/product"}],"about":[{"href":"https:\/\/roveyayinevi.com.tr\/index.php\/wp-json\/wp\/v2\/types\/product"}],"wp:attachment":[{"href":"https:\/\/roveyayinevi.com.tr\/index.php\/wp-json\/wp\/v2\/media?parent=698996"}],"wp:term":[{"taxonomy":"product_brand","embeddable":true,"href":"https:\/\/roveyayinevi.com.tr\/index.php\/wp-json\/wp\/v2\/product_brand?post=698996"},{"taxonomy":"product_cat","embeddable":true,"href":"https:\/\/roveyayinevi.com.tr\/index.php\/wp-json\/wp\/v2\/product_cat?post=698996"},{"taxonomy":"product_tag","embeddable":true,"href":"https:\/\/roveyayinevi.com.tr\/index.php\/wp-json\/wp\/v2\/product_tag?post=698996"}],"curies":[{"name":"wp","href":"https:\/\/api.w.org\/{rel}","templated":true}]}}