{"id":698994,"date":"2025-08-27T14:48:27","date_gmt":"2025-08-27T11:48:27","guid":{"rendered":"https:\/\/roveyayinevi.com.tr\/index.php\/urun\/ask-i-memnu\/"},"modified":"2026-04-16T02:08:22","modified_gmt":"2026-04-15T23:08:22","slug":"ask-i-memnu","status":"publish","type":"product","link":"https:\/\/roveyayinevi.com.tr\/index.php\/urun\/ask-i-memnu\/","title":{"rendered":"A\u015fk-\u0131 Memnu"},"content":{"rendered":"<p>A\u015fk- Memnu tefrika edildi\u011fi d\u00f6nemde b\u00fcy\u00fck ilgiyle kar\u015f\u0131lanm\u0131\u015ft\u0131r. Halit Ziya U\u015fakl\u0131gil\u2019in en tan\u0131nan roman\u0131 olmu\u015ftur. Roman, yazar\u0131n en olgun eseri olarak kabul edilir ve Servet-i F\u00fcnun d\u00f6nemi T\u00fcrk edebiyat\u0131n\u0131n \u015faheserlerinden biri olarak de\u011ferlendirilir. <\/p>\n","protected":false},"excerpt":{"rendered":"<p>A\u015fk- Memnu tefrika edildi\u011fi d\u00f6nemde b\u00fcy\u00fck ilgiyle kar\u015f\u0131lanm\u0131\u015ft\u0131r. Halit Ziya U\u015fakl\u0131gil\u2019in en tan\u0131nan roman\u0131 olmu\u015ftur. Roman, yazar\u0131n en olgun eseri olarak kabul edilir ve Servet-i F\u00fcnun<span class=\"excerpt-hellip\"> [\u2026]<\/span><\/p>\n","protected":false},"featured_media":0,"template":"","meta":{"_monsterinsights_skip_tracking":false,"_monsterinsights_sitenote_active":false,"_monsterinsights_sitenote_note":"","_monsterinsights_sitenote_category":0},"product_brand":[],"product_cat":[12291,12292],"product_tag":[],"class_list":{"0":"post-698994","1":"product","2":"type-product","3":"status-publish","5":"product_cat-edebiyat","6":"product_cat-turk-edebiyati","7":"pa_tur-kitap","8":"pa_yayinevi-iskele-yayincilik","9":"pa_yazar-halid-ziya-usakligil","11":"first","12":"instock","13":"sale","14":"shipping-taxable","15":"purchasable","16":"product-type-simple"},"_links":{"self":[{"href":"https:\/\/roveyayinevi.com.tr\/index.php\/wp-json\/wp\/v2\/product\/698994","targetHints":{"allow":["GET"]}}],"collection":[{"href":"https:\/\/roveyayinevi.com.tr\/index.php\/wp-json\/wp\/v2\/product"}],"about":[{"href":"https:\/\/roveyayinevi.com.tr\/index.php\/wp-json\/wp\/v2\/types\/product"}],"wp:attachment":[{"href":"https:\/\/roveyayinevi.com.tr\/index.php\/wp-json\/wp\/v2\/media?parent=698994"}],"wp:term":[{"taxonomy":"product_brand","embeddable":true,"href":"https:\/\/roveyayinevi.com.tr\/index.php\/wp-json\/wp\/v2\/product_brand?post=698994"},{"taxonomy":"product_cat","embeddable":true,"href":"https:\/\/roveyayinevi.com.tr\/index.php\/wp-json\/wp\/v2\/product_cat?post=698994"},{"taxonomy":"product_tag","embeddable":true,"href":"https:\/\/roveyayinevi.com.tr\/index.php\/wp-json\/wp\/v2\/product_tag?post=698994"}],"curies":[{"name":"wp","href":"https:\/\/api.w.org\/{rel}","templated":true}]}}