{"id":698992,"date":"2025-08-27T14:48:27","date_gmt":"2025-08-27T11:48:27","guid":{"rendered":"https:\/\/roveyayinevi.com.tr\/index.php\/urun\/okul-sikintisi\/"},"modified":"2026-04-16T02:08:22","modified_gmt":"2026-04-15T23:08:22","slug":"okul-sikintisi","status":"publish","type":"product","link":"https:\/\/roveyayinevi.com.tr\/index.php\/urun\/okul-sikintisi\/","title":{"rendered":"Okul S\u0131k\u0131nt\u0131s\u0131"},"content":{"rendered":"<p>Okul S\u0131k\u0131nt\u0131s\u0131, tembel bir \u00f6\u011frenci olan Daniel Pennac\u2019\u0131n kendi deneyimlerinden ve ya\u015fad\u0131klar\u0131ndan yola \u00e7\u0131karak kaleme ald\u0131\u011f\u0131 otobiyografik bir roman. G\u00fcn\u00fcm\u00fcz Frans\u0131z edebiyat\u0131n\u0131n en ba\u015far\u0131l\u0131 kalemlerinden biri olan Pennac, okulu, bir \u00f6\u011frencinin, hem de k\u00f6t\u00fc bir \u00f6\u011frencinin bak\u0131\u015f a\u00e7\u0131s\u0131ndan ele alarak yeniden yorumluyor; ba\u015far\u0131s\u0131zl\u0131\u011f\u0131n yaratt\u0131\u011f\u0131 h\u00fcsran duygusunun, anlamaman\u0131n ac\u0131s\u0131 n\u0131n k\u0131r\u0131klarla dolu karnelerin ve \u00fczg\u00fcn anne babalar\u0131n k\u0131skac\u0131ndaki bu evreni son derece s\u0131cak ve mizah dolu bir yakla\u015f\u0131mla aktar\u0131yor. E\u011fitim ve okullar konusundaki yakla\u015f\u0131m\u0131yla bilindik tabular\u0131 y\u0131kan Okul S\u0131k\u0131nt\u0131s\u0131, Fransa\u2019da Renaudot \u00d6d\u00fcl\u00fc\u2019n\u00fc kazand\u0131.<\/p>\n","protected":false},"excerpt":{"rendered":"<p>Okul S\u0131k\u0131nt\u0131s\u0131, tembel bir \u00f6\u011frenci olan Daniel Pennac\u2019\u0131n kendi deneyimlerinden ve ya\u015fad\u0131klar\u0131ndan yola \u00e7\u0131karak kaleme ald\u0131\u011f\u0131 otobiyografik bir roman. G\u00fcn\u00fcm\u00fcz Frans\u0131z edebiyat\u0131n\u0131n en ba\u015far\u0131l\u0131 kalemlerinden biri<span class=\"excerpt-hellip\"> [\u2026]<\/span><\/p>\n","protected":false},"featured_media":0,"template":"","meta":{"_monsterinsights_skip_tracking":false,"_monsterinsights_sitenote_active":false,"_monsterinsights_sitenote_note":"","_monsterinsights_sitenote_category":0},"product_brand":[],"product_cat":[14009,12291],"product_tag":[],"class_list":{"0":"post-698992","1":"product","2":"type-product","3":"status-publish","5":"product_cat-biyografi-otobiyografi-edebiyat","6":"product_cat-edebiyat","7":"pa_cilt-ciltsiz","8":"pa_tur-kitap","9":"pa_yayinevi-can-yayinlari","10":"pa_yazar-daniel-pennac","12":"first","13":"instock","14":"sale","15":"shipping-taxable","16":"purchasable","17":"product-type-simple"},"_links":{"self":[{"href":"https:\/\/roveyayinevi.com.tr\/index.php\/wp-json\/wp\/v2\/product\/698992","targetHints":{"allow":["GET"]}}],"collection":[{"href":"https:\/\/roveyayinevi.com.tr\/index.php\/wp-json\/wp\/v2\/product"}],"about":[{"href":"https:\/\/roveyayinevi.com.tr\/index.php\/wp-json\/wp\/v2\/types\/product"}],"wp:attachment":[{"href":"https:\/\/roveyayinevi.com.tr\/index.php\/wp-json\/wp\/v2\/media?parent=698992"}],"wp:term":[{"taxonomy":"product_brand","embeddable":true,"href":"https:\/\/roveyayinevi.com.tr\/index.php\/wp-json\/wp\/v2\/product_brand?post=698992"},{"taxonomy":"product_cat","embeddable":true,"href":"https:\/\/roveyayinevi.com.tr\/index.php\/wp-json\/wp\/v2\/product_cat?post=698992"},{"taxonomy":"product_tag","embeddable":true,"href":"https:\/\/roveyayinevi.com.tr\/index.php\/wp-json\/wp\/v2\/product_tag?post=698992"}],"curies":[{"name":"wp","href":"https:\/\/api.w.org\/{rel}","templated":true}]}}