{"id":698991,"date":"2025-08-27T14:48:26","date_gmt":"2025-08-27T11:48:26","guid":{"rendered":"https:\/\/roveyayinevi.com.tr\/index.php\/urun\/saka\/"},"modified":"2026-04-16T02:08:22","modified_gmt":"2026-04-15T23:08:22","slug":"saka","status":"publish","type":"product","link":"https:\/\/roveyayinevi.com.tr\/index.php\/urun\/saka\/","title":{"rendered":"\u015eaka"},"content":{"rendered":"<p>Ludvik, bir s\u00fcredir uzak kald\u0131\u011f\u0131 k\u0131z arkada\u015f\u0131 Marketa\u2019dan bir mektup al\u0131r. Marketa, hayat\u0131ndan memnun oldu\u011funu ve Bat\u0131\u2019da devrimin pek yak\u0131nda ger\u00e7ekle\u015fece\u011fini yazmaktad\u0131r. Kendisini \u00f6zlemedi\u011fi i\u00e7in Marketa\u2019ya k\u0131z Ludvik, bir kartpostal\u0131n arkas\u0131na, \u0130yimserlik, insano\u011flunun afyonudur! Sa\u011fl\u0131kl\u0131 ruh, h\u0131yarl\u0131ktan ba\u015fka bir \u015fey de\u011fil. Ya\u015fas\u0131n Trok\u00e7i! yazar ve k\u0131za g\u00f6nderir. Ludvik\u2019in \u015faka olsun diye yazd\u0131\u011f\u0131 bu \u00fc\u00e7 c\u00fcmle, hem Kom\u00fcnist Parti\u2019den, hem de \u00fcniversiteden at\u0131lmas\u0131na, toplumdan d\u0131\u015flanmas\u0131na yol a\u00e7acakt\u0131r. Milan Kundera\u2019n\u0131n 1967\u2019de yay\u0131mlanan ilk roman\u0131 \u015eaka, sosyalist \u00c7ekoslovakya\u2019n\u0131n alayc\u0131 bir ele\u015ftirisiydi. Bir s\u00fcre sonra Kundera\u2019n\u0131n t\u00fcm yap\u0131tlar\u0131 yasaklanm\u0131\u015f, kendisi de yurtta\u015fl\u0131ktan \u00e7\u0131kar\u0131lm\u0131\u015ft\u0131. \u015eaka\u2019n\u0131n ilk yay\u0131nlan\u0131\u015f\u0131ndan bu yana k\u0131rk y\u0131l ge\u00e7ti. Zaman\u0131nda politik g\u00f6ndermeleriyle \u00f6ne \u00e7\u0131kan bu \u00e7arp\u0131c\u0131 a\u015fk ve intikam roman\u0131, bug\u00fcn de, her kal\u0131c\u0131 yap\u0131t gibi, insan varolu\u015funun evrensel temalar\u0131na \u0131\u015f\u0131k tutmay\u0131 s\u00fcrd\u00fcr\u00fcyor. \ufffcTan\u0131t\u0131m Metni<\/p>\n","protected":false},"excerpt":{"rendered":"<p>Ludvik, bir s\u00fcredir uzak kald\u0131\u011f\u0131 k\u0131z arkada\u015f\u0131 Marketa\u2019dan bir mektup al\u0131r. Marketa, hayat\u0131ndan memnun oldu\u011funu ve Bat\u0131\u2019da devrimin pek yak\u0131nda ger\u00e7ekle\u015fece\u011fini yazmaktad\u0131r. Kendisini \u00f6zlemedi\u011fi i\u00e7in Marketa\u2019ya<span class=\"excerpt-hellip\"> [\u2026]<\/span><\/p>\n","protected":false},"featured_media":0,"template":"","meta":{"_monsterinsights_skip_tracking":false,"_monsterinsights_sitenote_active":false,"_monsterinsights_sitenote_note":"","_monsterinsights_sitenote_category":0},"product_brand":[],"product_cat":[13661,12291],"product_tag":[],"class_list":{"0":"post-698991","1":"product","2":"type-product","3":"status-publish","5":"product_cat-diger-ulke-edebiyatlari","6":"product_cat-edebiyat","7":"pa_cilt-ciltsiz","8":"pa_tur-kitap","9":"pa_yayinevi-can-yayinlari","10":"pa_yazar-milan-kundera","12":"first","13":"instock","14":"sale","15":"shipping-taxable","16":"purchasable","17":"product-type-simple"},"_links":{"self":[{"href":"https:\/\/roveyayinevi.com.tr\/index.php\/wp-json\/wp\/v2\/product\/698991","targetHints":{"allow":["GET"]}}],"collection":[{"href":"https:\/\/roveyayinevi.com.tr\/index.php\/wp-json\/wp\/v2\/product"}],"about":[{"href":"https:\/\/roveyayinevi.com.tr\/index.php\/wp-json\/wp\/v2\/types\/product"}],"wp:attachment":[{"href":"https:\/\/roveyayinevi.com.tr\/index.php\/wp-json\/wp\/v2\/media?parent=698991"}],"wp:term":[{"taxonomy":"product_brand","embeddable":true,"href":"https:\/\/roveyayinevi.com.tr\/index.php\/wp-json\/wp\/v2\/product_brand?post=698991"},{"taxonomy":"product_cat","embeddable":true,"href":"https:\/\/roveyayinevi.com.tr\/index.php\/wp-json\/wp\/v2\/product_cat?post=698991"},{"taxonomy":"product_tag","embeddable":true,"href":"https:\/\/roveyayinevi.com.tr\/index.php\/wp-json\/wp\/v2\/product_tag?post=698991"}],"curies":[{"name":"wp","href":"https:\/\/api.w.org\/{rel}","templated":true}]}}