{"id":698986,"date":"2025-08-27T14:48:25","date_gmt":"2025-08-27T11:48:25","guid":{"rendered":"https:\/\/roveyayinevi.com.tr\/index.php\/urun\/postmodernligin-durumu\/"},"modified":"2026-04-16T02:08:22","modified_gmt":"2026-04-15T23:08:22","slug":"postmodernligin-durumu","status":"publish","type":"product","link":"https:\/\/roveyayinevi.com.tr\/index.php\/urun\/postmodernligin-durumu\/","title":{"rendered":"Postmodernli\u011fin Durumu"},"content":{"rendered":"<p>The condition of postmodernity: an enquiry into the origins of cultural change\u00ff Son y\u0131llarda g\u00fcn\u00fcm\u00fcz d\u00fcnyas\u0131n\u0131 betimlemede kullan\u0131lan postmodern durum \u00fczerine, postmodern k\u00fclt\u00fcr, mimari, sanat ve toplum \u00fczerine pek \u00e7ok \u015fey yaz\u0131ld\u0131. David Harvey, Postmodernli\u011fin Durumu nda ba\u015flang\u0131\u00e7 olarak terimin farkl\u0131 anlamlar\u0131n\u0131 inceliyor ve modernizm sonras\u0131 toplumsal ya\u015fant\u0131y\u0131 anlamakta bu kavramla\u015ft\u0131rmay\u0131 kullanman\u0131n ne \u00f6l\u00e7\u00fcde uygun ve yararl\u0131 oldu\u011funu tart\u0131\u015f\u0131yor. Ancak Postmodernli\u011fin Durumu , \u00e7ok daha fazlas\u0131n\u0131 vaat ediyor okura. Yazar, Ayd\u0131nlanma\u2019dan g\u00fcn\u00fcm\u00fcze uzanan d\u00f6nem boyunca modernizmin toplumsal bir tarihini kuruyor ve modernizmin politik ve toplumsal d\u00fc\u015f\u00fcnce ve hareketler i\u00e7indeki, sanat, edebiyat ve mimarideki ifadelerini inceliyor. En dikkat \u00e7ekici ve Harvey\u2019ye \u00f6zg\u00fc vurgulama ise, zaman ve mekan alg\u0131lamalar\u0131m\u0131z\u0131n yine zaman ve mekan boyunca nas\u0131l bir de\u011fi\u015fim g\u00f6sterdi\u011fi ve bu de\u011fi\u015fimin de\u011ferler ve toplumsal s\u00fcre\u00e7ler \u00fczerinde nas\u0131l etkili oldu\u011fu&#8230; Bu kitap sadece do\u011frudan sosyal bilimlerle ilgili olanlar i\u00e7in de\u011fil, g\u00fcn\u00fcm\u00fcz d\u00fcnyas\u0131ndaki de\u011fi\u015fimleri anlamakta \u0131srarl\u0131 olan, ara\u015ft\u0131rmaktan \u00e7ekinmeyen genel okur i\u00e7in de son derece ilgi \u00e7ekici&#8230; Son d\u00f6nemde, d\u00fc\u015f\u00fcnce tarihine ve zihniyetlerin toplumsal ve politik de\u011fi\u015fmeyle ilgisinin kurulmas\u0131na yap\u0131lm\u0131\u015f zengin bir katk\u0131&#8230;\ufffcTan\u0131t\u0131m Metni<\/p>\n","protected":false},"excerpt":{"rendered":"<p>The condition of postmodernity: an enquiry into the origins of cultural change\u00ff Son y\u0131llarda g\u00fcn\u00fcm\u00fcz d\u00fcnyas\u0131n\u0131 betimlemede kullan\u0131lan postmodern durum \u00fczerine, postmodern k\u00fclt\u00fcr, mimari, sanat ve<span class=\"excerpt-hellip\"> [\u2026]<\/span><\/p>\n","protected":false},"featured_media":0,"template":"","meta":{"_monsterinsights_skip_tracking":false,"_monsterinsights_sitenote_active":false,"_monsterinsights_sitenote_note":"","_monsterinsights_sitenote_category":0},"product_brand":[],"product_cat":[13633,12324],"product_tag":[],"class_list":{"0":"post-698986","1":"product","2":"type-product","3":"status-publish","5":"product_cat-kultur-ve-bilim","6":"product_cat-sosyoloji","7":"pa_cilt-ciltsiz","8":"pa_tur-kitap","9":"pa_yayinevi-metis-yayinlari","10":"pa_yazar-david-harvey","12":"first","13":"instock","14":"sale","15":"shipping-taxable","16":"purchasable","17":"product-type-simple"},"_links":{"self":[{"href":"https:\/\/roveyayinevi.com.tr\/index.php\/wp-json\/wp\/v2\/product\/698986","targetHints":{"allow":["GET"]}}],"collection":[{"href":"https:\/\/roveyayinevi.com.tr\/index.php\/wp-json\/wp\/v2\/product"}],"about":[{"href":"https:\/\/roveyayinevi.com.tr\/index.php\/wp-json\/wp\/v2\/types\/product"}],"wp:attachment":[{"href":"https:\/\/roveyayinevi.com.tr\/index.php\/wp-json\/wp\/v2\/media?parent=698986"}],"wp:term":[{"taxonomy":"product_brand","embeddable":true,"href":"https:\/\/roveyayinevi.com.tr\/index.php\/wp-json\/wp\/v2\/product_brand?post=698986"},{"taxonomy":"product_cat","embeddable":true,"href":"https:\/\/roveyayinevi.com.tr\/index.php\/wp-json\/wp\/v2\/product_cat?post=698986"},{"taxonomy":"product_tag","embeddable":true,"href":"https:\/\/roveyayinevi.com.tr\/index.php\/wp-json\/wp\/v2\/product_tag?post=698986"}],"curies":[{"name":"wp","href":"https:\/\/api.w.org\/{rel}","templated":true}]}}