{"id":698984,"date":"2025-08-27T14:48:24","date_gmt":"2025-08-27T11:48:24","guid":{"rendered":"https:\/\/roveyayinevi.com.tr\/index.php\/urun\/40-siir-ve-bir\/"},"modified":"2026-04-16T02:08:22","modified_gmt":"2026-04-15T23:08:22","slug":"40-siir-ve-bir","status":"publish","type":"product","link":"https:\/\/roveyayinevi.com.tr\/index.php\/urun\/40-siir-ve-bir\/","title":{"rendered":"40 \u015eiir ve Bir"},"content":{"rendered":"<p>Bu sabah \u015fu denizi kirala, mavimavi hat\u0131rlayal\u0131m birbirimizi,bu \u00f6\u011flen g\u00fcne\u015fi kirala da birdaha so\u011fukluk girmesin aram\u0131za,bu ikindi tembelli\u011fi kirala, belkig\u00f6lgesinde kedin olurum senin,bu ak\u015fam bah\u00e7eyi kirala, elimizdeb\u00fcy\u00fcs\u00fcn g\u00fcl, menek\u015fe, yasemin,bu gece uykuyu kiralarsan, r\u00fcyamayaln\u0131z senin g\u00f6zlerini konuk ederim,bu bahar bu g\u00f6vdeyi kirala, v\u00fccutkitab\u0131nda tozland\u0131 kelimelerim. <\/p>\n","protected":false},"excerpt":{"rendered":"<p>Bu sabah \u015fu denizi kirala, mavimavi hat\u0131rlayal\u0131m birbirimizi,bu \u00f6\u011flen g\u00fcne\u015fi kirala da birdaha so\u011fukluk girmesin aram\u0131za,bu ikindi tembelli\u011fi kirala, belkig\u00f6lgesinde kedin olurum senin,bu ak\u015fam bah\u00e7eyi kirala,<span class=\"excerpt-hellip\"> [\u2026]<\/span><\/p>\n","protected":false},"featured_media":0,"template":"","meta":{"_monsterinsights_skip_tracking":false,"_monsterinsights_sitenote_active":false,"_monsterinsights_sitenote_note":"","_monsterinsights_sitenote_category":0},"product_brand":[],"product_cat":[12291,12509],"product_tag":[],"class_list":{"0":"post-698984","1":"product","2":"type-product","3":"status-publish","5":"product_cat-edebiyat","6":"product_cat-siir","7":"pa_cilt-ciltsiz","8":"pa_tur-kitap","9":"pa_yayinevi-kirmizi-kedi-yayinevi","10":"pa_yazar-haydar-ergulen","12":"first","13":"instock","14":"sale","15":"shipping-taxable","16":"purchasable","17":"product-type-simple"},"_links":{"self":[{"href":"https:\/\/roveyayinevi.com.tr\/index.php\/wp-json\/wp\/v2\/product\/698984","targetHints":{"allow":["GET"]}}],"collection":[{"href":"https:\/\/roveyayinevi.com.tr\/index.php\/wp-json\/wp\/v2\/product"}],"about":[{"href":"https:\/\/roveyayinevi.com.tr\/index.php\/wp-json\/wp\/v2\/types\/product"}],"wp:attachment":[{"href":"https:\/\/roveyayinevi.com.tr\/index.php\/wp-json\/wp\/v2\/media?parent=698984"}],"wp:term":[{"taxonomy":"product_brand","embeddable":true,"href":"https:\/\/roveyayinevi.com.tr\/index.php\/wp-json\/wp\/v2\/product_brand?post=698984"},{"taxonomy":"product_cat","embeddable":true,"href":"https:\/\/roveyayinevi.com.tr\/index.php\/wp-json\/wp\/v2\/product_cat?post=698984"},{"taxonomy":"product_tag","embeddable":true,"href":"https:\/\/roveyayinevi.com.tr\/index.php\/wp-json\/wp\/v2\/product_tag?post=698984"}],"curies":[{"name":"wp","href":"https:\/\/api.w.org\/{rel}","templated":true}]}}