{"id":698983,"date":"2025-08-27T14:48:24","date_gmt":"2025-08-27T11:48:24","guid":{"rendered":"https:\/\/roveyayinevi.com.tr\/index.php\/urun\/psikolojik-test-gelistirme-ve-uyarlama-sureci-spss-ve-lisrel-uygulamalari\/"},"modified":"2026-04-16T02:08:22","modified_gmt":"2026-04-15T23:08:22","slug":"psikolojik-test-gelistirme-ve-uyarlama-sureci-spss-ve-lisrel-uygulamalari","status":"publish","type":"product","link":"https:\/\/roveyayinevi.com.tr\/index.php\/urun\/psikolojik-test-gelistirme-ve-uyarlama-sureci-spss-ve-lisrel-uygulamalari\/","title":{"rendered":"Psikolojik Test Geli\u015ftirme ve Uyarlama S\u00fcreci : SPSS ve LISREL Uygulamalar\u0131"},"content":{"rendered":"<p>Psikolojik test kullan\u0131m\u0131nda en ideal y\u00f6ntem \u00f6l\u00e7ek geli\u015ftirme s\u00fcreci olmakla birlikte \u00e7e\u015fitli nedenlerden dolay\u0131 uyarlaman\u0131n da olduk\u00e7a yayg\u0131n bir uygulama oldu\u011fu s\u00f6ylenebilir. Ancak, gerek \u00f6l\u00e7ek geli\u015ftirme yakla\u015f\u0131m\u0131 gerekse \u00f6l\u00e7ek uyarlama yakla\u015f\u0131m\u0131 olsun her ikisi yol da bilimsel olarak zehmetli bir s\u00fcreci i\u00e7inde bar\u0131nd\u0131rmaktad\u0131r. Bu s\u00fcre\u00e7 belli i\u015flem ad\u0131mlar\u0131n\u0131 takip etmenin yan\u0131nda belli ba\u015fl\u0131 baz\u0131 etki ilke ve kurallar\u0131 da i\u00e7erir Eser test, \u00f6l\u00e7ek uyarlama ve geli\u015ftirme s\u00fcrecini amaca paralel yaz\u0131l\u0131mlarla \u00f6rneklendiren bir i\u00e7eri\u011fe g\u00f6re haz\u0131rlanm\u0131\u015ft\u0131r. \ufffcTan\u0131t\u0131m Metni<\/p>\n","protected":false},"excerpt":{"rendered":"<p>Psikolojik test kullan\u0131m\u0131nda en ideal y\u00f6ntem \u00f6l\u00e7ek geli\u015ftirme s\u00fcreci olmakla birlikte \u00e7e\u015fitli nedenlerden dolay\u0131 uyarlaman\u0131n da olduk\u00e7a yayg\u0131n bir uygulama oldu\u011fu s\u00f6ylenebilir. Ancak, gerek \u00f6l\u00e7ek geli\u015ftirme<span class=\"excerpt-hellip\"> [\u2026]<\/span><\/p>\n","protected":false},"featured_media":0,"template":"","meta":{"_monsterinsights_skip_tracking":false,"_monsterinsights_sitenote_active":false,"_monsterinsights_sitenote_note":"","_monsterinsights_sitenote_category":0},"product_brand":[],"product_cat":[12358,12357],"product_tag":[],"class_list":{"0":"post-698983","1":"product","2":"type-product","3":"status-publish","5":"product_cat-genel-psikoloji","6":"product_cat-psikoloji","7":"pa_cilt-ciltsiz","8":"pa_tur-kitap","9":"pa_yayinevi-ani-yayincilik","10":"pa_yazar-ismail-secer","12":"first","13":"instock","14":"sale","15":"shipping-taxable","16":"purchasable","17":"product-type-simple"},"_links":{"self":[{"href":"https:\/\/roveyayinevi.com.tr\/index.php\/wp-json\/wp\/v2\/product\/698983","targetHints":{"allow":["GET"]}}],"collection":[{"href":"https:\/\/roveyayinevi.com.tr\/index.php\/wp-json\/wp\/v2\/product"}],"about":[{"href":"https:\/\/roveyayinevi.com.tr\/index.php\/wp-json\/wp\/v2\/types\/product"}],"wp:attachment":[{"href":"https:\/\/roveyayinevi.com.tr\/index.php\/wp-json\/wp\/v2\/media?parent=698983"}],"wp:term":[{"taxonomy":"product_brand","embeddable":true,"href":"https:\/\/roveyayinevi.com.tr\/index.php\/wp-json\/wp\/v2\/product_brand?post=698983"},{"taxonomy":"product_cat","embeddable":true,"href":"https:\/\/roveyayinevi.com.tr\/index.php\/wp-json\/wp\/v2\/product_cat?post=698983"},{"taxonomy":"product_tag","embeddable":true,"href":"https:\/\/roveyayinevi.com.tr\/index.php\/wp-json\/wp\/v2\/product_tag?post=698983"}],"curies":[{"name":"wp","href":"https:\/\/api.w.org\/{rel}","templated":true}]}}