{"id":698979,"date":"2025-08-27T14:48:23","date_gmt":"2025-08-27T11:48:23","guid":{"rendered":"https:\/\/roveyayinevi.com.tr\/index.php\/urun\/eglenceli-sanat-ve-beceri-mor-kitap-7-yas\/"},"modified":"2026-04-16T02:08:22","modified_gmt":"2026-04-15T23:08:22","slug":"eglenceli-sanat-ve-beceri-mor-kitap-7-yas","status":"publish","type":"product","link":"https:\/\/roveyayinevi.com.tr\/index.php\/urun\/eglenceli-sanat-ve-beceri-mor-kitap-7-yas\/","title":{"rendered":"E\u011flenceli Sanat ve Beceri Mor Kitap (7 Ya\u015f)"},"content":{"rendered":"<p>Bu e\u011flenceli kitap 3 ile 9 ya\u015f aras\u0131 \u00e7ocuklar\u0131n yarat\u0131c\u0131 zekalar\u0131n\u0131 ve hayalg\u00fc\u00e7lerinipeki\u015ftirmek i\u00e7in tasarlanm\u0131\u015f bir\u00e7ok sanat dolu aktivite i\u00e7ermektedir! Resim, m\u00fczik, heykel, elsanatlar\u0131 ve kes-yap\u0131\u015ft\u0131r aktivitelerinin yan\u0131s\u0131ra \u00e7ocuklar\u0131n kolayca anlayabilece\u011fi bir dil vey\u00f6nlendirmelere sahiptir. Her ya\u015f ve deneyim seviyesindeki \u00e7ocuk, aileleriyle birlikte bu ilgi\u00e7ekici sanat aktivitelerinin keyfine varabilir ve keyifli vakit ge\u00e7irebilir&#8230;Kitab\u0131n i\u00e7eri\u011fiRenkli ve e\u011flenceli \u00e7izimler \u0130lgi \u00e7ekici aktivitelerKolay ve anla\u015f\u0131labilir y\u00f6nlendirmelerEl sanatlar\u0131 i\u00e7in her evde bulunabilecek malzemelerKa\u011f\u0131t kesme, boyama, renk kar\u0131\u015ft\u0131rma vb. konularda yararl\u0131 ipu\u00e7lar\u0131. <\/p>\n","protected":false},"excerpt":{"rendered":"<p>Bu e\u011flenceli kitap 3 ile 9 ya\u015f aras\u0131 \u00e7ocuklar\u0131n yarat\u0131c\u0131 zekalar\u0131n\u0131 ve hayalg\u00fc\u00e7lerinipeki\u015ftirmek i\u00e7in tasarlanm\u0131\u015f bir\u00e7ok sanat dolu aktivite i\u00e7ermektedir! Resim, m\u00fczik, heykel, elsanatlar\u0131 ve kes-yap\u0131\u015ft\u0131r<span class=\"excerpt-hellip\"> [\u2026]<\/span><\/p>\n","protected":false},"featured_media":0,"template":"","meta":{"_monsterinsights_skip_tracking":false,"_monsterinsights_sitenote_active":false,"_monsterinsights_sitenote_note":"","_monsterinsights_sitenote_category":0},"product_brand":[],"product_cat":[12274,12649],"product_tag":[],"class_list":{"0":"post-698979","1":"product","2":"type-product","3":"status-publish","5":"product_cat-cocuk-ve-genclik-kitaplari","6":"product_cat-hobi-muzik","7":"pa_tur-kitap","8":"pa_yayinevi-parilti-yayinlari","9":"pa_yazar-kolektif","11":"first","12":"instock","13":"sale","14":"shipping-taxable","15":"purchasable","16":"product-type-simple"},"_links":{"self":[{"href":"https:\/\/roveyayinevi.com.tr\/index.php\/wp-json\/wp\/v2\/product\/698979","targetHints":{"allow":["GET"]}}],"collection":[{"href":"https:\/\/roveyayinevi.com.tr\/index.php\/wp-json\/wp\/v2\/product"}],"about":[{"href":"https:\/\/roveyayinevi.com.tr\/index.php\/wp-json\/wp\/v2\/types\/product"}],"wp:attachment":[{"href":"https:\/\/roveyayinevi.com.tr\/index.php\/wp-json\/wp\/v2\/media?parent=698979"}],"wp:term":[{"taxonomy":"product_brand","embeddable":true,"href":"https:\/\/roveyayinevi.com.tr\/index.php\/wp-json\/wp\/v2\/product_brand?post=698979"},{"taxonomy":"product_cat","embeddable":true,"href":"https:\/\/roveyayinevi.com.tr\/index.php\/wp-json\/wp\/v2\/product_cat?post=698979"},{"taxonomy":"product_tag","embeddable":true,"href":"https:\/\/roveyayinevi.com.tr\/index.php\/wp-json\/wp\/v2\/product_tag?post=698979"}],"curies":[{"name":"wp","href":"https:\/\/api.w.org\/{rel}","templated":true}]}}