{"id":698977,"date":"2025-08-27T14:48:22","date_gmt":"2025-08-27T11:48:22","guid":{"rendered":"https:\/\/roveyayinevi.com.tr\/index.php\/urun\/sirca-fanus\/"},"modified":"2026-04-16T02:08:22","modified_gmt":"2026-04-15T23:08:22","slug":"sirca-fanus","status":"publish","type":"product","link":"https:\/\/roveyayinevi.com.tr\/index.php\/urun\/sirca-fanus\/","title":{"rendered":"S\u0131r\u00e7a Fanus"},"content":{"rendered":"<p>\u201cNe\u015feli, h\u00fcz\u00fcnl\u00fc, yal\u0131n, parlak ve do\u011fal. En \u00fcst\u00fcn niteli\u011fiyse \u015fa\u015f\u0131rt\u0131c\u0131 derecede dolays\u0131z olu\u015fu, t\u0131pk\u0131 g\u00fcpeg\u00fcnd\u00fcz \u00e7ekilmi\u015f bir dizi foto\u011fraf gibi.\u201d TimeParlak bir \u00fcniversite \u00f6\u011frencisi olan Esther Greenwood, 1950\u2019lerde yay\u0131n d\u00fcnyas\u0131nda ac\u0131mas\u0131z bir rekabetin s\u00fcrd\u00fc\u011f\u00fc New York\u2019a b\u00fcy\u00fck hayallerle gelir ve \u00f6nemli bir moda dergisinde i\u015f bulur. Kap\u0131ld\u0131\u011f\u0131 beklentilerle kar\u015f\u0131s\u0131na \u00e7\u0131kan f\u0131rsatlar\u0131n yo\u011funlu\u011fu, masumlu\u011funu yitiren gen\u00e7 k\u0131z\u0131n zamanla kald\u0131ramayaca\u011f\u0131 bir boyuta ula\u015f\u0131r ve Esther kendini tam bir karabasan\u0131n i\u00e7inde bulur. Kimlik aray\u0131\u015f\u0131 pe\u015finde \u00fcrk\u00fct\u00fcc\u00fc bir yola giren duyarl\u0131 ve hevesli bir gen\u00e7 kad\u0131n\u0131n \u00fcniversite y\u0131llar\u0131, erkeklerle ili\u015fkileri, ya\u015fad\u0131\u011f\u0131 \u00e7\u00f6k\u00fc\u015f, intihar giri\u015fimleri ve g\u00f6rd\u00fc\u011f\u00fc psikolojik tedaviler mizahi bak\u0131\u015f a\u00e7\u0131s\u0131 unutulmadan son derece i\u00e7tenlikle i\u015flenmi\u015f.Sylvia Plath\u2019\u0131n kendi ya\u015fam\u0131ndan yola \u00e7\u0131karak kaleme ald\u0131\u011f\u0131 ve ilk kez 1963 y\u0131l\u0131nda, \u00f6l\u00fcm\u00fcnden bir ay \u00f6nce, ba\u015fka bir isim alt\u0131nda yay\u0131mlatmay\u0131 ba\u015farabildi\u011fi S\u0131r\u00e7a Fanus, o g\u00fcn\u00fcn oldu\u011fu kadar bug\u00fcn\u00fcn insan\u0131n\u0131n da metropol ya\u015fam\u0131ndaki yabanc\u0131la\u015fmas\u0131n\u0131 anlatan modern bir klasik haline gelmi\u015ftir. 20. Y\u00fczy\u0131l Amerikan edebiyat\u0131n\u0131n melankolik prensesi Sylvia Plath\u2019\u0131n ba\u015fyap\u0131t\u0131n\u0131n, \u00f6l\u00fcm\u00fcn\u00fcn ve kitab\u0131n yay\u0131mlan\u0131\u015f\u0131n\u0131n 50. y\u0131l\u0131nda, g\u00f6zden ge\u00e7irilmi\u015f bask\u0131s\u0131n\u0131 okurlar\u0131m\u0131za sunuyoruz.<\/p>\n","protected":false},"excerpt":{"rendered":"<p>\u201cNe\u015feli, h\u00fcz\u00fcnl\u00fc, yal\u0131n, parlak ve do\u011fal. En \u00fcst\u00fcn niteli\u011fiyse \u015fa\u015f\u0131rt\u0131c\u0131 derecede dolays\u0131z olu\u015fu, t\u0131pk\u0131 g\u00fcpeg\u00fcnd\u00fcz \u00e7ekilmi\u015f bir dizi foto\u011fraf gibi.\u201d TimeParlak bir \u00fcniversite \u00f6\u011frencisi olan Esther<span class=\"excerpt-hellip\"> [\u2026]<\/span><\/p>\n","protected":false},"featured_media":0,"template":"","meta":{"_monsterinsights_skip_tracking":false,"_monsterinsights_sitenote_active":false,"_monsterinsights_sitenote_note":"","_monsterinsights_sitenote_category":0},"product_brand":[],"product_cat":[12291,13113],"product_tag":[],"class_list":{"0":"post-698977","1":"product","2":"type-product","3":"status-publish","5":"product_cat-edebiyat","6":"product_cat-ispanyol-edebiyati","7":"pa_cilt-ciltsiz","8":"pa_tur-kitap","9":"pa_yayinevi-kirmizi-kedi-yayinevi","10":"pa_yazar-sylvia-plath","12":"first","13":"instock","14":"sale","15":"shipping-taxable","16":"purchasable","17":"product-type-simple"},"_links":{"self":[{"href":"https:\/\/roveyayinevi.com.tr\/index.php\/wp-json\/wp\/v2\/product\/698977","targetHints":{"allow":["GET"]}}],"collection":[{"href":"https:\/\/roveyayinevi.com.tr\/index.php\/wp-json\/wp\/v2\/product"}],"about":[{"href":"https:\/\/roveyayinevi.com.tr\/index.php\/wp-json\/wp\/v2\/types\/product"}],"wp:attachment":[{"href":"https:\/\/roveyayinevi.com.tr\/index.php\/wp-json\/wp\/v2\/media?parent=698977"}],"wp:term":[{"taxonomy":"product_brand","embeddable":true,"href":"https:\/\/roveyayinevi.com.tr\/index.php\/wp-json\/wp\/v2\/product_brand?post=698977"},{"taxonomy":"product_cat","embeddable":true,"href":"https:\/\/roveyayinevi.com.tr\/index.php\/wp-json\/wp\/v2\/product_cat?post=698977"},{"taxonomy":"product_tag","embeddable":true,"href":"https:\/\/roveyayinevi.com.tr\/index.php\/wp-json\/wp\/v2\/product_tag?post=698977"}],"curies":[{"name":"wp","href":"https:\/\/api.w.org\/{rel}","templated":true}]}}