{"id":698975,"date":"2025-08-27T14:48:22","date_gmt":"2025-08-27T11:48:22","guid":{"rendered":"https:\/\/roveyayinevi.com.tr\/index.php\/urun\/oruc-beg-tarihi\/"},"modified":"2026-04-16T02:08:22","modified_gmt":"2026-04-15T23:08:22","slug":"oruc-beg-tarihi","status":"publish","type":"product","link":"https:\/\/roveyayinevi.com.tr\/index.php\/urun\/oruc-beg-tarihi\/","title":{"rendered":"Oru\u00e7 Be\u011f Tarihi"},"content":{"rendered":"<p>Edirneli Oru\u00e7 Be\u011f, Sultan II. Bayezid devri (1481-1512) tarih yazarlar\u0131ndand\u0131r. Oru\u00e7 Be\u011f, eski Osmanl\u0131 ba\u015fkenti Edirne\u2019de, olaylar\u0131 bir bir kaydeden titiz ve \u00e7al\u0131\u015fkan bir tarih\u00e7i g\u00f6r\u00fcn\u00fcm\u00fc veriyor. Oru\u00e7 Be\u011f, eserini yazarken daha \u00f6nce yaz\u0131lm\u0131\u015f baz\u0131 Osmanl\u0131 tarih kaynaklar\u0131n\u0131 kulland\u0131; ancak bu kaynaklardan edindi\u011fi bilgilere ravilerle g\u00f6rg\u00fc \u015fahitlerinin s\u00f6ylediklerini ve kendi g\u00f6zlemlerini de ustaca ekleme becerisini g\u00f6sterdi. Oru\u00e7 Be\u011f; bilhassa Edirne ve \u00e7evresinde meydana gelen olaylar\u0131, Rumeli\u2019ye d\u00fczenlenen seferleri, \u201cf\u0131rt\u0131na\u201d, \u201csel\u201d ve \u201cdeprem\u201d gibi tabii \u00e2fetleri, \u201cyang\u0131n\u201d ve \u201csalg\u0131n hastal\u0131klar\u0131\u201d, \u201cay ve g\u00fcne\u015f tutulmas\u0131\u201d gibi astronomik olaylar\u0131 b\u00fcy\u00fck bir titizlikle ve kronolojik ayr\u0131nt\u0131lar\u0131yla kaydetti. Oru\u00e7 Be\u011f Tarihi\u2019nin, \u00f6zellikle \u00e7a\u011fda\u015f oldu\u011fu II. Bayezid devri ile ilgili k\u0131sm\u0131 haber ve kronoloji bak\u0131m\u0131ndan olduk\u00e7a zengindir. Kemalpa\u015faz\u00e2de, Hoca Sadeddin ve Gelibolulu Mustafa \u00c2l\u00ee gibi 16. y\u00fczy\u0131l\u0131n \u00e2lim tarih\u00e7ilerinin baz\u0131 bilgileri isim vermeden de olsa, onun eserinden do\u011frudan ya da dolayl\u0131 olarak alm\u0131\u015f olmalar\u0131 Oru\u00e7\u2019un eserinin g\u00fcvenilirli\u011fini g\u00f6sterir.Edirne a\u011fz\u0131n\u0131, dolay\u0131s\u0131yla da Balkan T\u00fcrk\u00e7esini k\u0131smen kullanan Oru\u00e7\u2019un eserindeki kelime hazinesi ve deyimler, eski T\u00fcrk dili \u00e7al\u0131\u015fmalar\u0131 i\u00e7in zengin malzeme olu\u015fturur.1288-1502 y\u0131llar\u0131 aras\u0131ndaki olaylar\u0131n tasvir edildi\u011fi Oru\u00e7 Be\u011f\u2019in bu tarih kayna\u011f\u0131, 14-15. y\u00fczy\u0131l Osmanl\u0131 tarihi ara\u015ft\u0131rmalar\u0131 i\u00e7in ihmal edilmemesi gereken bir eserdir. Oru\u00e7 Be\u011f, g\u00fcn\u00fcm\u00fcz tarih\u00e7ilerine ve tarihseverlere, \u00f6zellikle II. Bayezid devri i\u00e7in paha bi\u00e7ilmez de\u011ferde orijinal bilgiler sunmaktad\u0131r. <\/p>\n","protected":false},"excerpt":{"rendered":"<p>Edirneli Oru\u00e7 Be\u011f, Sultan II. Bayezid devri (1481-1512) tarih yazarlar\u0131ndand\u0131r. Oru\u00e7 Be\u011f, eski Osmanl\u0131 ba\u015fkenti Edirne\u2019de, olaylar\u0131 bir bir kaydeden titiz ve \u00e7al\u0131\u015fkan bir tarih\u00e7i g\u00f6r\u00fcn\u00fcm\u00fc<span class=\"excerpt-hellip\"> [\u2026]<\/span><\/p>\n","protected":false},"featured_media":0,"template":"","meta":{"_monsterinsights_skip_tracking":false,"_monsterinsights_sitenote_active":false,"_monsterinsights_sitenote_note":"","_monsterinsights_sitenote_category":0},"product_brand":[],"product_cat":[13517,12304],"product_tag":[],"class_list":{"0":"post-698975","1":"product","2":"type-product","3":"status-publish","5":"product_cat-osmanli-tarihi","6":"product_cat-tarih","7":"pa_tur-kitap","8":"pa_yayinevi-bilge-kultur-sanat","9":"pa_yazar-necdet-ozturk","11":"first","12":"instock","13":"sale","14":"shipping-taxable","15":"purchasable","16":"product-type-simple"},"_links":{"self":[{"href":"https:\/\/roveyayinevi.com.tr\/index.php\/wp-json\/wp\/v2\/product\/698975","targetHints":{"allow":["GET"]}}],"collection":[{"href":"https:\/\/roveyayinevi.com.tr\/index.php\/wp-json\/wp\/v2\/product"}],"about":[{"href":"https:\/\/roveyayinevi.com.tr\/index.php\/wp-json\/wp\/v2\/types\/product"}],"wp:attachment":[{"href":"https:\/\/roveyayinevi.com.tr\/index.php\/wp-json\/wp\/v2\/media?parent=698975"}],"wp:term":[{"taxonomy":"product_brand","embeddable":true,"href":"https:\/\/roveyayinevi.com.tr\/index.php\/wp-json\/wp\/v2\/product_brand?post=698975"},{"taxonomy":"product_cat","embeddable":true,"href":"https:\/\/roveyayinevi.com.tr\/index.php\/wp-json\/wp\/v2\/product_cat?post=698975"},{"taxonomy":"product_tag","embeddable":true,"href":"https:\/\/roveyayinevi.com.tr\/index.php\/wp-json\/wp\/v2\/product_tag?post=698975"}],"curies":[{"name":"wp","href":"https:\/\/api.w.org\/{rel}","templated":true}]}}