{"id":698974,"date":"2025-08-27T14:48:21","date_gmt":"2025-08-27T11:48:21","guid":{"rendered":"https:\/\/roveyayinevi.com.tr\/index.php\/urun\/quinx-ya-da-kusursuz-adamin-oykusu-avignon-beslisi-5\/"},"modified":"2026-04-16T02:08:22","modified_gmt":"2026-04-15T23:08:22","slug":"quinx-ya-da-kusursuz-adamin-oykusu-avignon-beslisi-5","status":"publish","type":"product","link":"https:\/\/roveyayinevi.com.tr\/index.php\/urun\/quinx-ya-da-kusursuz-adamin-oykusu-avignon-beslisi-5\/","title":{"rendered":"Quinx ya da Kusursuz Adam\u0131n \u00d6yk\u00fcs\u00fc   Avignon Be\u015flisi &#8211; 5"},"content":{"rendered":"<p>Yapraklar\u0131n\u0131 d\u00f6ken bir a\u011fa\u00e7 gibi, her renk ve b\u00fcy\u00fckl\u00fckte not k\u00e2\u011f\u0131tlar\u0131&#8230; Bir gece \u00f6nce, e\u011fer tekrar yazacak olursa bunun \u00f6nceden tasarlamadan, notsuz, plans\u0131z, t\u0131pk\u0131 bir yaz g\u00fcne\u015finde \u015fark\u0131 s\u00f6yleyen bir a\u011fustosb\u00f6ce\u011fininki gibi kendili\u011finden olmas\u0131na karar vermi\u015fti.    \u0130kinci D\u00fcnya sava\u015f\u0131 sonras\u0131. Hayatta kalanlar hik\u00e2yenin ba\u015flad\u0131\u011f\u0131 yerde yeniden bulu\u015fuyor: Hazine avc\u0131lar\u0131, mistikler, psikanalistler ve eski Naziler y\u00fczy\u0131llar \u00f6nce Tap\u0131nak \u015e\u00f6valyeleri taraf\u0131ndan G\u00fcney Fransa\u2019da bir yere g\u00f6m\u00fclen hazineyi bulmak i\u00e7in birbirleriyle yar\u0131\u015f\u0131yor. Bu s\u0131rada baz\u0131 eski ili\u015fkiler \u00e7\u00f6z\u00fcl\u00fcyor ve ge\u00e7mi\u015fin baz\u0131 karanl\u0131k s\u0131rlar\u0131 a\u00e7\u0131\u011fa \u00e7\u0131k\u0131yor.   Avignon Be\u015flisi\u2019ni bu kitapla tamamlayan Durrell muzip oyunbazl\u0131\u011f\u0131n\u0131 ve u\u00e7suz bucaks\u0131z hayal g\u00fcc\u00fcn\u00fc Quinx\u2019te de sergiliyor.    \u201cDurrell felsefi bir kelime oyunuyla bize \u2018kozmik\u2019 ile \u2018komik\u2019 olan\u0131n ne kadar birbirine yak\u0131n oldu\u011funu g\u00f6steriyor\u2026\u201d    Los Angeles Times <\/p>\n","protected":false},"excerpt":{"rendered":"<p>Yapraklar\u0131n\u0131 d\u00f6ken bir a\u011fa\u00e7 gibi, her renk ve b\u00fcy\u00fckl\u00fckte not k\u00e2\u011f\u0131tlar\u0131&#8230; Bir gece \u00f6nce, e\u011fer tekrar yazacak olursa bunun \u00f6nceden tasarlamadan, notsuz, plans\u0131z, t\u0131pk\u0131 bir yaz<span class=\"excerpt-hellip\"> [\u2026]<\/span><\/p>\n","protected":false},"featured_media":0,"template":"","meta":{"_monsterinsights_skip_tracking":false,"_monsterinsights_sitenote_active":false,"_monsterinsights_sitenote_note":"","_monsterinsights_sitenote_category":0},"product_brand":[],"product_cat":[12291,12866],"product_tag":[],"class_list":{"0":"post-698974","1":"product","2":"type-product","3":"status-publish","5":"product_cat-edebiyat","6":"product_cat-ingiliz-edebiyati","7":"pa_cilt-ciltsiz","8":"pa_tur-kitap","9":"pa_yayinevi-can-yayinlari","10":"pa_yazar-lawrence-durrell","12":"first","13":"instock","14":"sale","15":"shipping-taxable","16":"purchasable","17":"product-type-simple"},"_links":{"self":[{"href":"https:\/\/roveyayinevi.com.tr\/index.php\/wp-json\/wp\/v2\/product\/698974","targetHints":{"allow":["GET"]}}],"collection":[{"href":"https:\/\/roveyayinevi.com.tr\/index.php\/wp-json\/wp\/v2\/product"}],"about":[{"href":"https:\/\/roveyayinevi.com.tr\/index.php\/wp-json\/wp\/v2\/types\/product"}],"wp:attachment":[{"href":"https:\/\/roveyayinevi.com.tr\/index.php\/wp-json\/wp\/v2\/media?parent=698974"}],"wp:term":[{"taxonomy":"product_brand","embeddable":true,"href":"https:\/\/roveyayinevi.com.tr\/index.php\/wp-json\/wp\/v2\/product_brand?post=698974"},{"taxonomy":"product_cat","embeddable":true,"href":"https:\/\/roveyayinevi.com.tr\/index.php\/wp-json\/wp\/v2\/product_cat?post=698974"},{"taxonomy":"product_tag","embeddable":true,"href":"https:\/\/roveyayinevi.com.tr\/index.php\/wp-json\/wp\/v2\/product_tag?post=698974"}],"curies":[{"name":"wp","href":"https:\/\/api.w.org\/{rel}","templated":true}]}}