{"id":698970,"date":"2025-08-27T14:48:20","date_gmt":"2025-08-27T11:48:20","guid":{"rendered":"https:\/\/roveyayinevi.com.tr\/index.php\/urun\/tarikatname\/"},"modified":"2026-04-16T02:08:22","modified_gmt":"2026-04-15T23:08:22","slug":"tarikatname","status":"publish","type":"product","link":"https:\/\/roveyayinevi.com.tr\/index.php\/urun\/tarikatname\/","title":{"rendered":"Tarikatname"},"content":{"rendered":"<p>Tarikatlar\u2026T\u00fcrk-\u0130slam k\u00fclt\u00fcr\u00fcn\u00fcn k\u00f6\u015fe ta\u015flar\u0131ndan biri\u2026Hi\u00e7bir zorunlu ba\u011flay\u0131c\u0131l\u0131\u011f\u0131 olmayan, ancak ba\u011flanan\u0131n b\u00fct\u00fcn varl\u0131\u011f\u0131 ile ba\u011fland\u0131\u011f\u0131 yollar\u2026 Kimi sonsuz g\u00fczellik ve mutlulu\u011fa, kimi yan\u0131lg\u0131 ve hayal k\u0131r\u0131kl\u0131\u011f\u0131na a\u00e7\u0131lan \u00e7e\u015fit \u00e7e\u015fit yollar\u2026 Asl\u0131nda bu yollar hep vard\u0131lar. \u00c7\u00fcnk\u00fc hi\u00e7bir zaman bir resm\u00ee d\u00fczenlemeye ihtiya\u00e7 duymad\u0131lar. Ancak bu yollar\u0131n yolcusu kimi \u015feyhler, h\u00fck\u00fcmdarlara h\u00fckmettiler, kimi dervi\u015f ve g\u00f6n\u00fcl erleri y\u00fczy\u0131llarca her kesimden, her t\u00fcrden insan\u0131n g\u00f6n\u00fcl tellerini titrettiler. Peki!.. Kimdi bu \u015feyhler, bu dervi\u015fler? Nereden, hangi kaynaklardan ve kurallardan al\u0131yorlard\u0131 bu etkilerini, g\u00fc\u00e7lerini? Buna benzer daha pek \u00e7ok soru, d\u00fcn oldu\u011fu gibi bug\u00fcn de, g\u00fcndemimizdeki yerini koruyor. Tar\u00eekatn\u00e2me, tarikat ve tasavvuf d\u00fcnyas\u0131n\u0131n \u00f6nde gelenlerinden Az\u00eez Mahm\u00fbd H\u00fcd\u00e2y\u00ee\u2019nin kaleminden \u00e7\u0131km\u0131\u015f bir eser. Tarikatlardaki adap ve usul\u00fc birinci a\u011f\u0131zdan ortaya koyuyor ve bug\u00fcn de ak\u0131llara tak\u0131lan baz\u0131 sorulara \u0131\u015f\u0131k tutuyor. <\/p>\n","protected":false},"excerpt":{"rendered":"<p>Tarikatlar\u2026T\u00fcrk-\u0130slam k\u00fclt\u00fcr\u00fcn\u00fcn k\u00f6\u015fe ta\u015flar\u0131ndan biri\u2026Hi\u00e7bir zorunlu ba\u011flay\u0131c\u0131l\u0131\u011f\u0131 olmayan, ancak ba\u011flanan\u0131n b\u00fct\u00fcn varl\u0131\u011f\u0131 ile ba\u011fland\u0131\u011f\u0131 yollar\u2026 Kimi sonsuz g\u00fczellik ve mutlulu\u011fa, kimi yan\u0131lg\u0131 ve hayal k\u0131r\u0131kl\u0131\u011f\u0131na a\u00e7\u0131lan<span class=\"excerpt-hellip\"> [\u2026]<\/span><\/p>\n","protected":false},"featured_media":0,"template":"","meta":{"_monsterinsights_skip_tracking":false,"_monsterinsights_sitenote_active":false,"_monsterinsights_sitenote_note":"","_monsterinsights_sitenote_category":0},"product_brand":[],"product_cat":[12718,12719,12720],"product_tag":[],"class_list":{"0":"post-698970","1":"product","2":"type-product","3":"status-publish","5":"product_cat-din","6":"product_cat-islam","7":"product_cat-tasavvuf-mezhepler-tarikatlar","8":"pa_tur-kitap","9":"pa_yayinevi-bilge-kultur-sanat","10":"pa_yazar-aziz-mahmud-hudayi","12":"first","13":"instock","14":"sale","15":"shipping-taxable","16":"purchasable","17":"product-type-simple"},"_links":{"self":[{"href":"https:\/\/roveyayinevi.com.tr\/index.php\/wp-json\/wp\/v2\/product\/698970","targetHints":{"allow":["GET"]}}],"collection":[{"href":"https:\/\/roveyayinevi.com.tr\/index.php\/wp-json\/wp\/v2\/product"}],"about":[{"href":"https:\/\/roveyayinevi.com.tr\/index.php\/wp-json\/wp\/v2\/types\/product"}],"wp:attachment":[{"href":"https:\/\/roveyayinevi.com.tr\/index.php\/wp-json\/wp\/v2\/media?parent=698970"}],"wp:term":[{"taxonomy":"product_brand","embeddable":true,"href":"https:\/\/roveyayinevi.com.tr\/index.php\/wp-json\/wp\/v2\/product_brand?post=698970"},{"taxonomy":"product_cat","embeddable":true,"href":"https:\/\/roveyayinevi.com.tr\/index.php\/wp-json\/wp\/v2\/product_cat?post=698970"},{"taxonomy":"product_tag","embeddable":true,"href":"https:\/\/roveyayinevi.com.tr\/index.php\/wp-json\/wp\/v2\/product_tag?post=698970"}],"curies":[{"name":"wp","href":"https:\/\/api.w.org\/{rel}","templated":true}]}}