{"id":698969,"date":"2025-08-27T14:48:20","date_gmt":"2025-08-27T11:48:20","guid":{"rendered":"https:\/\/roveyayinevi.com.tr\/index.php\/urun\/ilahi-kromozom\/"},"modified":"2026-04-16T02:08:22","modified_gmt":"2026-04-15T23:08:22","slug":"ilahi-kromozom","status":"publish","type":"product","link":"https:\/\/roveyayinevi.com.tr\/index.php\/urun\/ilahi-kromozom\/","title":{"rendered":"\u0130lahi Kromozom"},"content":{"rendered":"<p>Ailede veya \u00e7ok yak\u0131n \u00e7evremizde b\u00f6yle biri yoksa, \u201cengelli\u201d kavram\u0131 bizim hayat\u0131m\u0131zda da genellikle yoktur. Sanki herkes olmas\u0131 gerekti\u011fi gibidir. Her g\u00fcn \u00f6n\u00fcnden ge\u00e7ip gitti\u011fimiz, kimi zaman g\u00f6rmezden gelip yok sayd\u0131\u011f\u0131m\u0131z, kimi zaman da g\u00f6r\u00fcn\u00fc\u015f\u00fcndeki bariz farkl\u0131l\u0131ktan dolay\u0131 g\u00f6zlerimizi dikip, bak\u0131\u015flar\u0131m\u0131zla oldu\u011fundan daha rahats\u0131z hale getirdi\u011fimiz ka\u00e7 ki\u015fi var acaba, hi\u00e7 d\u00fc\u015f\u00fcnd\u00fcn\u00fcz m\u00fc? <\/p>\n","protected":false},"excerpt":{"rendered":"<p>Ailede veya \u00e7ok yak\u0131n \u00e7evremizde b\u00f6yle biri yoksa, \u201cengelli\u201d kavram\u0131 bizim hayat\u0131m\u0131zda da genellikle yoktur. Sanki herkes olmas\u0131 gerekti\u011fi gibidir. Her g\u00fcn \u00f6n\u00fcnden ge\u00e7ip gitti\u011fimiz, kimi<span class=\"excerpt-hellip\"> [\u2026]<\/span><\/p>\n","protected":false},"featured_media":0,"template":"","meta":{"_monsterinsights_skip_tracking":false,"_monsterinsights_sitenote_active":false,"_monsterinsights_sitenote_note":"","_monsterinsights_sitenote_category":0},"product_brand":[],"product_cat":[18545,12291],"product_tag":[],"class_list":{"0":"post-698969","1":"product","2":"type-product","3":"status-publish","5":"product_cat-anlati","6":"product_cat-edebiyat","7":"pa_tur-kitap","8":"pa_yayinevi-atac-yayinlari","9":"pa_yazar-ayfer-albayrak","11":"first","12":"instock","13":"sale","14":"shipping-taxable","15":"purchasable","16":"product-type-simple"},"_links":{"self":[{"href":"https:\/\/roveyayinevi.com.tr\/index.php\/wp-json\/wp\/v2\/product\/698969","targetHints":{"allow":["GET"]}}],"collection":[{"href":"https:\/\/roveyayinevi.com.tr\/index.php\/wp-json\/wp\/v2\/product"}],"about":[{"href":"https:\/\/roveyayinevi.com.tr\/index.php\/wp-json\/wp\/v2\/types\/product"}],"wp:attachment":[{"href":"https:\/\/roveyayinevi.com.tr\/index.php\/wp-json\/wp\/v2\/media?parent=698969"}],"wp:term":[{"taxonomy":"product_brand","embeddable":true,"href":"https:\/\/roveyayinevi.com.tr\/index.php\/wp-json\/wp\/v2\/product_brand?post=698969"},{"taxonomy":"product_cat","embeddable":true,"href":"https:\/\/roveyayinevi.com.tr\/index.php\/wp-json\/wp\/v2\/product_cat?post=698969"},{"taxonomy":"product_tag","embeddable":true,"href":"https:\/\/roveyayinevi.com.tr\/index.php\/wp-json\/wp\/v2\/product_tag?post=698969"}],"curies":[{"name":"wp","href":"https:\/\/api.w.org\/{rel}","templated":true}]}}